{"id":9589,"date":"2026-05-06T18:39:00","date_gmt":"2026-05-06T17:39:00","guid":{"rendered":"https:\/\/igualdad.us.es\/wpblog\/?page_id=9589"},"modified":"2026-05-06T18:45:22","modified_gmt":"2026-05-06T17:45:22","slug":"estudiantes-en-practicas","status":"publish","type":"page","link":"https:\/\/igualdad.us.es\/wpblog\/concocenos\/estudiantes-en-practicas\/","title":{"rendered":"Estudiantes en pr\u00e1cticas"},"content":{"rendered":"<h2><span style=\"color: #993366;\">estudiantes en pr\u00e1cticas<\/span><\/h2>\n<p>&nbsp;<\/p>\n<table style=\"width: 100%; height: 1564px;\">\n<tbody>\n<tr style=\"height: 36px;\">\n<td style=\"height: 36px; width: 99.901%;\" colspan=\"2\" width=\"566\"><span style=\"color: #993366;\"><strong>Curso 2025\/2026<\/strong><\/span><\/td>\n<\/tr>\n<tr style=\"height: 180px;\">\n<td style=\"height: 180px; width: 18.2178%;\" width=\"169\"><img loading=\"lazy\" decoding=\"async\" class=\"alignnone size-thumbnail wp-image-9591 aligncenter\" src=\"https:\/\/igualdad.us.es\/wpblog\/wp-content\/uploads\/2026\/05\/Practicas_25-2026_ANGELA-CHAPARRO-FERRER-142x150.png\" alt=\"\" width=\"142\" height=\"150\" \/><\/td>\n<td style=\"height: 180px; width: 81.6832%;\" width=\"397\">\u00c1NGELA CHAPARRO FERRER DE COUTO<\/p>\n<p>Estudiante de cuarto a\u00f1o del Grado en Psicolog\u00eda de la Universidad de Sevilla. Una vez finalizado el grado, le gustar\u00eda continuar sus estudios con el M\u00e1ster de Psicolog\u00eda General Sanitaria y el de Psicolog\u00eda de la Intervenci\u00f3n Social y Comunitaria.<\/p>\n<p>Correo: <a href=\"mailto:angelacfdc4@gmail.com\">angelacfdc4@gmail.com<\/a><\/td>\n<\/tr>\n<tr style=\"height: 240px;\">\n<td style=\"height: 240px; width: 18.2178%;\" width=\"169\"><img loading=\"lazy\" decoding=\"async\" class=\"size-thumbnail wp-image-9592 aligncenter\" src=\"https:\/\/igualdad.us.es\/wpblog\/wp-content\/uploads\/2026\/05\/Practicas_25-2026_JUDITH-LLORENTE-147x150.png\" alt=\"\" width=\"147\" height=\"150\" \/><\/td>\n<td style=\"height: 240px; width: 81.6832%;\" width=\"397\">JUDITH LLORENTE BECERRIL<\/p>\n<p>Graduada en el Grado de Criminolog\u00eda por la Universidad del Pa\u00eds Vasco, graduada en el M\u00e1ster de Criminolog\u00eda y Ciencias Forenses por la Universidad Pablo de Olavide y actual estudiante del M\u00e1ster de Estudios de G\u00e9nero y Desarrollo Profesional de la Universidad de Sevilla.<\/p>\n<p>Correo: <a href=\"mailto:judllobec@alum.us.es\">judllobec@alum.us.es<\/a> \/ <a href=\"mailto:llorentejudith6@gmail.com\">llorentejudith6@gmail.com<\/a><\/p>\n<p>&nbsp;<\/td>\n<\/tr>\n<tr style=\"height: 216px;\">\n<td style=\"height: 216px; width: 18.2178%;\" width=\"169\"><img loading=\"lazy\" decoding=\"async\" class=\"alignnone size-full wp-image-9593 aligncenter\" src=\"https:\/\/igualdad.us.es\/wpblog\/wp-content\/uploads\/2026\/05\/Practicas_25-2026_DANIELA-CHINEA.png\" alt=\"\" width=\"149\" height=\"149\" \/><\/td>\n<td style=\"height: 216px; width: 81.6832%;\" width=\"397\">DANIELA CHINEA DE LA PAZ<\/p>\n<p>Graduada en Trabajo social por la Universidad de La Laguna\u00a0 y actual estudiante del M\u00e1ster de Estudios de G\u00e9nero y Desarrollo Profesional de la Universidad de Sevilla.<\/p>\n<p>Correo: <a href=\"mailto:danchide@alum.us.es\">danchide@alum.us.es<\/a><\/p>\n<p>&nbsp;<\/td>\n<\/tr>\n<tr style=\"height: 264px;\">\n<td style=\"height: 244px; width: 18.2178%;\" width=\"169\"><img loading=\"lazy\" decoding=\"async\" class=\"alignnone size-thumbnail wp-image-9594 aligncenter\" src=\"https:\/\/igualdad.us.es\/wpblog\/wp-content\/uploads\/2026\/05\/Practicas_25-2026_MIRIAM-JIMENEZ-128x150.png\" alt=\"\" width=\"128\" height=\"150\" \/><\/td>\n<td style=\"height: 244px; width: 81.6832%;\" width=\"397\">MIRIAM JIM\u00c9NEZ JIM\u00c9NEZ<\/p>\n<p>Graduada en Educaci\u00f3n Infantil en la Universidad de Sevilla, graduada en M\u00e1ster Universitario en Direcci\u00f3n, Evaluaci\u00f3n y Calidad de las Instituciones de Formaci\u00f3n en Universidad de Sevilla y, Master Universitario en Profesorado de Educaci\u00f3n Secundaria Obligatoria y Bachillerato, Formaci\u00f3n Profesional y Ense\u00f1anza de Idiomas por la Universidad de Sevilla. Actualmente, estudiante del M\u00e1ster de Estudios de G\u00e9nero y Desarrollo Profesional de la Universidad de Sevilla.<\/p>\n<p>Correo: <a href=\"mailto:miriamjj30@gmail.com\">miriamjj30@gmail.com<\/a><\/p>\n<p>&nbsp;<\/td>\n<\/tr>\n<tr style=\"height: 180px;\">\n<td style=\"height: 180px; width: 18.2178%;\" width=\"169\"><img loading=\"lazy\" decoding=\"async\" class=\"alignnone size-thumbnail wp-image-9595 aligncenter\" src=\"https:\/\/igualdad.us.es\/wpblog\/wp-content\/uploads\/2026\/05\/Practicas_25-2026_PAULA-SANTANA-150x150.jpg\" alt=\"\" width=\"150\" height=\"150\" \/><\/td>\n<td style=\"height: 180px; width: 81.6832%;\" width=\"397\">PAULA SANTANA ADAMAS<\/p>\n<p>Trabajadora Social, graduada en la Universidad de La Frontera, Chile, y actual estudiante de M\u00e1ster en Estudios de G\u00e9nero y Desarrollo Profesional de la Universidad de Sevilla.<\/p>\n<p>Correo: <a href=\"mailto:pausanada@alum.us.es\">pausanada@alum.us.es<\/a> \/ <a href=\"mailto:p.santana01@ufromail.cl\">p.santana01@ufromail.cl<\/a><\/td>\n<\/tr>\n<tr style=\"height: 228px;\">\n<td style=\"height: 228px; width: 18.2178%;\" width=\"169\"><img loading=\"lazy\" decoding=\"async\" class=\"alignnone size-thumbnail wp-image-9596 aligncenter\" src=\"https:\/\/igualdad.us.es\/wpblog\/wp-content\/uploads\/2026\/05\/Practicas_25-2026_MARIA-BORJABAD-150x150.jpg\" alt=\"\" width=\"150\" height=\"150\" \/><\/td>\n<td style=\"height: 228px; width: 81.6832%;\" width=\"397\">MAR\u00cdA BORJABAD CABALLERO<\/p>\n<p>Maestra en Educaci\u00f3n Infantil, graduada en la Universidad de Sevilla. Investigadora en la Ense\u00f1anza y Aprendizaje de las Ciencias Sociales desde una perspectiva de g\u00e9nero e interseccional a trav\u00e9s de la Universidad Internacional de Andaluc\u00eda. Adem\u00e1s, especialista en el proceso MAR en la intervenci\u00f3n infantojuvenil impartida en la Universidad Pablo de Olavide (UPO), y actual estudiante del M\u00e1ster en Estudios de G\u00e9nero y Desarrollo Profesional en la Universidad de Sevilla.<\/p>\n<p>Correo: <a href=\"mailto:marborcab@alum.us.es\">marborcab@alum.us.es<\/a> \/ <a href=\"mailto:mariaborjabad@gamil.com\">mariaborjabad@gamil.com<\/a><\/td>\n<\/tr>\n<tr style=\"height: 240px;\">\n<td style=\"height: 240px; width: 18.2178%;\" width=\"169\"><img loading=\"lazy\" decoding=\"async\" class=\"alignnone size-thumbnail wp-image-9597 aligncenter\" src=\"https:\/\/igualdad.us.es\/wpblog\/wp-content\/uploads\/2026\/05\/Practicas_25-2026_NATHALIA-MUNOZ-128x150.png\" alt=\"\" width=\"128\" height=\"150\" \/><\/td>\n<td style=\"height: 240px; width: 81.6832%;\" width=\"397\">NATHALIA MU\u00d1OZ ORTIZ<\/p>\n<p>Abogada, egresada de la Universidad Santiago de Cali-Colombia. Cuenta con experiencia profesional en entornos sociales y comunitarios, tiene gran inter\u00e9s por la interculturalidad. Es estudiante del m\u00e1ster universitario en Relaciones Jur\u00eddico &#8211; privadas de la universidad de Sevilla. Actualmente desarrolla su trabajo de fin de m\u00e1ster con un enfoque en derecho migratorio.<\/p>\n<p>Correo: <a href=\"mailto:nathalia19941@gmail.com\">nathalia19941@gmail.com<\/a>\u00a0\/ <a href=\"mailto:natmunort@alum.us.es\">natmunort@alum.us.es<\/a><\/p>\n<p>&nbsp;<\/td>\n<\/tr>\n<\/tbody>\n<\/table>\n","protected":false},"excerpt":{"rendered":"<p>Estudiantes en practicas <\/p>\n","protected":false},"author":1,"featured_media":0,"parent":7,"menu_order":6,"comment_status":"closed","ping_status":"closed","template":"","meta":{"footnotes":""},"class_list":["post-9589","page","type-page","status-publish","hentry"],"_links":{"self":[{"href":"https:\/\/igualdad.us.es\/wpblog\/wp-json\/wp\/v2\/pages\/9589","targetHints":{"allow":["GET"]}}],"collection":[{"href":"https:\/\/igualdad.us.es\/wpblog\/wp-json\/wp\/v2\/pages"}],"about":[{"href":"https:\/\/igualdad.us.es\/wpblog\/wp-json\/wp\/v2\/types\/page"}],"author":[{"embeddable":true,"href":"https:\/\/igualdad.us.es\/wpblog\/wp-json\/wp\/v2\/users\/1"}],"replies":[{"embeddable":true,"href":"https:\/\/igualdad.us.es\/wpblog\/wp-json\/wp\/v2\/comments?post=9589"}],"version-history":[{"count":6,"href":"https:\/\/igualdad.us.es\/wpblog\/wp-json\/wp\/v2\/pages\/9589\/revisions"}],"predecessor-version":[{"id":9603,"href":"https:\/\/igualdad.us.es\/wpblog\/wp-json\/wp\/v2\/pages\/9589\/revisions\/9603"}],"up":[{"embeddable":true,"href":"https:\/\/igualdad.us.es\/wpblog\/wp-json\/wp\/v2\/pages\/7"}],"wp:attachment":[{"href":"https:\/\/igualdad.us.es\/wpblog\/wp-json\/wp\/v2\/media?parent=9589"}],"curies":[{"name":"wp","href":"https:\/\/api.w.org\/{rel}","templated":true}]}}