{"id":913,"date":"2018-05-21T20:46:56","date_gmt":"2018-05-21T20:46:56","guid":{"rendered":"http:\/\/igualdad.us.es\/wpblog\/?page_id=913"},"modified":"2018-07-10T10:15:50","modified_gmt":"2018-07-10T10:15:50","slug":"rigoberta-menchu-activista","status":"publish","type":"page","link":"https:\/\/igualdad.us.es\/wpblog\/mujeres-destacadas\/rigoberta-menchu-activista\/","title":{"rendered":"Rigoberta Mench\u00fa"},"content":{"rendered":"<p><span id=\"U1502510409301b6E\" class=\"span\" style=\"color: #993366;\">Rigoberta Mench\u00fa (1959)<\/span><\/p>\n<p style=\"text-align: justify;\">Activista guatemalteca,\u00a0defensora de los derechos humanos, embajadora de buena voluntad de la UNESCO y ganadora del Premio Nobel de la Paz (1992) y el Premio Pr\u00edncipe de Asturias de Cooperaci\u00f3n Internacional (1998).<\/p>\n<p style=\"text-align: justify;\">Creci\u00f3 marcada por la discriminaci\u00f3n y la violencia a la que se somet\u00eda a la minor\u00eda ind\u00edgena a la que pertenec\u00eda. En 1980 su padre muri\u00f3 despu\u00e9s de que el Ej\u00e9rcito prendiera fuego a las dependencias de la Embajada de Espa\u00f1a en que se hab\u00edan encerrado como acto de protesta. Ya adulta, Mench\u00fa inici\u00f3 una campa\u00f1a internacional de denuncia contra las atrocidades cometidas por las autoridades guatemaltecas. Su coraje en la denuncia de las penurias de las comunidades ind\u00edgenas de su pa\u00eds fue reconocida con el premio Nobel de la Paz de 1992.<\/p>\n<p><a href=\"https:\/\/igualdad.us.es\/wpblog\/?page_id=910\"><span style=\"color: #993366;\">\u21b5Volver<\/span><\/a><\/p>\n","protected":false},"excerpt":{"rendered":"<p>Activista guatemalteca pro derechos humanos y premio Nobel de la Paz<\/p>\n","protected":false},"author":1,"featured_media":914,"parent":910,"menu_order":0,"comment_status":"closed","ping_status":"closed","template":"","meta":{"footnotes":""},"class_list":["post-913","page","type-page","status-publish","has-post-thumbnail","hentry"],"_links":{"self":[{"href":"https:\/\/igualdad.us.es\/wpblog\/wp-json\/wp\/v2\/pages\/913","targetHints":{"allow":["GET"]}}],"collection":[{"href":"https:\/\/igualdad.us.es\/wpblog\/wp-json\/wp\/v2\/pages"}],"about":[{"href":"https:\/\/igualdad.us.es\/wpblog\/wp-json\/wp\/v2\/types\/page"}],"author":[{"embeddable":true,"href":"https:\/\/igualdad.us.es\/wpblog\/wp-json\/wp\/v2\/users\/1"}],"replies":[{"embeddable":true,"href":"https:\/\/igualdad.us.es\/wpblog\/wp-json\/wp\/v2\/comments?post=913"}],"version-history":[{"count":5,"href":"https:\/\/igualdad.us.es\/wpblog\/wp-json\/wp\/v2\/pages\/913\/revisions"}],"predecessor-version":[{"id":1291,"href":"https:\/\/igualdad.us.es\/wpblog\/wp-json\/wp\/v2\/pages\/913\/revisions\/1291"}],"up":[{"embeddable":true,"href":"https:\/\/igualdad.us.es\/wpblog\/wp-json\/wp\/v2\/pages\/910"}],"wp:featuredmedia":[{"embeddable":true,"href":"https:\/\/igualdad.us.es\/wpblog\/wp-json\/wp\/v2\/media\/914"}],"wp:attachment":[{"href":"https:\/\/igualdad.us.es\/wpblog\/wp-json\/wp\/v2\/media?parent=913"}],"curies":[{"name":"wp","href":"https:\/\/api.w.org\/{rel}","templated":true}]}}