{"id":902,"date":"2018-05-21T20:23:01","date_gmt":"2018-05-21T20:23:01","guid":{"rendered":"http:\/\/igualdad.us.es\/wpblog\/?page_id=902"},"modified":"2018-07-10T10:15:21","modified_gmt":"2018-07-10T10:15:21","slug":"frida-kahlo-pintora","status":"publish","type":"page","link":"https:\/\/igualdad.us.es\/wpblog\/mujeres-destacadas\/frida-kahlo-pintora\/","title":{"rendered":"Frida Kahlo"},"content":{"rendered":"<p class=\"selectionShareable\"><span style=\"color: #993366;\"><b>Frida Kahlo (1907-1954)<\/b><\/span><\/p>\n<p class=\"selectionShareable\" style=\"text-align: justify;\">Autora de m\u00e1s de 200 pinturas, Kahlo sufri\u00f3 en su juventud poliomielitis y un grave accidente por lo que tuvo que ser operada hasta en 32 ocasiones. Estos tormentos le llevaron a autoretratar su vida en sus cuadros y a un matrimonio pol\u00e9mico y llamativo con el tambi\u00e9n mexicano, Diego Rivera.<\/p>\n<p class=\"selectionShareable\" style=\"text-align: justify;\">Su gran logro fue convertirse en un s\u00edmbolo feminista, pues reivindic\u00f3 el papel de la mujer en la sociedad y rompi\u00f3 con los c\u00e1nones de dibujo, mediante los cuales, las mujeres se representaban seg\u00fan las figuras masculinas. Pese a ser una artista importante de su \u00e9poca, Frida adquiri\u00f3 mayor relevancia tras su muerte por causas naturales, reconociendo expertos y figuras destacadas de la \u00e9poca el legado que dejaba.<\/p>\n<p><a href=\"https:\/\/igualdad.us.es\/wpblog\/?page_id=910\"><span style=\"color: #993366;\">\u21b5 Volver<\/span><\/a><\/p>\n","protected":false},"excerpt":{"rendered":"<p>Pintora mexicana, autora de m\u00e1s de 200 pinturas y un s\u00edmbolo feminista<\/p>\n","protected":false},"author":1,"featured_media":903,"parent":910,"menu_order":0,"comment_status":"closed","ping_status":"closed","template":"","meta":{"footnotes":""},"class_list":["post-902","page","type-page","status-publish","has-post-thumbnail","hentry"],"_links":{"self":[{"href":"https:\/\/igualdad.us.es\/wpblog\/wp-json\/wp\/v2\/pages\/902","targetHints":{"allow":["GET"]}}],"collection":[{"href":"https:\/\/igualdad.us.es\/wpblog\/wp-json\/wp\/v2\/pages"}],"about":[{"href":"https:\/\/igualdad.us.es\/wpblog\/wp-json\/wp\/v2\/types\/page"}],"author":[{"embeddable":true,"href":"https:\/\/igualdad.us.es\/wpblog\/wp-json\/wp\/v2\/users\/1"}],"replies":[{"embeddable":true,"href":"https:\/\/igualdad.us.es\/wpblog\/wp-json\/wp\/v2\/comments?post=902"}],"version-history":[{"count":6,"href":"https:\/\/igualdad.us.es\/wpblog\/wp-json\/wp\/v2\/pages\/902\/revisions"}],"predecessor-version":[{"id":1290,"href":"https:\/\/igualdad.us.es\/wpblog\/wp-json\/wp\/v2\/pages\/902\/revisions\/1290"}],"up":[{"embeddable":true,"href":"https:\/\/igualdad.us.es\/wpblog\/wp-json\/wp\/v2\/pages\/910"}],"wp:featuredmedia":[{"embeddable":true,"href":"https:\/\/igualdad.us.es\/wpblog\/wp-json\/wp\/v2\/media\/903"}],"wp:attachment":[{"href":"https:\/\/igualdad.us.es\/wpblog\/wp-json\/wp\/v2\/media?parent=902"}],"curies":[{"name":"wp","href":"https:\/\/api.w.org\/{rel}","templated":true}]}}