{"id":896,"date":"2018-05-21T20:02:53","date_gmt":"2018-05-21T20:02:53","guid":{"rendered":"http:\/\/igualdad.us.es\/wpblog\/?page_id=896"},"modified":"2018-07-11T10:49:02","modified_gmt":"2018-07-11T10:49:02","slug":"maria-curie-cientifica","status":"publish","type":"page","link":"https:\/\/igualdad.us.es\/wpblog\/mujeres-destacadas\/maria-curie-cientifica\/","title":{"rendered":"Maria Curie"},"content":{"rendered":"<p style=\"text-align: justify;\"><span style=\"color: #993366;\">Maria Salomea Sk\u0142odowska-Curie (1867-1934)<\/span><\/p>\n<p class=\"selectionShareable\" style=\"text-align: justify;\">Pionera en el campo de la radiactividad, Curie es una de las cient\u00edficas m\u00e1s importante de la historia. Polaca de nacimiento, adopt\u00f3 la nacionalidad francesa pero sin olvidar nunca a su pa\u00eds natal, pues el primer elemento qu\u00edmico que descubri\u00f3 lo denomin\u00f3 polonio.<\/p>\n<p class=\"selectionShareable\" style=\"text-align: justify;\">Adem\u00e1s hall\u00f3 el radio, fue la primera persona en recibir el Premio Nobel en dos especialidades distintas (F\u00edsica y Qu\u00edmica) y fund\u00f3 el Instituto Curie, una eminencia en cuanto a investigaci\u00f3n m\u00e9dica se refiere. Su mayor logr\u00f3 fue desarrollar la teor\u00eda de la radiactividad. Falleci\u00f3 por una anemia apl\u00e1stica consecuencia de las radiaciones a las que se expuso durante sus trabajos.<\/p>\n<p style=\"text-align: justify;\">Se enfrent\u00f3 al machismo y al antisemitismo de la \u00e9poca.<\/p>\n<p><a href=\"https:\/\/igualdad.us.es\/wpblog\/?page_id=910\"><span style=\"color: #993366;\">\u21b5 Volver<\/span><\/a><\/p>\n","protected":false},"excerpt":{"rendered":"<p>Cient\u00edfica, pionera en el estudio de la radiactividad, obtuvo dos premios Nobel<\/p>\n","protected":false},"author":1,"featured_media":897,"parent":910,"menu_order":0,"comment_status":"closed","ping_status":"closed","template":"","meta":{"footnotes":""},"class_list":["post-896","page","type-page","status-publish","has-post-thumbnail","hentry"],"_links":{"self":[{"href":"https:\/\/igualdad.us.es\/wpblog\/wp-json\/wp\/v2\/pages\/896","targetHints":{"allow":["GET"]}}],"collection":[{"href":"https:\/\/igualdad.us.es\/wpblog\/wp-json\/wp\/v2\/pages"}],"about":[{"href":"https:\/\/igualdad.us.es\/wpblog\/wp-json\/wp\/v2\/types\/page"}],"author":[{"embeddable":true,"href":"https:\/\/igualdad.us.es\/wpblog\/wp-json\/wp\/v2\/users\/1"}],"replies":[{"embeddable":true,"href":"https:\/\/igualdad.us.es\/wpblog\/wp-json\/wp\/v2\/comments?post=896"}],"version-history":[{"count":9,"href":"https:\/\/igualdad.us.es\/wpblog\/wp-json\/wp\/v2\/pages\/896\/revisions"}],"predecessor-version":[{"id":1347,"href":"https:\/\/igualdad.us.es\/wpblog\/wp-json\/wp\/v2\/pages\/896\/revisions\/1347"}],"up":[{"embeddable":true,"href":"https:\/\/igualdad.us.es\/wpblog\/wp-json\/wp\/v2\/pages\/910"}],"wp:featuredmedia":[{"embeddable":true,"href":"https:\/\/igualdad.us.es\/wpblog\/wp-json\/wp\/v2\/media\/897"}],"wp:attachment":[{"href":"https:\/\/igualdad.us.es\/wpblog\/wp-json\/wp\/v2\/media?parent=896"}],"curies":[{"name":"wp","href":"https:\/\/api.w.org\/{rel}","templated":true}]}}