{"id":8461,"date":"2025-03-26T11:04:50","date_gmt":"2025-03-26T10:04:50","guid":{"rendered":"https:\/\/igualdad.us.es\/wpblog\/?page_id=8461"},"modified":"2025-03-26T11:04:50","modified_gmt":"2025-03-26T10:04:50","slug":"rosario-del-rey-alamillo","status":"publish","type":"page","link":"https:\/\/igualdad.us.es\/wpblog\/mujeres-destacadas\/rosario-del-rey-alamillo\/","title":{"rendered":"Rosario del Rey Alamillo (1976)"},"content":{"rendered":"<p class=\"selectionShareable\"><span style=\"color: #993366;\"><b>Rosario del Rey Alamillo (1976)<\/b><\/span><\/p>\n<p>Catedr\u00e1tica en el Departamento de Psicolog\u00eda Evolutiva y de la Educaci\u00f3n. Es miembro del Laboratorio de Estudios sobre la Convivencia y Prevenci\u00f3n de la Violencia (LAECOVI). Ha dedicado su tarea investigadora al an\u00e1lisis y mejora de los problemas de convivencia escolar, especialmente bullying y cyberbullying. Por lo que ha publicado tanto a nivel cient\u00edfico como divulgativo y ha participado en eventos de reconocido prestigio internacional. Ha sido miembro de la red europea COST titulada <em>Cyberbullying: Coping with negative and enhancing positive uses of new technologies, in relationships in educational settings<\/em> y participa activamente en diferentes proyectos de investigaci\u00f3n de \u00e1mbito regional, estatal e internacional. Es autora, junto con Rosario Ortega y Jos\u00e9 Antonio Casas, del programa <em>ConRed<\/em>.<\/p>\n<p>La Universidad de Sevilla reconoci\u00f3 su contribuci\u00f3n al Desarrollo de la investigaci\u00f3n en materia de igualdad en 2023 junto con M\u00f3nica Ojeda P\u00e9rez y Esperanza Espino Pe\u00f1ate. En concret\u00f3 por su investigaci\u00f3n sobre las caracter\u00edsticas de la pr\u00e1ctica del sexting en adolescentes, trabajo de gran valor para sentar las bases en la toma de decisiones educativas dirigidas a promover la igualdad y el bienestar de los y las adolescentes en la actual sociedad digitalizada.<\/p>\n<p><a href=\"https:\/\/igualdad.us.es\/wpblog\/?page_id=910\"><span style=\"color: #993366;\">\u21b5 Volver<\/span><\/a><\/p>\n","protected":false},"excerpt":{"rendered":"<p>Catedr\u00e1tica de Psicolog\u00eda Evolutiva y de la Educaci\u00f3n y miembro del LAECOVI<\/p>\n","protected":false},"author":1,"featured_media":8462,"parent":910,"menu_order":0,"comment_status":"closed","ping_status":"closed","template":"","meta":{"footnotes":""},"class_list":["post-8461","page","type-page","status-publish","has-post-thumbnail","hentry"],"_links":{"self":[{"href":"https:\/\/igualdad.us.es\/wpblog\/wp-json\/wp\/v2\/pages\/8461","targetHints":{"allow":["GET"]}}],"collection":[{"href":"https:\/\/igualdad.us.es\/wpblog\/wp-json\/wp\/v2\/pages"}],"about":[{"href":"https:\/\/igualdad.us.es\/wpblog\/wp-json\/wp\/v2\/types\/page"}],"author":[{"embeddable":true,"href":"https:\/\/igualdad.us.es\/wpblog\/wp-json\/wp\/v2\/users\/1"}],"replies":[{"embeddable":true,"href":"https:\/\/igualdad.us.es\/wpblog\/wp-json\/wp\/v2\/comments?post=8461"}],"version-history":[{"count":1,"href":"https:\/\/igualdad.us.es\/wpblog\/wp-json\/wp\/v2\/pages\/8461\/revisions"}],"predecessor-version":[{"id":8463,"href":"https:\/\/igualdad.us.es\/wpblog\/wp-json\/wp\/v2\/pages\/8461\/revisions\/8463"}],"up":[{"embeddable":true,"href":"https:\/\/igualdad.us.es\/wpblog\/wp-json\/wp\/v2\/pages\/910"}],"wp:featuredmedia":[{"embeddable":true,"href":"https:\/\/igualdad.us.es\/wpblog\/wp-json\/wp\/v2\/media\/8462"}],"wp:attachment":[{"href":"https:\/\/igualdad.us.es\/wpblog\/wp-json\/wp\/v2\/media?parent=8461"}],"curies":[{"name":"wp","href":"https:\/\/api.w.org\/{rel}","templated":true}]}}