{"id":8442,"date":"2025-03-26T08:56:49","date_gmt":"2025-03-26T07:56:49","guid":{"rendered":"https:\/\/igualdad.us.es\/wpblog\/?page_id=8442"},"modified":"2025-03-26T09:00:59","modified_gmt":"2025-03-26T08:00:59","slug":"raquel-barrionuevo-perez","status":"publish","type":"page","link":"https:\/\/igualdad.us.es\/wpblog\/mujeres-destacadas\/raquel-barrionuevo-perez\/","title":{"rendered":"Raquel Barrionuevo P\u00e9rez"},"content":{"rendered":"<p class=\"selectionShareable\"><span style=\"color: #993366;\"><b>Raquel Barrionuevo P\u00e9rez (1974)<\/b><\/span><\/p>\n<p style=\"text-align: justify;\">Escultora, doctora en Bellas Artes por la Universidad de Sevilla (2004) y profesora titular en el Departamento de Escultura e Historia de las Artes Pl\u00e1sticas con vasta carrera en investigaci\u00f3n y compromiso para la igualdad.<\/p>\n<p style=\"text-align: justify;\">Ha dedicado m\u00e1s de 25 a\u00f1os a visibilizar y reivindicar el talento de las mujeres artistas. A trav\u00e9s de su investigaci\u00f3n, publicaciones y docencia, ha roto barreras patriarcales, defendiendo la memoria hist\u00f3rica y aportes de las mujeres en la escultura. Raquel ha demostrado un firme compromiso con el arte como herramienta de transformaci\u00f3n y reflexi\u00f3n. En el 2024, rrecibi\u00f3 un reconocimiento institucional por su trabajo en investigaci\u00f3n en materias de igualdad.<\/p>\n<p style=\"text-align: justify;\">Su trayectoria investigadora se distingue por dos l\u00edneas fundamentales. La primera aborda la contribuci\u00f3n de las mujeres a la escultura, tema central de su tesis doctoral,<em> De Escultura y Escultoras. Nueve d\u00e9cadas de creaci\u00f3n en Espa\u00f1a<\/em>, y de su proyecto de investigaci\u00f3n <em>Escultoras Espa\u00f1olas en la Colecci\u00f3n del Museo Reina Sof\u00eda<\/em> (2005). Esta l\u00ednea la ha llevado a comisariar la exposici\u00f3n itinerante <em>Reexistencias<\/em>. <em>Escultoras del siglo XX <\/em>(2006) y a escribir varios libros como <em>Escultoras en su contexto. Cuatro siglos, ocho historias (2011)<\/em> e <em>Hijas de la Posguerra, esculturas de la transici\u00f3n <\/em>(2012). La segunda l\u00ednea de investigaci\u00f3n se enfoca en la experimentaci\u00f3n con nuevos materiales y la incorporaci\u00f3n de la tecnolog\u00eda en la escultura.<\/p>\n<p>&nbsp;<\/p>\n<p><a href=\"https:\/\/igualdad.us.es\/wpblog\/?page_id=910\"><span style=\"color: #993366;\">\u21b5 Volver<\/span><\/a><\/p>\n","protected":false},"excerpt":{"rendered":"<p>Escultora, doctora en Bellas Artes<\/p>\n","protected":false},"author":1,"featured_media":8443,"parent":910,"menu_order":0,"comment_status":"closed","ping_status":"closed","template":"","meta":{"footnotes":""},"class_list":["post-8442","page","type-page","status-publish","has-post-thumbnail","hentry"],"_links":{"self":[{"href":"https:\/\/igualdad.us.es\/wpblog\/wp-json\/wp\/v2\/pages\/8442","targetHints":{"allow":["GET"]}}],"collection":[{"href":"https:\/\/igualdad.us.es\/wpblog\/wp-json\/wp\/v2\/pages"}],"about":[{"href":"https:\/\/igualdad.us.es\/wpblog\/wp-json\/wp\/v2\/types\/page"}],"author":[{"embeddable":true,"href":"https:\/\/igualdad.us.es\/wpblog\/wp-json\/wp\/v2\/users\/1"}],"replies":[{"embeddable":true,"href":"https:\/\/igualdad.us.es\/wpblog\/wp-json\/wp\/v2\/comments?post=8442"}],"version-history":[{"count":1,"href":"https:\/\/igualdad.us.es\/wpblog\/wp-json\/wp\/v2\/pages\/8442\/revisions"}],"predecessor-version":[{"id":8444,"href":"https:\/\/igualdad.us.es\/wpblog\/wp-json\/wp\/v2\/pages\/8442\/revisions\/8444"}],"up":[{"embeddable":true,"href":"https:\/\/igualdad.us.es\/wpblog\/wp-json\/wp\/v2\/pages\/910"}],"wp:featuredmedia":[{"embeddable":true,"href":"https:\/\/igualdad.us.es\/wpblog\/wp-json\/wp\/v2\/media\/8443"}],"wp:attachment":[{"href":"https:\/\/igualdad.us.es\/wpblog\/wp-json\/wp\/v2\/media?parent=8442"}],"curies":[{"name":"wp","href":"https:\/\/api.w.org\/{rel}","templated":true}]}}