{"id":8429,"date":"2025-03-26T08:38:30","date_gmt":"2025-03-26T07:38:30","guid":{"rendered":"https:\/\/igualdad.us.es\/wpblog\/?page_id=8429"},"modified":"2025-03-26T08:41:44","modified_gmt":"2025-03-26T07:41:44","slug":"maria-teresa-agudo","status":"publish","type":"page","link":"https:\/\/igualdad.us.es\/wpblog\/mujeres-destacadas\/maria-teresa-agudo\/","title":{"rendered":"Mar\u00eda Teresa Agudo L\u00f3pez"},"content":{"rendered":"<p style=\"text-align: justify;\"><span style=\"color: #993366;\">Mar\u00eda Teresa Agudo L\u00f3pez (1949)<\/span><\/p>\n<p style=\"text-align: justify;\">Licenciada en Derecho, M\u00e1ster en G\u00e9nero, Identidad y Ciudadan\u00eda, abogada, especializada en Derecho laboral y de la Seguridad Social, activista feminista, vicepresidenta de la Asociaci\u00f3n de Mujeres P\u00e1ginas Violeta y coordinadora de Seminarios sobre violencia de g\u00e9nero de los Cursos de Verano de la UCA en varias ediciones. Es una persona de fuertes convicciones y sensible, quien aporta a la sociedad su profesi\u00f3n, conocimientos, experiencia, esfuerzo, creatividad y entusiasmo, para conseguir una sociedad m\u00e1s solidaria, participativa, menos consumista, justa y equitativa.<\/p>\n<p style=\"text-align: justify;\">Actualmente contribuye a la creaci\u00f3n de empleo, especialmente para las mujeres, a la defensa de sus derechos y a la lucha contra la feminizaci\u00f3n de la pobreza. Le concedieron el premio extraordinario de M\u00e1steres para el curso 2007-2008 por el M\u00e1ster en G\u00e9nero, Identidad y Ciudadan\u00eda por la Universidad de C\u00e1diz (UCA). Es miembro del consejo asesor de la Fundaci\u00f3n Matria.<\/p>\n<p style=\"text-align: justify;\">En 2024 la Universidad de Sevilla en su II edici\u00f3n le otorg\u00f3 a la Asociaci\u00f3n de Mujeres P\u00e1ginas Violeta el Reconocimiento a Buenas Pr\u00e1cticas en Materia de Igualdad de G\u00e9nero 2024 en la modalidad <em>Desarrollo de la formaci\u00f3n en materia de igualdad<\/em>, por colaborar con la Unidad para la Igualdad de la Universidad de Sevilla, como agente externo, en la ejecuci\u00f3n de acciones formativas y de sensibilizaci\u00f3n en materia de Igualdad de g\u00e9nero y prevenci\u00f3n de la violencia machista.<\/p>\n<p>&nbsp;<\/p>\n<p><a href=\"https:\/\/igualdad.us.es\/wpblog\/?page_id=910\"><span style=\"color: #993366;\">\u21b5 Volver<\/span><\/a><\/p>\n","protected":false},"excerpt":{"rendered":"<p>Licenciada en Derecho, M\u00e1ster en G\u00e9nero, Identidad y Ciudadan\u00eda, abogada<\/p>\n","protected":false},"author":1,"featured_media":8430,"parent":910,"menu_order":0,"comment_status":"closed","ping_status":"closed","template":"","meta":{"footnotes":""},"class_list":["post-8429","page","type-page","status-publish","has-post-thumbnail","hentry"],"_links":{"self":[{"href":"https:\/\/igualdad.us.es\/wpblog\/wp-json\/wp\/v2\/pages\/8429","targetHints":{"allow":["GET"]}}],"collection":[{"href":"https:\/\/igualdad.us.es\/wpblog\/wp-json\/wp\/v2\/pages"}],"about":[{"href":"https:\/\/igualdad.us.es\/wpblog\/wp-json\/wp\/v2\/types\/page"}],"author":[{"embeddable":true,"href":"https:\/\/igualdad.us.es\/wpblog\/wp-json\/wp\/v2\/users\/1"}],"replies":[{"embeddable":true,"href":"https:\/\/igualdad.us.es\/wpblog\/wp-json\/wp\/v2\/comments?post=8429"}],"version-history":[{"count":3,"href":"https:\/\/igualdad.us.es\/wpblog\/wp-json\/wp\/v2\/pages\/8429\/revisions"}],"predecessor-version":[{"id":8433,"href":"https:\/\/igualdad.us.es\/wpblog\/wp-json\/wp\/v2\/pages\/8429\/revisions\/8433"}],"up":[{"embeddable":true,"href":"https:\/\/igualdad.us.es\/wpblog\/wp-json\/wp\/v2\/pages\/910"}],"wp:featuredmedia":[{"embeddable":true,"href":"https:\/\/igualdad.us.es\/wpblog\/wp-json\/wp\/v2\/media\/8430"}],"wp:attachment":[{"href":"https:\/\/igualdad.us.es\/wpblog\/wp-json\/wp\/v2\/media?parent=8429"}],"curies":[{"name":"wp","href":"https:\/\/api.w.org\/{rel}","templated":true}]}}