{"id":8359,"date":"2025-03-18T08:10:02","date_gmt":"2025-03-18T07:10:02","guid":{"rendered":"https:\/\/igualdad.us.es\/wpblog\/?page_id=8359"},"modified":"2025-03-18T08:10:02","modified_gmt":"2025-03-18T07:10:02","slug":"iradiando-igualdad-temporada-5","status":"publish","type":"page","link":"https:\/\/igualdad.us.es\/wpblog\/difusion\/iradiando-igualdad\/temporadas-del-programa-de-radio-iradiando-igualdad\/iradiando-igualdad-temporada-5\/","title":{"rendered":"iRadiando Igualdad temporada 5"},"content":{"rendered":"<h5><strong><span style=\"color: #993366; font-size: 10pt;\">temporada 5<\/span><\/strong><\/h5>\n<p style=\"padding-left: 30px; text-align: justify;\"><strong><span style=\"color: #002866;\">5&#215;08 &#8211; 28\/junio\/2023:<\/span><\/strong> <strong><span style=\"color: #993366;\">Igualdad en diversidad; LGTBIQA+; Lenguaje inclusivo; G\u00e9nero no binario.<br \/>\n<\/span><\/strong><\/p>\n<p style=\"padding-left: 40px;\">En Mayo hablamos sobre <strong>Igualdad en la diversidad<\/strong>, centr\u00e1ndonos en c\u00f3mo las <strong>mujeres del Pueblo Gitano<\/strong> y <strong>mujeres con autismo<\/strong> <strong>luchan contra las desigualdades de g\u00e9nero<\/strong>. Para ello, en este programa tenemos el placer de escuchar a <strong>Mar\u00eda Bel\u00e9n Lora N\u00fa\u00f1ez<\/strong> y <strong>Daniela Miranda<\/strong> dos mujeres <strong>investigadoras<\/strong> de la Universidad de Sevilla que <strong>visibilizan a las mujeres gitanas<\/strong>. Tambi\u00e9n hablaremos con Rosa L\u00f3pez y <strong>Virginia Matos<\/strong> sobre el <strong>diagn\u00f3stico tard\u00edo en mujeres con autismo y el camuflaje social<\/strong>. Adem\u00e1s de revisar el III Plan de Igualdad, as\u00ed como noticias relacionadas con la Igualdad.<\/p>\n<p style=\"padding-left: 40px;\"><a href=\"https:\/\/radio.us.es\/episodio\/i-radiando-igualdad-episodio-5x08-igualdad-en-diversidad-lgtbiqa-lenguaje-inclusivo-genero-no-binario\/\" target=\"_blank\" rel=\"noopener noreferrer\"><span style=\"color: #993366;\">Esc\u00fachalo aqu\u00ed<\/span> <img loading=\"lazy\" decoding=\"async\" class=\"size-full wp-image-923 alignnone\" src=\"https:\/\/igualdad.us.es\/wpblog\/wp-content\/uploads\/2018\/05\/microfono_20x20.png\" alt=\"\" width=\"20\" height=\"26\" \/><\/a> &#8211; <a href=\"https:\/\/radio.us.es\/wp-content\/uploads\/2023\/06\/iRadiando-Igualdad_Junio.mp3\" target=\"_blank\" rel=\"noopener noreferrer\"><span style=\"color: #993366;\">Desc\u00e1rgalo aqu\u00ed<\/span> <img loading=\"lazy\" decoding=\"async\" class=\"size-full wp-image-925 alignnone\" src=\"https:\/\/igualdad.us.es\/wpblog\/wp-content\/uploads\/2018\/05\/descarga_20x20.png\" alt=\"\" width=\"20\" height=\"19\" \/><\/a><\/p>\n<p style=\"padding-left: 30px; text-align: justify;\"><strong><span style=\"color: #002866;\">5&#215;07 &#8211; 15\/junio\/2023:<\/span><\/strong> <strong><span style=\"color: #993366;\">Igualdad en diversidad; Mujeres con autismo; Mujeres gitanas.<br \/>\n<\/span><\/strong><\/p>\n<p style=\"padding-left: 40px;\">En junio seguimos hablando sobre <strong>Igualdad en la diversidad<\/strong>, centr\u00e1ndonos en conmemorar el respeto y la aceptaci\u00f3n del colectivo LGTBIQA+. Para ello, en este programa tenemos el placer de escuchar <strong>Paula Barrientos<\/strong> hablando de su investigaci\u00f3n sobre el <strong>uso de lenguaje inclusivo<\/strong>. Tambi\u00e9n hemos hablado con <strong>Brigitte Baptiste<\/strong> sobre la <strong>visibilidad del colectivo en la instituci\u00f3n universitaria<\/strong> y hemos seguido debatiendo sobre este tema con <strong>Nicol\u00e1s Marco Hern\u00e1ndez<\/strong> y <strong>Pedro Carlos L\u00f3pez<\/strong>. <strong>Andrea Speck<\/strong> nos cuenta sobre la sentencia del Tribunal Superior de Justicia de Andaluc\u00eda y su registro como <strong>g\u00e9nero indeterminado<\/strong>. Adem\u00e1s, revisamos el III Plan de Igualdad, as\u00ed como noticias relacionadas con la Igualdad.<\/p>\n<p style=\"padding-left: 40px;\"><a href=\"https:\/\/radio.us.es\/episodio\/i-radiando-igualdad-episodio-5x07-igualdad-en-diversidad-mujeres-con-autismo-mujeres-gitanas\/\" target=\"_blank\" rel=\"noopener noreferrer\"><span style=\"color: #993366;\">Esc\u00fachalo aqu\u00ed<\/span> <img loading=\"lazy\" decoding=\"async\" class=\"size-full wp-image-923 alignnone\" src=\"https:\/\/igualdad.us.es\/wpblog\/wp-content\/uploads\/2018\/05\/microfono_20x20.png\" alt=\"\" width=\"20\" height=\"26\" \/><\/a> &#8211; <a href=\"https:\/\/radio.us.es\/wp-content\/uploads\/2023\/06\/iRadiando-Igualdad_Mayo-1.mp3\" target=\"_blank\" rel=\"noopener noreferrer\"><span style=\"color: #993366;\">Desc\u00e1rgalo aqu\u00ed<\/span> <img loading=\"lazy\" decoding=\"async\" class=\"size-full wp-image-925 alignnone\" src=\"https:\/\/igualdad.us.es\/wpblog\/wp-content\/uploads\/2018\/05\/descarga_20x20.png\" alt=\"\" width=\"20\" height=\"19\" \/><\/a><\/p>\n<p style=\"padding-left: 30px; text-align: justify;\"><strong><span style=\"color: #002866;\">5&#215;06 &#8211; 08\/mayo\/2023:<\/span><\/strong> <strong><span style=\"color: #993366;\">Reconocimientos a Buenas Pr\u00e1cticas en Igualdad<br \/>\n<\/span><\/strong><\/p>\n<p style=\"padding-left: 30px;\">La Universidad de Sevilla, en su intenci\u00f3n de promover la igualdad real y efectiva entre mujeres y hombres en la comunidad universitaria, entiende que un cambio cultural en materia de igualdad requiere de la sensibilizaci\u00f3n y la puesta en marcha de acciones que incentiven ese cambio. A trav\u00e9s del Vicerrectorado de los Servicios Sociales, Campus Saludable, Igualdad y Cooperaci\u00f3n y de la Unidad para la Igualdad, la Universidad de Sevilla convoc\u00f3 los <a href=\"https:\/\/igualdad.us.es\/?p=6583\"><strong>reconocimientos en materia de igualdad de buenas pr\u00e1cticas<\/strong> <\/a>que en materia de igualdad desarrollan los centros, departamentos, servicios y miembros de la comunidad universitaria y agentes externos que colaboran con la Universidad de Sevilla, lo que supone visibilizar y distinguir su contribuci\u00f3n a la creaci\u00f3n y consolidaci\u00f3n de una verdadera cultura igualitaria.<\/p>\n<p style=\"padding-left: 30px;\">Se concedieron estos reconocimientos a <strong>Consuelo Flecha Garc\u00eda<\/strong> y <strong>Miguel Lorente Acosta<\/strong> por su trayectoria en igualdad, Al <strong>M\u00e1ster de Estudios de G\u00e9nero por el desarrollo de la formaci\u00f3n en materia de igualdad<\/strong>, a <strong>Blanca Rodr\u00edguez Ruiz<\/strong> y <strong>Rosario del Rey Alamillo<\/strong> y su equipo por la investigaci\u00f3n en materia de igualdad, a <strong>Rosa Mu\u00f1oz Rom\u00e1n<\/strong> por la labor favorecedora de la conciliaci\u00f3n y corresponsabilidad, y a la <strong>Facultad de Ciencias de la Educaci\u00f3n<\/strong> por el desarrollo de la cultura buentrato, convivencia e igualdad en la comunidad universitaria y prevenci\u00f3n de la violencia machista. Hablamos con ellas y ellos en las distintas secciones de nuestro programa.<\/p>\n<p style=\"padding-left: 30px; text-align: justify;\"><a href=\"https:\/\/radio.us.es\/episodio\/i-radiando-igualdad-episodio-5x06-reconocimientos-a-buenas-practicas-en-igualdad\/\" target=\"_blank\" rel=\"noopener noreferrer\"><span style=\"color: #993366;\">Esc\u00fachalo aqu\u00ed<\/span> <img loading=\"lazy\" decoding=\"async\" class=\"size-full wp-image-923 alignnone\" src=\"https:\/\/igualdad.us.es\/wpblog\/wp-content\/uploads\/2018\/05\/microfono_20x20.png\" alt=\"\" width=\"20\" height=\"26\" \/><\/a> &#8211; <a href=\"https:\/\/radio.us.es\/wp-content\/uploads\/2023\/05\/RadiUS_iRadiando-Igualdad_05x06-1.mp3\" target=\"_blank\" rel=\"noopener noreferrer\"><span style=\"color: #993366;\">Desc\u00e1rgalo aqu\u00ed<\/span> <img loading=\"lazy\" decoding=\"async\" class=\"size-full wp-image-925 alignnone\" src=\"https:\/\/igualdad.us.es\/wpblog\/wp-content\/uploads\/2018\/05\/descarga_20x20.png\" alt=\"\" width=\"20\" height=\"19\" \/><\/a><\/p>\n<p style=\"padding-left: 30px; text-align: justify;\"><strong><span style=\"color: #002866;\">5&#215;05 &#8211; 22\/marzo\/2023:<\/span><\/strong> <strong><span style=\"color: #993366;\">Irradiando 8M<br \/>\n<\/span><\/strong><\/p>\n<p style=\"padding-left: 30px; text-align: justify;\">El <strong>8 de marzo es el D\u00eda Internacional de la Mujer<\/strong> y, como cada a\u00f1o, la Organizaci\u00f3n de las Naciones Unidas crea un slogan para reivindicarlo, este a\u00f1o ha sido \u201c<strong>DigitALL: Innovaci\u00f3n y tecnolog\u00eda para la igualdad de g\u00e9nero<\/strong>\u201d. Por eso, en este programa participan dos expertas en la materia con quienes debatimos acerca de la <strong>brecha digital de g\u00e9nero<\/strong>: Betsaida Alexandre Barajas y Ana Mar\u00eda de la Torre Sierra. Con la <strong>escultora Ralitsa Hristova Stoilova<\/strong> hablamos sobre <strong>mujer y arte<\/strong>. Debatimos sobre el papel de las mujeres en las artes esc\u00e9nicas con la actriz sevillana y autora de la<strong> representaci\u00f3n teatral \u201cLa disidencia<\/strong>\u201d <strong>Inmaculada Pinilla G\u00f3mez y Josefa Fern\u00e1ndez Mart\u00edn<\/strong>, coordinadora del M\u00e1ster Universitario en Artes del Espect\u00e1culo Vivo. Adem\u00e1s, revisamos el III Plan de Igualdad, as\u00ed como noticias relacionadas con las actividades que se llevan a cabo durante el mes de marzo con el objetivo de reivindicar la igualdad.<\/p>\n<p style=\"padding-left: 30px; text-align: justify;\"><a href=\"https:\/\/radio.us.es\/episodio\/i-radiando-igualdad-episodio-5x05-8-de-marzo-mujer-y-arte-brecha-digital-de-genero-reivindicacion-feminista\/\" target=\"_blank\" rel=\"noopener noreferrer\"><span style=\"color: #993366;\">Esc\u00fachalo aqu\u00ed<\/span> <img loading=\"lazy\" decoding=\"async\" class=\"size-full wp-image-923 alignnone\" src=\"https:\/\/igualdad.us.es\/wpblog\/wp-content\/uploads\/2018\/05\/microfono_20x20.png\" alt=\"\" width=\"20\" height=\"26\" \/><\/a> &#8211; <a href=\"https:\/\/radio.us.es\/wp-content\/uploads\/2023\/03\/RadiUS_iRadiando-Igualdad_05x05..mp3\" target=\"_blank\" rel=\"noopener noreferrer\"><span style=\"color: #993366;\">Desc\u00e1rgalo aqu\u00ed<\/span> <img loading=\"lazy\" decoding=\"async\" class=\"size-full wp-image-925 alignnone\" src=\"https:\/\/igualdad.us.es\/wpblog\/wp-content\/uploads\/2018\/05\/descarga_20x20.png\" alt=\"\" width=\"20\" height=\"19\" \/><\/a><\/p>\n<p style=\"padding-left: 30px; text-align: justify;\"><strong><span style=\"color: #002866;\">5&#215;04 &#8211; 6\/marzo\/2023:<\/span><\/strong> <strong><span style=\"color: #993366;\">Irradiando 11F<br \/>\n<\/span><\/strong><\/p>\n<p style=\"padding-left: 30px; text-align: justify;\">Febrero es el mes del impulso de la presencia en igualdad de las mujeres en Investigaci\u00f3n desde que, una resoluci\u00f3n a las Naciones Unidas, declarase el 11 de febrero,\u00a0<strong><em>D\u00eda Internacional de la Mujer y la Ni\u00f1a en la Ciencia<\/em><\/strong>. Por eso, en este programa participan dos ejemplos de la Universidad de Sevilla de <strong>j\u00f3venes y brillantes investigadoras: Mar\u00eda Cumplido Cabello y Eleonara Viezzer<\/strong>. Con <strong>Mar\u00eda \u00c1ngeles Toda Iglesia<\/strong> hablamos de <strong>mujeres en la literatura<\/strong> y debatimos sobre la presencia de <strong>mujeres en tecnolog\u00eda<\/strong> con las dos <strong>directoras de Escuelas T\u00e9cnicas Superiores<\/strong> de nuestra universidad: en <strong>Ingenier\u00eda de la Edificaci\u00f3n Mar\u00eda Rosario Chaza Chimeno<\/strong> y <strong>en Inform\u00e1tica Mar\u00eda del Carmen Romero Ternero<\/strong>, adem\u00e1s de revisar el<strong> III Plan de Igualdad,<\/strong> as\u00ed como noticias relacionadas con la Igualdad.<\/p>\n<p style=\"padding-left: 30px; text-align: justify;\"><a href=\"https:\/\/radio.us.es\/episodio\/i-radiando-igualdad-episodio-5x04-irradiando-11f\/\" target=\"_blank\" rel=\"noopener noreferrer\"><span style=\"color: #993366;\">Esc\u00fachalo aqu\u00ed<\/span> <img loading=\"lazy\" decoding=\"async\" class=\"size-full wp-image-923 alignnone\" src=\"https:\/\/igualdad.us.es\/wpblog\/wp-content\/uploads\/2018\/05\/microfono_20x20.png\" alt=\"\" width=\"20\" height=\"26\" \/><\/a> &#8211; <a href=\"https:\/\/radio.us.es\/wp-content\/uploads\/2023\/03\/iRadiando-Igualdad_11F_modificado.mp3\" target=\"_blank\" rel=\"noopener noreferrer\"><span style=\"color: #993366;\">Desc\u00e1rgalo aqu\u00ed<\/span> <img loading=\"lazy\" decoding=\"async\" class=\"size-full wp-image-925 alignnone\" src=\"https:\/\/igualdad.us.es\/wpblog\/wp-content\/uploads\/2018\/05\/descarga_20x20.png\" alt=\"\" width=\"20\" height=\"19\" \/><\/a><\/p>\n<p style=\"padding-left: 30px; text-align: justify;\"><strong><span style=\"color: #002866;\">5&#215;03 &#8211; 15\/febrero\/2023:<\/span><\/strong> <strong><span style=\"color: #993366;\">Irradiando cuidados<br \/>\n<\/span><\/strong><\/p>\n<p style=\"padding-left: 30px;\">Coincidiendo con <strong>#DiaDeLaCroqueta<\/strong> (manjar hogare\u00f1o donde los haya) <strong>homenajeamos a mujeres que nos cuidaban<\/strong> porque, cuando eso ocurre como un mandato de g\u00e9nero, puede ser una fuente de desigualdad. Hablamos con <strong>M\u00aa de las Mercedes Lomas Campos<\/strong>, que como <strong>Defensora Universitaria<\/strong> nos cuida. Conocemos la investigaci\u00f3n sobre la percepci\u00f3n de sobrecarga por los cuidados y la salud mental de las mujeres andaluzas tras el COVID de <strong>Ana Isabel Mu\u00f1oz Gonz\u00e1lez<\/strong> (<strong>Premio al Mejor TFG<\/strong> en la <a href=\"https:\/\/igualdad.us.es\/?p=6221\" target=\"_blank\" rel=\"noopener\">6\u00aa edici\u00f3n de los Premios a los mejores TFG, TFM y TD en materia de Igualdad de G\u00e9nero de la US<\/a>). <strong>Carolina Alonso Hern\u00e1ndez y Blanca Rodr\u00edguez Ruiz<\/strong>, nos cuentan <strong>qu\u00e9 es y qu\u00e9 implica el concepto de \u201cCuidadan\u00eda\u00bb.<\/strong> Tambi\u00e9n escuchamos los versos de la poeta <strong>Alba Gonz\u00e1lez Sanz<\/strong> y, por \u00faltimo, revisamos algunas de las medidas que facilitan que nos cuidemos y cuidemos, a trav\u00e9s del<strong> III Plan de Igualdad de la US<\/strong>, as\u00ed como noticias relacionadas con la Igualdad.<\/p>\n<p style=\"padding-left: 30px;\">Como novedad, este programa se grab\u00f3 en directo por streaming el 27 de enero. Puedes vernos <a href=\"https:\/\/tv.us.es\/media\/27+ENERO.+08A40+H.A+IRRADIANDO+IGUALDAD\/1_jrnl87t5\/277686643\" target=\"_blank\" rel=\"noopener\">aqu\u00ed\u00a0<\/a><\/p>\n<p><a href=\"https:\/\/tv.us.es\/media\/27+ENERO.+08A40+H.A+IRRADIANDO+IGUALDAD\/1_jrnl87t5\/277686643\" target=\"_blank\" rel=\"noopener\"><img loading=\"lazy\" decoding=\"async\" class=\"aligncenter wp-image-6382 size-medium\" src=\"https:\/\/igualdad.us.es\/wpblog\/wp-content\/uploads\/2023\/02\/iRadiandoIgualdad-2023.01_streaming-300x170.png\" alt=\"\" width=\"300\" height=\"170\" srcset=\"https:\/\/igualdad.us.es\/wpblog\/wp-content\/uploads\/2023\/02\/iRadiandoIgualdad-2023.01_streaming-300x170.png 300w, https:\/\/igualdad.us.es\/wpblog\/wp-content\/uploads\/2023\/02\/iRadiandoIgualdad-2023.01_streaming-768x435.png 768w, https:\/\/igualdad.us.es\/wpblog\/wp-content\/uploads\/2023\/02\/iRadiandoIgualdad-2023.01_streaming.png 953w\" sizes=\"auto, (max-width: 300px) 100vw, 300px\" \/><\/a><\/p>\n<p style=\"padding-left: 30px; text-align: justify;\"><a href=\"https:\/\/radio.us.es\/episodio\/i-radiando-igualdad-episodio-5x02-diferentes-capacidades-personas-iguales-la-solidaridad-y-generosidad-eje-del-voluntariado\/\" target=\"_blank\" rel=\"noopener noreferrer\"><span style=\"color: #993366;\">Esc\u00fachalo aqu\u00ed<\/span> <img loading=\"lazy\" decoding=\"async\" class=\"size-full wp-image-923 alignnone\" src=\"https:\/\/igualdad.us.es\/wpblog\/wp-content\/uploads\/2018\/05\/microfono_20x20.png\" alt=\"\" width=\"20\" height=\"26\" \/><\/a> &#8211; <a href=\"https:\/\/radio.us.es\/wp-content\/uploads\/2022\/12\/RadiUS_iRadiando-Igualdad_05x02.mp3\" target=\"_blank\" rel=\"noopener noreferrer\"><span style=\"color: #993366;\">Desc\u00e1rgalo aqu\u00ed<\/span> <img loading=\"lazy\" decoding=\"async\" class=\"size-full wp-image-925 alignnone\" src=\"https:\/\/igualdad.us.es\/wpblog\/wp-content\/uploads\/2018\/05\/descarga_20x20.png\" alt=\"\" width=\"20\" height=\"19\" \/><\/a><\/p>\n<p style=\"padding-left: 30px; text-align: justify;\"><strong><span style=\"color: #002866;\">5&#215;02 &#8211; 22\/diciembre\/2022:<\/span><\/strong> <strong><span style=\"color: #993366;\">Diferentes capacidades, personas iguales. La solidaridad y generosidad: eje del voluntariado<br \/>\n<\/span><\/strong><\/p>\n<p style=\"padding-left: 30px;\">Centramos este programa, en la conmemoraci\u00f3n de los <strong>d\u00edas internacionales de las Personas con Discapacidad y del Voluntariado<\/strong>. Ambas conmemoraciones nos conectan con la solidaridad y generosidad de las personas, para que seamos diferentes pero iguales. Disfrutamos de la experiencia de flamenco inclusivo de la <strong>Compa\u00f1\u00eda de Jos\u00e9 Gal\u00e1n<\/strong>, acompa\u00f1ado de <strong>Montse Estepa Amador<\/strong> que nos deja su testimonio y su voz. Conocemos algo m\u00e1s del funcionamiento de la <strong>Unidad de Atenci\u00f3n a Estudiantes con Discapacidad<\/strong> de nuestra universidad, a trav\u00e9s de<strong> Mercedes de Lemus Vara<\/strong>. Se presentan los resultados m\u00e1s destacados del <strong>proyecto \u201cAn\u00e1lisis de las dificultades de las mujeres con discapacidad de la comunidad universitaria de la Universidad de Sevilla desde un enfoque de g\u00e9nero en el entorno universitario\u201d<\/strong>, de la mano de <strong>Linn\u00e9a Stamatia Meyer<\/strong> y <strong>Cristina Almendros Caballero<\/strong>, que han participado en \u00e9l.<\/p>\n<p style=\"padding-left: 30px;\">Abordamos el voluntariado, con 2 mujeres voluntarias Julia Rodr\u00edguez S\u00e1nchez, Alumna Voluntaria de la <strong>Red Ciudadana de Voluntariado para la Detecci\u00f3n y Apoyo a las V\u00edctimas de Violencia de G\u00e9nero en la US<\/strong> y <strong>\u00c1ngela Aguilar Garc\u00eda<\/strong> que ha sido voluntaria de <strong>Formaci\u00f3n en Cooperaci\u00f3n Internacional<\/strong>.<\/p>\n<p style=\"padding-left: 30px;\">Finalmente se muestran algunas acciones y medidas que contempla nuestro <strong>III Plan de Igualdad de la US<\/strong> relacionadas con el eje del programa y noticias interesantes en materia de g\u00e9nero.<\/p>\n<p style=\"padding-left: 30px; text-align: justify;\"><a href=\"https:\/\/radio.us.es\/episodio\/i-radiando-igualdad-episodio-5x02-diferentes-capacidades-personas-iguales-la-solidaridad-y-generosidad-eje-del-voluntariado\/\" target=\"_blank\" rel=\"noopener noreferrer\"><span style=\"color: #993366;\">Esc\u00fachalo aqu\u00ed<\/span> <img loading=\"lazy\" decoding=\"async\" class=\"size-full wp-image-923 alignnone\" src=\"https:\/\/igualdad.us.es\/wpblog\/wp-content\/uploads\/2018\/05\/microfono_20x20.png\" alt=\"\" width=\"20\" height=\"26\" \/><\/a> &#8211; <a href=\"https:\/\/radio.us.es\/wp-content\/uploads\/2022\/12\/RadiUS_iRadiando-Igualdad_05x02.mp3\" target=\"_blank\" rel=\"noopener noreferrer\"><span style=\"color: #993366;\">Desc\u00e1rgalo aqu\u00ed<\/span> <img loading=\"lazy\" decoding=\"async\" class=\"size-full wp-image-925 alignnone\" src=\"https:\/\/igualdad.us.es\/wpblog\/wp-content\/uploads\/2018\/05\/descarga_20x20.png\" alt=\"\" width=\"20\" height=\"19\" \/><\/a><\/p>\n<p style=\"padding-left: 30px; text-align: justify;\"><strong><span style=\"color: #002866;\">5&#215;01 &#8211; 23\/noviembre\/2022:<\/span><\/strong> <strong><span style=\"color: #993366;\">iRadiando Igualdad: Irradiando compromiso contra la violencia de g\u00e9nero<br \/>\n<\/span><\/strong><\/p>\n<p style=\"padding-left: 30px; text-align: justify;\">Iniciamos la quinta tempiorada alzando la voz, un curso m\u00e1s, para<strong> reivindicar la eliminaci\u00f3n de la violencia contra las mujeres<\/strong>. Presentaremos a <strong>Bel\u00e9n Zurbano Berenguer,<\/strong> profesora de Comunicaci\u00f3n de nuestra la Universidad. Se va a ahondar sobre la <strong>presencia de la violencia contra las mujeres en la pol\u00edtica<\/strong>, con <strong>Silvia Soriano Moreno<\/strong> desde la Universidad de Extremadura. Con la profesora <strong>Rosalba Mancina Ch\u00e1vez<\/strong> y dos de las participantes en un proyecto realizado por mujeres en \u00c1frica. Se inicia la presentaci\u00f3n de diferentes aspectos del<strong> III Plan de Igualdad de la US<\/strong>. Por \u00faltimo, se rinde homenaje a algunas de las<strong> pioneras de nuestro pa\u00eds en la lucha contra la violencia machista<\/strong>.<\/p>\n<p style=\"padding-left: 30px; text-align: justify;\"><a href=\"https:\/\/radio.us.es\/episodio\/i-radiando-igualdad-episodio-5x01-irradiando-compromiso-contra-la-violencia-de-genero\/\" target=\"_blank\" rel=\"noopener noreferrer\"><span style=\"color: #993366;\">Esc\u00fachalo aqu\u00ed<\/span> <img loading=\"lazy\" decoding=\"async\" class=\"size-full wp-image-923 alignnone\" src=\"https:\/\/igualdad.us.es\/wpblog\/wp-content\/uploads\/2018\/05\/microfono_20x20.png\" alt=\"\" width=\"20\" height=\"26\" \/><\/a> &#8211; <a href=\"https:\/\/radio.us.es\/wp-content\/uploads\/2022\/11\/I_RRADIANDO-PROGRAMA-NOVIEMBRE.mp3\" target=\"_blank\" rel=\"noopener noreferrer\"><span style=\"color: #993366;\">Desc\u00e1rgalo aqu\u00ed<\/span> <img loading=\"lazy\" decoding=\"async\" class=\"size-full wp-image-925 alignnone\" src=\"https:\/\/igualdad.us.es\/wpblog\/wp-content\/uploads\/2018\/05\/descarga_20x20.png\" alt=\"\" width=\"20\" height=\"19\" \/><\/a><\/p>\n<h4><a href=\"https:\/\/igualdad.us.es\/wpblog\/difusion\/iradiando-igualdad\/temporadas-del-programa-de-radio-iradiando-igualdad\/\"><span style=\"color: #993366;\">\u21d0 volver<\/span><\/a><\/h4>\n","protected":false},"excerpt":{"rendered":"<p>El programa de radio de la US por la igualdad<\/p>\n","protected":false},"author":1,"featured_media":1862,"parent":8333,"menu_order":5,"comment_status":"closed","ping_status":"closed","template":"","meta":{"footnotes":""},"class_list":["post-8359","page","type-page","status-publish","has-post-thumbnail","hentry"],"_links":{"self":[{"href":"https:\/\/igualdad.us.es\/wpblog\/wp-json\/wp\/v2\/pages\/8359","targetHints":{"allow":["GET"]}}],"collection":[{"href":"https:\/\/igualdad.us.es\/wpblog\/wp-json\/wp\/v2\/pages"}],"about":[{"href":"https:\/\/igualdad.us.es\/wpblog\/wp-json\/wp\/v2\/types\/page"}],"author":[{"embeddable":true,"href":"https:\/\/igualdad.us.es\/wpblog\/wp-json\/wp\/v2\/users\/1"}],"replies":[{"embeddable":true,"href":"https:\/\/igualdad.us.es\/wpblog\/wp-json\/wp\/v2\/comments?post=8359"}],"version-history":[{"count":1,"href":"https:\/\/igualdad.us.es\/wpblog\/wp-json\/wp\/v2\/pages\/8359\/revisions"}],"predecessor-version":[{"id":8360,"href":"https:\/\/igualdad.us.es\/wpblog\/wp-json\/wp\/v2\/pages\/8359\/revisions\/8360"}],"up":[{"embeddable":true,"href":"https:\/\/igualdad.us.es\/wpblog\/wp-json\/wp\/v2\/pages\/8333"}],"wp:featuredmedia":[{"embeddable":true,"href":"https:\/\/igualdad.us.es\/wpblog\/wp-json\/wp\/v2\/media\/1862"}],"wp:attachment":[{"href":"https:\/\/igualdad.us.es\/wpblog\/wp-json\/wp\/v2\/media?parent=8359"}],"curies":[{"name":"wp","href":"https:\/\/api.w.org\/{rel}","templated":true}]}}