{"id":8356,"date":"2025-03-18T08:07:45","date_gmt":"2025-03-18T07:07:45","guid":{"rendered":"https:\/\/igualdad.us.es\/wpblog\/?page_id=8356"},"modified":"2025-03-18T08:08:10","modified_gmt":"2025-03-18T07:08:10","slug":"iradiando-igualdad-temporada-4","status":"publish","type":"page","link":"https:\/\/igualdad.us.es\/wpblog\/difusion\/iradiando-igualdad\/temporadas-del-programa-de-radio-iradiando-igualdad\/iradiando-igualdad-temporada-4\/","title":{"rendered":"iRadiando Igualdad temporada 4"},"content":{"rendered":"<h5><strong><span style=\"color: #993366; font-size: 10pt;\">temporada 4<\/span><\/strong><\/h5>\n<p style=\"padding-left: 30px; text-align: justify;\"><strong><span style=\"color: #002866;\">4&#215;07 &#8211; 8\/julio\/2022:<\/span><\/strong> <strong><span style=\"color: #993366;\">iRadiando Igualdad: Cooperaci\u00f3n e igualdad de g\u00e9nero desde la US<br \/>\n<\/span><\/strong><\/p>\n<p style=\"padding-left: 30px; text-align: justify;\">En este programa centrado en la\u00a0<strong>cooperaci\u00f3n y la igualdad desde la US<\/strong>, arrancamos con un\u00a0<strong>poema<\/strong>\u00a0de\u00a0<strong>Ana P\u00e9rez Ca\u00f1amares<\/strong>, para despu\u00e9s conocer a\u00a0<strong>Rosa Lena Lozano<\/strong>\u00a0y su labor desde la\u00a0<strong>Oficina de Cooperaci\u00f3n para el Desarrollo<\/strong>\u00a0de la Universidad de Sevilla. Hablamos con\u00a0<strong>F\u00e1tima Le\u00f3n Larios<\/strong>,\u00a0<strong>docente e investigadora y colaboradora del grupo de cooperaci\u00f3n al desarrollo \u201cPromoci\u00f3n de la salud en colectivos vulnerables\u201d<\/strong>. Abordamos el\u00a0<strong>quinto Objetivo de Desarrollo Sostenible<\/strong>\u00a0de la mano de\u00a0<strong>Francisco Jos\u00e9 Rivera de los Santos<\/strong>, actual\u00a0<strong>Director de la Oficina de Cooperaci\u00f3n al Desarrollo<\/strong>\u00a0y a\u00a0<strong>Eva M\u00aa Trigo S\u00e1nchez<\/strong>, e<strong>xdirectora de la Oficina de Cooperaci\u00f3n al Desarrollo<\/strong>, en un interesante debate. Aprendemos de\u00a0<strong>cooperaci\u00f3n internacional con perspectiva de g\u00e9nero<\/strong>\u00a0con\u00a0<strong>Roxana Volio<\/strong>, antrop\u00f3loga social. Finalmente comentamos algunas de las iniciativas que se est\u00e1n llevando a cabo desde la Unidad para la Igualdad de la US y otras en materia de g\u00e9nero.<\/p>\n<p style=\"padding-left: 30px; text-align: justify;\"><a href=\"https:\/\/radio.us.es\/episodio\/i-radiando-igualdad-episodio-4x07-cooperacion-e-igualdad-de-genero-desde-la-us\/\" target=\"_blank\" rel=\"noopener noreferrer\"><span style=\"color: #993366;\">Esc\u00fachalo aqu\u00ed<\/span> <img loading=\"lazy\" decoding=\"async\" class=\"size-full wp-image-923 alignnone\" src=\"https:\/\/igualdad.us.es\/wpblog\/wp-content\/uploads\/2018\/05\/microfono_20x20.png\" alt=\"\" width=\"20\" height=\"26\" \/><\/a> &#8211; <a href=\"https:\/\/radio.us.es\/wp-content\/uploads\/2022\/07\/04x07.mp3\" target=\"_blank\" rel=\"noopener noreferrer\"><span style=\"color: #993366;\">Desc\u00e1rgalo aqu\u00ed<\/span> <img loading=\"lazy\" decoding=\"async\" class=\"size-full wp-image-925 alignnone\" src=\"https:\/\/igualdad.us.es\/wpblog\/wp-content\/uploads\/2018\/05\/descarga_20x20.png\" alt=\"\" width=\"20\" height=\"19\" \/><\/a><\/p>\n<p style=\"padding-left: 30px; text-align: justify;\"><strong><span style=\"color: #002866;\">4&#215;06 &#8211; 9\/junio\/2022:<\/span><\/strong> <strong><span style=\"color: #993366;\">iRadiando Igualdad: Irradiando diversidad y convivencia<br \/>\n<\/span><\/strong><\/p>\n<p style=\"padding-left: 30px; text-align: justify;\">En este programa, con motivo del d\u00eda de la <strong>visibilidad L\u00e9sbica y de los disturbios de Stonewall<\/strong>, est\u00e1 compuesto por una variedad de iniciativas, tertulias y entrevistas a personas que trabajan para que, tanto la US como la sociedad sea un espacio de diversidad e inclusi\u00f3n. Hablamos sobre la muestra \u201c<strong>Permutaciones\/ Probabilidades\/ Azar<\/strong>\u201d de <strong>Esther Ferrer<\/strong>. Comentamos en qu\u00e9 consiste <strong>Andalesgai, festival L\u00e9sbico, Gai, Bisexual y Transexual de Andaluc\u00eda<\/strong>. Debatimos con <strong>Sara Lopez Corlett, Alicia Arenas Moreno y Donatella Di Marco<\/strong> sobre <strong>diversidad e identidad sexual en sus investigaciones en la US<\/strong>. Conocemos, de manos de <strong>Jos\u00e9 Javier Martos Ramos<\/strong> y <strong>Jos\u00e9 Enrique Garc\u00eda Gonz\u00e1lez<\/strong> las jornadas \u201c<strong>Filolog\u00eda, Facultad diversa e inclusiva<\/strong>\u201d. Disfrutamos de una charla con <strong>Manuel Huertas Calvillo<\/strong>, alumno de la US que <strong>investiga la diversidad dentro de las aulas<\/strong>. Aprendemos de <strong>perspectiva de g\u00e9nero, inclusi\u00f3n y buentrato<\/strong> con <strong>Roxana Pastor Fasquelle<\/strong>. Finalmente comentamos algunas de las iniciativas que se est\u00e1n llevando a cabo desde la Unidad para la Igualdad de la US y otras en materia de g\u00e9nero.<\/p>\n<p style=\"padding-left: 30px; text-align: justify;\"><a href=\"https:\/\/radio.us.es\/episodio\/i-radiando-igualdad-episodio-4x06-irradiando-diversidad-y-convivencia\/\" target=\"_blank\" rel=\"noopener noreferrer\"><span style=\"color: #993366;\">Esc\u00fachalo aqu\u00ed<\/span> <img loading=\"lazy\" decoding=\"async\" class=\"size-full wp-image-923 alignnone\" src=\"https:\/\/igualdad.us.es\/wpblog\/wp-content\/uploads\/2018\/05\/microfono_20x20.png\" alt=\"\" width=\"20\" height=\"26\" \/><\/a> &#8211; <a href=\"https:\/\/radio.us.es\/wp-content\/uploads\/2022\/06\/04X06.mp3\" target=\"_blank\" rel=\"noopener noreferrer\"><span style=\"color: #993366;\">Desc\u00e1rgalo aqu\u00ed<\/span> <img loading=\"lazy\" decoding=\"async\" class=\"size-full wp-image-925 alignnone\" src=\"https:\/\/igualdad.us.es\/wpblog\/wp-content\/uploads\/2018\/05\/descarga_20x20.png\" alt=\"\" width=\"20\" height=\"19\" \/><\/a><\/p>\n<p style=\"padding-left: 30px; text-align: justify;\"><strong><span style=\"color: #002866;\">4&#215;05 &#8211; 13\/abril\/2022:<\/span><\/strong> <strong><span style=\"color: #993366;\">iRadiando Igualdad: La US por la igualdad<br \/>\n<\/span><\/strong><\/p>\n<p style=\"padding-left: 30px; text-align: justify;\">Este <strong>programa especial, con motivo del 8M y mes de las mujeres<\/strong>, est\u00e1 cargado de cultura, divulgaci\u00f3n y, como siempre, concienciaci\u00f3n. Contamos con la participaci\u00f3n de <strong>Jos\u00e9 Gal\u00e1n<\/strong> y su espect\u00e1culo de f<strong>lamenco inclusivo, Tejiendo Alas<\/strong>. Aprendemos con <strong>Coral Herrera<\/strong> c\u00f3mo pueden las mujeres <strong>liberarse del amor rom\u00e1ntico<\/strong>. Conocemos, de manos de <strong>Trinidad N\u00fa\u00f1ez Dom\u00ednguez y Luc\u00eda Sell Trujillo<\/strong>, a dise\u00f1adoras gr\u00e1ficas que hacen <strong>humor<\/strong> y acercan realidades desde el <strong>feminismo<\/strong>. Disfrutamos de unos de los temas de la rapera feminista <strong>Angy Quadritos<\/strong> llamado \u201c<strong>Sorora<\/strong>\u201d. Finalmente comentamos algunas de las iniciativas que se est\u00e1n llevando a cabo desde la Unidad para la Igualdad de la US y otras en materia de g\u00e9nero.<\/p>\n<p style=\"padding-left: 30px; text-align: justify;\"><a href=\"https:\/\/radio.us.es\/episodio\/i-radiando-igualdad-episodio-4x05-la-us-por-la-igualdad\/\" target=\"_blank\" rel=\"noopener noreferrer\"><span style=\"color: #993366;\">Esc\u00fachalo aqu\u00ed<\/span> <img loading=\"lazy\" decoding=\"async\" class=\"size-full wp-image-923 alignnone\" src=\"https:\/\/igualdad.us.es\/wpblog\/wp-content\/uploads\/2018\/05\/microfono_20x20.png\" alt=\"\" width=\"20\" height=\"26\" \/><\/a> &#8211; <a href=\"https:\/\/radio.us.es\/wp-content\/uploads\/2022\/04\/programa04x05.mp3\" target=\"_blank\" rel=\"noopener noreferrer\"><span style=\"color: #993366;\">Desc\u00e1rgalo aqu\u00ed<\/span> <img loading=\"lazy\" decoding=\"async\" class=\"size-full wp-image-925 alignnone\" src=\"https:\/\/igualdad.us.es\/wpblog\/wp-content\/uploads\/2018\/05\/descarga_20x20.png\" alt=\"\" width=\"20\" height=\"19\" \/><\/a><\/p>\n<p style=\"padding-left: 30px; text-align: justify;\"><strong><span style=\"color: #002866;\">4&#215;04 &#8211; 7\/marzo\/2022:<\/span><\/strong> <strong><span style=\"color: #993366;\">iRadiando Igualdad: Especial 11F en la US<br \/>\n<\/span><\/strong><\/p>\n<p style=\"padding-left: 30px; text-align: justify;\">Con motivo del <strong>11F, D\u00eda Internacional de la Mujer y la Ni\u00f1a en la Ciencia<\/strong>, la Universidad de Sevilla se compromete a visibilizar el papel de las mujeres en las disciplinas cient\u00edficas y t\u00e9cnicas. Escuchamos <strong>poemas que reconocen la labor de cient\u00edficas c\u00e9lebres, \u201cA hombros de gigantas<\/strong>\u201d. Conocemos a la profesora <strong>Rosario Chaza Chimeno<\/strong>, <strong>Directora de la Escuela T\u00e9cnica Superior de Ingenier\u00eda de Edificaci\u00f3n<\/strong>. Dialogamos sobre la <strong>brecha de g\u00e9nero en Ciencias con Josefa Masegosa Gallego<\/strong>,<strong> In\u00e9s Galindo Jim\u00e9nez, Laura Lechuga G\u00f3mez, Carmen Mu\u00f1oz Ferreiro, Paloma Peinado Aguayo, Julia Cort\u00e9s Delgado, Zaida Muxi Mart\u00ednez y Andrea Madalina Oprescu<\/strong>. Finalmente, todas las noticias en materia de g\u00e9nero.<\/p>\n<p style=\"padding-left: 30px; text-align: justify;\"><a href=\"https:\/\/radio.us.es\/episodio\/i-radiando-igualdad-episodio-4x04-11f-dia-internacional-de-la-mujer-y-la-nina-en-la-ciencia-brecha-de-genero\/\" target=\"_blank\" rel=\"noopener noreferrer\"><span style=\"color: #993366;\">Esc\u00fachalo aqu\u00ed<\/span> <img loading=\"lazy\" decoding=\"async\" class=\"size-full wp-image-923 alignnone\" src=\"https:\/\/igualdad.us.es\/wpblog\/wp-content\/uploads\/2018\/05\/microfono_20x20.png\" alt=\"\" width=\"20\" height=\"26\" \/><\/a> &#8211; <a href=\"https:\/\/radio.us.es\/wp-content\/uploads\/2022\/03\/programa04x04final-1.mp3\" target=\"_blank\" rel=\"noopener noreferrer\"><span style=\"color: #993366;\">Desc\u00e1rgalo aqu\u00ed<\/span> <img loading=\"lazy\" decoding=\"async\" class=\"size-full wp-image-925 alignnone\" src=\"https:\/\/igualdad.us.es\/wpblog\/wp-content\/uploads\/2018\/05\/descarga_20x20.png\" alt=\"\" width=\"20\" height=\"19\" \/><\/a><\/p>\n<p style=\"padding-left: 30px; text-align: justify;\"><strong><span style=\"color: #002866;\">4&#215;03 &#8211; 26\/enero\/2022:<\/span><\/strong> <strong><span style=\"color: #993366;\">iRadiando Igualdad: Sostenibilidad para la Igualdad<br \/>\n<\/span><\/strong><\/p>\n<p style=\"padding-left: 30px; text-align: justify;\">En este programa de i-Radiando Igualdad nos centramos en c\u00f3mo se avanza hacia <strong>un paisaje m\u00e1s sostenible desde la educaci\u00f3n ambiental<\/strong>. Abordaremos la importancia de la <strong>perspectiva de g\u00e9nero en el urbanismo<\/strong> con <strong>Lourdes Rojo Naranjo<\/strong>, y en el <strong>patrimonio de Los Alcores<\/strong> con<strong> Mar\u00eda Inmaculada Jim\u00e9nez Rold\u00e1n<\/strong>. Acudiremos a un an\u00e1lisis de las medidas necesarias para el <strong>objetivo 5 de Desarrollo Sostenible<\/strong> en un debate de la mano de <strong>Mar Correa Garc\u00eda<\/strong>, Jefa del \u00c1rea de Equidad de G\u00e9nero de la Junta de Andaluc\u00eda, y <strong>Francisco Jos\u00e9 Rivera de los Santos<\/strong>, profesor titular de la US y Director de la Oficina de Cooperaci\u00f3n al Desarrollo. Disfrutamos de la presentaci\u00f3n del<strong> libro \u2018Brujas\u2019 de la catedr\u00e1tica Adela Mu\u00f1oz P\u00e1ez.<\/strong> Finalmente, todas las noticias en materia de g\u00e9nero.<\/p>\n<p style=\"padding-left: 30px; text-align: justify;\"><a href=\"https:\/\/radio.us.es\/episodio\/i-radiando-igualdad-episodio-4x03-enero-2022\/\" target=\"_blank\" rel=\"noopener noreferrer\"><span style=\"color: #993366;\">Esc\u00fachalo aqu\u00ed<\/span> <img loading=\"lazy\" decoding=\"async\" class=\"size-full wp-image-923 alignnone\" src=\"https:\/\/igualdad.us.es\/wpblog\/wp-content\/uploads\/2018\/05\/microfono_20x20.png\" alt=\"\" width=\"20\" height=\"26\" \/><\/a> &#8211; <a href=\"https:\/\/radio.us.es\/wp-content\/uploads\/2022\/01\/04x03.mp3\" target=\"_blank\" rel=\"noopener noreferrer\"><span style=\"color: #993366;\">Desc\u00e1rgalo aqu\u00ed<\/span> <img loading=\"lazy\" decoding=\"async\" class=\"size-full wp-image-925 alignnone\" src=\"https:\/\/igualdad.us.es\/wpblog\/wp-content\/uploads\/2018\/05\/descarga_20x20.png\" alt=\"\" width=\"20\" height=\"19\" \/><\/a><\/p>\n<p style=\"padding-left: 30px; text-align: justify;\"><strong><span style=\"color: #002866;\">4&#215;02 &#8211; 23\/diciembre\/2021:<\/span><\/strong> <strong><span style=\"color: #993366;\">iRadiando Igualdad: III Plan de Igualdad de la US<br \/>\n<\/span><\/strong><\/p>\n<p style=\"padding-left: 30px; text-align: justify;\">En este programa de I-Radiando Igualdad profundizaremos en el desarrollo de la <strong>III Jornada de Reflexi\u00f3n sobre el Acoso en la Universidad<\/strong>: Profundizando en el Abordaje y Actuaci\u00f3n frente al Acoso. Entrevistamos a <strong>Marta Pajuelo Anula<\/strong>, actriz y estudiante del M\u00e1ster de Estudios de G\u00e9nero y Desarrollo Profesional de la US, que represent\u00f3 en la Jornada un caso de acoso sexual y laboral. Disfrutamos de la participaci\u00f3n de <strong>Sara Cagliero y Alicia Vald\u00e9s Lucas<\/strong>, las cuales nos actualizan sobre las investigaciones en materia de acoso sexual en la universidad. Podremos escuchar un interesante debate entre <strong>Rosa Casado Mej\u00eda y Ana M\u00aa L\u00f3pez Jim\u00e9nez<\/strong> sobre el recientemente aprobado <strong>III Plan de Igualdad de la US<\/strong>. En nuestra secci\u00f3n Radar Violeta, se comentar\u00e1n iniciativas, premios e interesantes proyectos sobre igualdad.<\/p>\n<p style=\"padding-left: 30px; text-align: justify;\"><a href=\"https:\/\/radio.us.es\/episodio\/i-radiando-igualdad-episodio-4x02-iii-plan-de-igualdad-de-la-us\/\" target=\"_blank\" rel=\"noopener noreferrer\"><span style=\"color: #993366;\">Esc\u00fachalo aqu\u00ed<\/span> <img loading=\"lazy\" decoding=\"async\" class=\"size-full wp-image-923 alignnone\" src=\"https:\/\/igualdad.us.es\/wpblog\/wp-content\/uploads\/2018\/05\/microfono_20x20.png\" alt=\"\" width=\"20\" height=\"26\" \/><\/a> &#8211; <a href=\"https:\/\/radio.us.es\/wp-content\/uploads\/2021\/12\/04x02.mp3\" target=\"_blank\" rel=\"noopener noreferrer\"><span style=\"color: #993366;\">Desc\u00e1rgalo aqu\u00ed<\/span> <img loading=\"lazy\" decoding=\"async\" class=\"size-full wp-image-925 alignnone\" src=\"https:\/\/igualdad.us.es\/wpblog\/wp-content\/uploads\/2018\/05\/descarga_20x20.png\" alt=\"\" width=\"20\" height=\"19\" \/><\/a><\/p>\n<p style=\"padding-left: 30px; text-align: justify;\"><strong><span style=\"color: #002866;\">4&#215;01 &#8211; 22\/noviembre\/2021:<\/span><\/strong> <strong><span style=\"color: #993366;\">iRadiando Igualdad: La US tejiendo redes en contra de la violencia machista<br \/>\n<\/span><\/strong><\/p>\n<p style=\"padding-left: 30px; text-align: justify;\">Inauguramos la cuarta temporada alzando la voz un 25N m\u00e1s, <a href=\"https:\/\/igualdad.us.es\/?p=5351\"><strong>D\u00eda Internacional de la Eliminaci\u00f3n de la Violencia contra las Mujeres<\/strong><\/a>, y presentamos iniciativas como la de los <a href=\"https:\/\/igualdad.us.es\/?p=5383\"><strong>Bancos Rojos<\/strong><\/a> en m\u00faltiples centros de la US. Hablamos con <strong>Teresa Alba P\u00e9rez y Juan Ignacio Paz Rodr\u00edguez<\/strong> y les preguntamos por el papel de mujeres y hombres. Celebramos el <a href=\"https:\/\/igualdad.us.es\/?p=5226\"><strong>Premio otorgado a la Red de Referentes para la Convivencia y Buentrato<\/strong><\/a> y entrevistamos a <strong>Mar\u00eda del Carmen Rold\u00e1n Fern\u00e1ndez<\/strong>. Conocemos a la <strong>ganadora de la <a href=\"https:\/\/igualdad.us.es\/?p=5313\">V Edici\u00f3n de Premios a los mejores Trabajos de Fin de Grado en materia de igualdad de g\u00e9nero<\/a>, Mariuxi Viviana Barrera Masache<\/strong> y su trabajo \u2018<strong>Resurgir<\/strong>\u2019. Visibilizamos la importancia del lenguaje inclusivo con <strong>Capitolina D\u00edaz<\/strong> a trav\u00e9s de la herramienta <a href=\"https:\/\/igualdad.us.es\/?p=5244\"><strong>CaDi<\/strong><\/a>, un conversor de texto que evita el lenguaje sexista.<\/p>\n<p style=\"padding-left: 30px; text-align: justify;\"><a href=\"https:\/\/radio.us.es\/episodio\/i-radiando-igualdad-episodio-4x01-25n\/\" target=\"_blank\" rel=\"noopener noreferrer\"><span style=\"color: #993366;\">Esc\u00fachalo aqu\u00ed<\/span> <img loading=\"lazy\" decoding=\"async\" class=\"size-full wp-image-923 alignnone\" src=\"https:\/\/igualdad.us.es\/wpblog\/wp-content\/uploads\/2018\/05\/microfono_20x20.png\" alt=\"\" width=\"20\" height=\"26\" \/><\/a> &#8211; <a href=\"https:\/\/radio.us.es\/wp-content\/uploads\/2021\/11\/I-Radiando-Igualdad_T4_P1.mp3\" target=\"_blank\" rel=\"noopener noreferrer\"><span style=\"color: #993366;\">Desc\u00e1rgalo aqu\u00ed<\/span> <img loading=\"lazy\" decoding=\"async\" class=\"size-full wp-image-925 alignnone\" src=\"https:\/\/igualdad.us.es\/wpblog\/wp-content\/uploads\/2018\/05\/descarga_20x20.png\" alt=\"\" width=\"20\" height=\"19\" \/><\/a><\/p>\n<h4><a href=\"https:\/\/igualdad.us.es\/wpblog\/difusion\/iradiando-igualdad\/temporadas-del-programa-de-radio-iradiando-igualdad\/\"><span style=\"color: #993366;\">\u21d0 volver<\/span><\/a><\/h4>\n","protected":false},"excerpt":{"rendered":"<p>El programa de radio de la US por la igualdad<\/p>\n","protected":false},"author":1,"featured_media":1862,"parent":8333,"menu_order":4,"comment_status":"closed","ping_status":"closed","template":"","meta":{"footnotes":""},"class_list":["post-8356","page","type-page","status-publish","has-post-thumbnail","hentry"],"_links":{"self":[{"href":"https:\/\/igualdad.us.es\/wpblog\/wp-json\/wp\/v2\/pages\/8356","targetHints":{"allow":["GET"]}}],"collection":[{"href":"https:\/\/igualdad.us.es\/wpblog\/wp-json\/wp\/v2\/pages"}],"about":[{"href":"https:\/\/igualdad.us.es\/wpblog\/wp-json\/wp\/v2\/types\/page"}],"author":[{"embeddable":true,"href":"https:\/\/igualdad.us.es\/wpblog\/wp-json\/wp\/v2\/users\/1"}],"replies":[{"embeddable":true,"href":"https:\/\/igualdad.us.es\/wpblog\/wp-json\/wp\/v2\/comments?post=8356"}],"version-history":[{"count":1,"href":"https:\/\/igualdad.us.es\/wpblog\/wp-json\/wp\/v2\/pages\/8356\/revisions"}],"predecessor-version":[{"id":8358,"href":"https:\/\/igualdad.us.es\/wpblog\/wp-json\/wp\/v2\/pages\/8356\/revisions\/8358"}],"up":[{"embeddable":true,"href":"https:\/\/igualdad.us.es\/wpblog\/wp-json\/wp\/v2\/pages\/8333"}],"wp:featuredmedia":[{"embeddable":true,"href":"https:\/\/igualdad.us.es\/wpblog\/wp-json\/wp\/v2\/media\/1862"}],"wp:attachment":[{"href":"https:\/\/igualdad.us.es\/wpblog\/wp-json\/wp\/v2\/media?parent=8356"}],"curies":[{"name":"wp","href":"https:\/\/api.w.org\/{rel}","templated":true}]}}