{"id":8353,"date":"2025-03-18T08:05:30","date_gmt":"2025-03-18T07:05:30","guid":{"rendered":"https:\/\/igualdad.us.es\/wpblog\/?page_id=8353"},"modified":"2025-03-18T08:08:20","modified_gmt":"2025-03-18T07:08:20","slug":"iradiando-igualdad-temporada-3","status":"publish","type":"page","link":"https:\/\/igualdad.us.es\/wpblog\/difusion\/iradiando-igualdad\/temporadas-del-programa-de-radio-iradiando-igualdad\/iradiando-igualdad-temporada-3\/","title":{"rendered":"iRadiando Igualdad temporada 3"},"content":{"rendered":"<h5><strong><span style=\"color: #993366; font-size: 10pt;\">temporada 3<\/span><\/strong><\/h5>\n<p style=\"padding-left: 30px; text-align: justify;\"><strong><span style=\"color: #002866;\">3&#215;03 &#8211; 19\/mayo\/2021:<\/span><\/strong> <strong><span style=\"color: #993366;\">iRadiando Igualdad: Especial Mi\u00e9rcoles Violeta<br \/>\n<\/span><\/strong><\/p>\n<p style=\"padding-left: 30px; text-align: justify;\">En este programa hacemos un <strong>especial por el 8 de marzo<\/strong>, en el que hablamos de la necesidad de seguir celebrando este d\u00eda de lucha y reivindicaci\u00f3n. Hablamos, adem\u00e1s, con mujeres invitadas a los <strong>Mi\u00e9rcoles Violeta<\/strong> que cada a\u00f1o organiza la Unidad para la Igualdad, en esta ocasi\u00f3n, centrados en las <strong>mujeres profesionales<\/strong> que han estado todo este a\u00f1o en primera l\u00ednea contra el covid. Las invitadas nos hablar\u00e1n de su papel durante la crisis sanitaria, pero tambi\u00e9n de mujeres que las inspiran, de lo que para ellas significa el 8M y, adem\u00e1s, dar\u00e1n mensajes a las oyentes para que contin\u00faen luchando por sus metas.<\/p>\n<p style=\"padding-left: 30px; text-align: justify;\"><a href=\"https:\/\/radio.us.es\/episodio\/i-radiando-igualdad-episodio-3x03-miercoles-vioeta\/\" target=\"_blank\" rel=\"noopener noreferrer\"><span style=\"color: #993366;\">Esc\u00fachalo aqu\u00ed<\/span> <img loading=\"lazy\" decoding=\"async\" class=\"size-full wp-image-923 alignnone\" src=\"https:\/\/igualdad.us.es\/wpblog\/wp-content\/uploads\/2018\/05\/microfono_20x20.png\" alt=\"\" width=\"20\" height=\"26\" \/><\/a> &#8211; <a href=\"https:\/\/radio.us.es\/wp-content\/uploads\/2021\/05\/programa_completo-2.mp3\" target=\"_blank\" rel=\"noopener noreferrer\"><span style=\"color: #993366;\">Desc\u00e1rgalo aqu\u00ed<\/span> <img loading=\"lazy\" decoding=\"async\" class=\"size-full wp-image-925 alignnone\" src=\"https:\/\/igualdad.us.es\/wpblog\/wp-content\/uploads\/2018\/05\/descarga_20x20.png\" alt=\"\" width=\"20\" height=\"19\" \/><\/a><\/p>\n<p style=\"padding-left: 30px; text-align: justify;\"><strong><span style=\"color: #002866;\">3&#215;02 &#8211; 9\/marzo\/2021:<\/span><\/strong> <strong><span style=\"color: #993366;\">iRadiando Igualdad: <span class=\"episodioTit\">Visibilizaci\u00f3n de las mujeres en diferentes \u00e1mbitos del saber<\/span><br \/>\n<\/span><\/strong><\/p>\n<p style=\"padding-left: 30px; text-align: justify;\">En este programa nos centramos en la <strong>visibilizaci\u00f3n de las mujeres <\/strong>en diferentes \u00e1mbitos del saber, <strong>especialmente en la ciencia<\/strong>, en el contexto del 11 de febrero, <strong>D\u00eda de la Mujer y la Ni\u00f1a en la Ciencia<\/strong>. Tenemos la suerte de contar con variadas disciplinas, desde el flamenco hasta el dise\u00f1o, pasando por la sexolog\u00eda y la psicolog\u00eda. Tambi\u00e9n haremos un repaso de los cursos relacionados con igualdad que han tenido lugar en los \u00faltimos meses y de otras actividades en esta l\u00ednea.<\/p>\n<p style=\"padding-left: 30px; text-align: justify;\"><a href=\"https:\/\/radio.us.es\/episodio\/i-radiando-igualdad-episodio-3x02-visibilizacion-de-las-mujeres-en-diferentes-ambitos-del-saber\/\" target=\"_blank\" rel=\"noopener noreferrer\"><span style=\"color: #993366;\">Esc\u00fachalo aqu\u00ed<\/span> <img loading=\"lazy\" decoding=\"async\" class=\"size-full wp-image-923 alignnone\" src=\"https:\/\/igualdad.us.es\/wpblog\/wp-content\/uploads\/2018\/05\/microfono_20x20.png\" alt=\"\" width=\"20\" height=\"26\" \/><\/a> &#8211; <a href=\"https:\/\/radio.us.es\/wp-content\/uploads\/2021\/03\/programa_febrero-2.mp3\" target=\"_blank\" rel=\"noopener noreferrer\"><span style=\"color: #993366;\">Desc\u00e1rgalo aqu\u00ed<\/span> <img loading=\"lazy\" decoding=\"async\" class=\"size-full wp-image-925 alignnone\" src=\"https:\/\/igualdad.us.es\/wpblog\/wp-content\/uploads\/2018\/05\/descarga_20x20.png\" alt=\"\" width=\"20\" height=\"19\" \/><\/a><\/p>\n<p style=\"padding-left: 30px; text-align: justify;\"><strong><span style=\"color: #002866;\">3&#215;01 &#8211; 11\/diciembre\/2020:<\/span><\/strong> <strong><span style=\"color: #993366;\">iRadiando Igualdad: Violencia de g\u00e9nero y medios de comunicaci\u00f3n<\/span><\/strong><\/p>\n<p style=\"padding-left: 30px; text-align: justify;\">Inauguramos esta nueva temporada con el saludo de <strong>Roc\u00edo M\u00e1rquez<\/strong>, encumbrada por la prensa como \u201c<strong>la voz de la nueva generaci\u00f3n del cante jondo<\/strong>\u201d. Hablaremos con <strong>Bel\u00e9n Zurbano Belenguer<\/strong> sobre el tratamiento que suelen dar los medios de comunicaci\u00f3n a la <strong>violencia de g\u00e9nero<\/strong> y, a continuaci\u00f3n, charlaremos con <strong>Rosario Naranjo Rom\u00e1n<\/strong>, doctora en Derecho de la US, sobre <strong>Igualdad y exclusi\u00f3n social.<\/strong> Conoceremos a <strong>Bego\u00f1a Barrera L\u00f3pez<\/strong>, <strong>ganadora del <a href=\"https:\/\/igualdad.us.es\/?page_id=764\">Premio a la Mejor Tesis Doctoral en materia de Igualdad de G\u00e9nero 2020<\/a><\/strong>, que nos hablar\u00e1 sobre \u00abMujeres bajo tutela: Una historia de la Secci\u00f3n Femenina de Falange\u00bb. En nuestra secci\u00f3n \u201cPopurr\u00ed Igualitario\u201d <strong>Mar\u00eda Ag\u00fcero<\/strong> dialogar\u00e1 con nosotras sobre la <strong>visibilidad y el empoderamiento de las mujeres LBT<\/strong>. Por \u00faltimo, haremos un breve repaso sobre actividades que se est\u00e1n llevando a cabo en materia de igualdad.<\/p>\n<p style=\"padding-left: 30px; text-align: justify;\"><a href=\"https:\/\/radio.us.es\/episodio\/i-radiando-igualdad-episodio-3x01-radiusencasa-violencia-de-genero-y-medios-de-comunicacion\/\" target=\"_blank\" rel=\"noopener noreferrer\"><span style=\"color: #993366;\">Esc\u00fachalo aqu\u00ed<\/span> <img loading=\"lazy\" decoding=\"async\" class=\"size-full wp-image-923 alignnone\" src=\"https:\/\/igualdad.us.es\/wpblog\/wp-content\/uploads\/2018\/05\/microfono_20x20.png\" alt=\"\" width=\"20\" height=\"26\" \/><\/a> &#8211; <a href=\"https:\/\/radio.us.es\/wp-content\/uploads\/2020\/12\/programa_iRadiando-igualdad.mp3\" target=\"_blank\" rel=\"noopener noreferrer\"><span style=\"color: #993366;\">Desc\u00e1rgalo aqu\u00ed<\/span> <img loading=\"lazy\" decoding=\"async\" class=\"size-full wp-image-925 alignnone\" src=\"https:\/\/igualdad.us.es\/wpblog\/wp-content\/uploads\/2018\/05\/descarga_20x20.png\" alt=\"\" width=\"20\" height=\"19\" \/><\/a><\/p>\n<h4><a href=\"https:\/\/igualdad.us.es\/wpblog\/difusion\/iradiando-igualdad\/temporadas-del-programa-de-radio-iradiando-igualdad\/\"><span style=\"color: #993366;\">\u21d0 volver<\/span><\/a><\/h4>\n","protected":false},"excerpt":{"rendered":"<p>El programa de radio de la US por la igualdad<\/p>\n","protected":false},"author":1,"featured_media":1862,"parent":8333,"menu_order":3,"comment_status":"closed","ping_status":"closed","template":"","meta":{"footnotes":""},"class_list":["post-8353","page","type-page","status-publish","has-post-thumbnail","hentry"],"_links":{"self":[{"href":"https:\/\/igualdad.us.es\/wpblog\/wp-json\/wp\/v2\/pages\/8353","targetHints":{"allow":["GET"]}}],"collection":[{"href":"https:\/\/igualdad.us.es\/wpblog\/wp-json\/wp\/v2\/pages"}],"about":[{"href":"https:\/\/igualdad.us.es\/wpblog\/wp-json\/wp\/v2\/types\/page"}],"author":[{"embeddable":true,"href":"https:\/\/igualdad.us.es\/wpblog\/wp-json\/wp\/v2\/users\/1"}],"replies":[{"embeddable":true,"href":"https:\/\/igualdad.us.es\/wpblog\/wp-json\/wp\/v2\/comments?post=8353"}],"version-history":[{"count":1,"href":"https:\/\/igualdad.us.es\/wpblog\/wp-json\/wp\/v2\/pages\/8353\/revisions"}],"predecessor-version":[{"id":8354,"href":"https:\/\/igualdad.us.es\/wpblog\/wp-json\/wp\/v2\/pages\/8353\/revisions\/8354"}],"up":[{"embeddable":true,"href":"https:\/\/igualdad.us.es\/wpblog\/wp-json\/wp\/v2\/pages\/8333"}],"wp:featuredmedia":[{"embeddable":true,"href":"https:\/\/igualdad.us.es\/wpblog\/wp-json\/wp\/v2\/media\/1862"}],"wp:attachment":[{"href":"https:\/\/igualdad.us.es\/wpblog\/wp-json\/wp\/v2\/media?parent=8353"}],"curies":[{"name":"wp","href":"https:\/\/api.w.org\/{rel}","templated":true}]}}