{"id":7946,"date":"2025-01-08T13:37:32","date_gmt":"2025-01-08T12:37:32","guid":{"rendered":"https:\/\/igualdad.us.es\/wpblog\/?page_id=7946"},"modified":"2025-01-08T13:37:32","modified_gmt":"2025-01-08T12:37:32","slug":"rosa-sensat","status":"publish","type":"page","link":"https:\/\/igualdad.us.es\/wpblog\/mujeres-destacadas\/rosa-sensat\/","title":{"rendered":"Rosa Sensat i Vil\u00e0"},"content":{"rendered":"<p style=\"text-align: justify;\"><span style=\"color: #993366;\">Rosa Sensat i Vil\u00e0 (1873-1961)<\/span><\/p>\n<p>Educadora y pedagoga. Contribuy\u00f3 a mejorar la educaci\u00f3n p\u00fablica en Catalu\u00f1a en las primeras d\u00e9cadas del S. XX al proponer e implementar una metodolog\u00eda de ense\u00f1anza con nuevas tendencias e innovaciones, centrada en: el conocimiento de las ni\u00f1as y ni\u00f1os, el respeto, la realidad contextual, la cotidianidad, la naturaleza, el espacio exterior y el acceso a las herramientas necesarias de aprendizaje para ni\u00f1os y ni\u00f1as. Adem\u00e1s, promovi\u00f3 una ense\u00f1anza de car\u00e1cter cient\u00edfico para las ni\u00f1as, diferente a la educaci\u00f3n de la \u00e9poca centrada en el hogar, en ser buenas madres, esposas y amas de casa.<\/p>\n<p>En 1914 la nombran directora de la primera Escuela Municipal P\u00fablica al aire libre del pa\u00eds, adscrita a las ideas de <em>L\u00b4Escola Nova<\/em>. Tambi\u00e9n estuvo vinculada al feminismo, en 1921 dise\u00f1\u00f3 el plan de estudios del Instituto de Cultura y Biblioteca Popular de la Mujer. En 1961, despu\u00e9s de su fallecimiento se cre\u00f3 la \u201cEscuela de Maestros Rosa Sensat\u201d que busca mantener y divulgar su metodolog\u00eda, as\u00ed como formar a las personas docentes en esta.<\/p>\n<blockquote><p><strong>\u00abLa libertad es una conquista a la que el hombre llega por medio de la educaci\u00f3n y la cultura\u00bb (Rosa Sensat Vila).<\/strong><\/p><\/blockquote>\n<p>La llegada del franquismo y la persecuci\u00f3n la llevaron a apartarse de su labor, pues su ideolog\u00eda era progresista y cercana a la catalanidad, por lo que la jubilaron en 1939 por no aceptar un puesto en una escuela dirigida por el nuevo r\u00e9gimen.<\/p>\n<p>&nbsp;<\/p>\n<p><a href=\"https:\/\/igualdad.us.es\/wpblog\/?page_id=910\"><span style=\"color: #993366;\">\u21b5 Volver<\/span><\/a><\/p>\n","protected":false},"excerpt":{"rendered":"<p>Educadora y pedagoga<\/p>\n","protected":false},"author":1,"featured_media":7947,"parent":910,"menu_order":0,"comment_status":"closed","ping_status":"closed","template":"","meta":{"footnotes":""},"class_list":["post-7946","page","type-page","status-publish","has-post-thumbnail","hentry"],"_links":{"self":[{"href":"https:\/\/igualdad.us.es\/wpblog\/wp-json\/wp\/v2\/pages\/7946","targetHints":{"allow":["GET"]}}],"collection":[{"href":"https:\/\/igualdad.us.es\/wpblog\/wp-json\/wp\/v2\/pages"}],"about":[{"href":"https:\/\/igualdad.us.es\/wpblog\/wp-json\/wp\/v2\/types\/page"}],"author":[{"embeddable":true,"href":"https:\/\/igualdad.us.es\/wpblog\/wp-json\/wp\/v2\/users\/1"}],"replies":[{"embeddable":true,"href":"https:\/\/igualdad.us.es\/wpblog\/wp-json\/wp\/v2\/comments?post=7946"}],"version-history":[{"count":1,"href":"https:\/\/igualdad.us.es\/wpblog\/wp-json\/wp\/v2\/pages\/7946\/revisions"}],"predecessor-version":[{"id":7948,"href":"https:\/\/igualdad.us.es\/wpblog\/wp-json\/wp\/v2\/pages\/7946\/revisions\/7948"}],"up":[{"embeddable":true,"href":"https:\/\/igualdad.us.es\/wpblog\/wp-json\/wp\/v2\/pages\/910"}],"wp:featuredmedia":[{"embeddable":true,"href":"https:\/\/igualdad.us.es\/wpblog\/wp-json\/wp\/v2\/media\/7947"}],"wp:attachment":[{"href":"https:\/\/igualdad.us.es\/wpblog\/wp-json\/wp\/v2\/media?parent=7946"}],"curies":[{"name":"wp","href":"https:\/\/api.w.org\/{rel}","templated":true}]}}