{"id":7912,"date":"2025-01-08T12:52:24","date_gmt":"2025-01-08T11:52:24","guid":{"rendered":"https:\/\/igualdad.us.es\/wpblog\/?page_id=7912"},"modified":"2025-01-08T12:56:57","modified_gmt":"2025-01-08T11:56:57","slug":"nina-simone","status":"publish","type":"page","link":"https:\/\/igualdad.us.es\/wpblog\/mujeres-destacadas\/nina-simone\/","title":{"rendered":"Nina Simone"},"content":{"rendered":"<p style=\"text-align: justify;\"><span style=\"color: #993366;\">Nina Simone (1933-2003) <\/span><\/p>\n<p>Influyente cantante, pianista y activista estadounidense, conocida por su potente mezcla de g\u00e9neros musicales como jazz, blues, soul, y m\u00fasica cl\u00e1sica. Como mujer afroamericana, Simone vivi\u00f3 las intersecciones de la discriminaci\u00f3n racial y el sexismo, lo que la llev\u00f3 a posicionarse en contra de las injusticias sociales en su m\u00fasica. Canciones como abordan la opresi\u00f3n de la mujer negra, mostrando las complejas realidades de sus vidas. Simone utiliz\u00f3 su plataforma para desafiar las normas patriarcales y raciales, convirti\u00e9ndose en un s\u00edmbolo de resistencia.<br \/>\nAdem\u00e1s de sus contribuciones pol\u00edticas, su carrera estuvo marcada por sus relaciones personales, la violencia de pareja y la lucha contra la salud mental. Simone no solo rompi\u00f3 barreras musicales, sino tambi\u00e9n las expectativas sociales, dejando un legado de empoderamiento femenino y resistencia ante las adversidades de ser mujer y negra en una \u00e9poca caracterizada por el dominio de los hombres blancos.<br \/>\nEstas experiencias tambi\u00e9n fueron reflejadas en su m\u00fasica, que no solo se centraba en los temas raciales, sino tambi\u00e9n en los desaf\u00edos emocionales y psicol\u00f3gicos que experimentaban las mujeres.<\/p>\n<p><a href=\"https:\/\/igualdad.us.es\/wpblog\/?page_id=910\"><span style=\"color: #993366;\">\u21b5 Volver<\/span><\/a><\/p>\n","protected":false},"excerpt":{"rendered":"<p>Cantante, pianista y activista afroestadounidense<\/p>\n","protected":false},"author":1,"featured_media":7913,"parent":910,"menu_order":0,"comment_status":"closed","ping_status":"closed","template":"","meta":{"footnotes":""},"class_list":["post-7912","page","type-page","status-publish","has-post-thumbnail","hentry"],"_links":{"self":[{"href":"https:\/\/igualdad.us.es\/wpblog\/wp-json\/wp\/v2\/pages\/7912","targetHints":{"allow":["GET"]}}],"collection":[{"href":"https:\/\/igualdad.us.es\/wpblog\/wp-json\/wp\/v2\/pages"}],"about":[{"href":"https:\/\/igualdad.us.es\/wpblog\/wp-json\/wp\/v2\/types\/page"}],"author":[{"embeddable":true,"href":"https:\/\/igualdad.us.es\/wpblog\/wp-json\/wp\/v2\/users\/1"}],"replies":[{"embeddable":true,"href":"https:\/\/igualdad.us.es\/wpblog\/wp-json\/wp\/v2\/comments?post=7912"}],"version-history":[{"count":3,"href":"https:\/\/igualdad.us.es\/wpblog\/wp-json\/wp\/v2\/pages\/7912\/revisions"}],"predecessor-version":[{"id":7918,"href":"https:\/\/igualdad.us.es\/wpblog\/wp-json\/wp\/v2\/pages\/7912\/revisions\/7918"}],"up":[{"embeddable":true,"href":"https:\/\/igualdad.us.es\/wpblog\/wp-json\/wp\/v2\/pages\/910"}],"wp:featuredmedia":[{"embeddable":true,"href":"https:\/\/igualdad.us.es\/wpblog\/wp-json\/wp\/v2\/media\/7913"}],"wp:attachment":[{"href":"https:\/\/igualdad.us.es\/wpblog\/wp-json\/wp\/v2\/media?parent=7912"}],"curies":[{"name":"wp","href":"https:\/\/api.w.org\/{rel}","templated":true}]}}