{"id":788,"date":"2018-05-18T08:51:49","date_gmt":"2018-05-18T08:51:49","guid":{"rendered":"http:\/\/igualdad.us.es\/wpblog\/?page_id=788"},"modified":"2025-11-25T12:05:23","modified_gmt":"2025-11-25T11:05:23","slug":"campana-25n","status":"publish","type":"page","link":"https:\/\/igualdad.us.es\/wpblog\/actuaciones\/campanas\/campana-25n\/","title":{"rendered":"Campa\u00f1a 25N &#8211; D\u00eda Internacional de la Eliminaci\u00f3n de la Violencia contra las Mujeres"},"content":{"rendered":"<h2><span style=\"color: #002858;\">Introducci\u00f3n<\/span><\/h2>\n<p>En el mes de noviembre se conmemora el <span style=\"color: #993366;\"><strong>25N,\u00a0D\u00eda Internacional de la Eliminaci\u00f3n de la Violencia contra las Mujeres<\/strong><\/span>. Seg\u00fan <strong><a href=\"https:\/\/www.unwomen.org\/es\" target=\"_blank\" rel=\"noopener\">ONU Mujeres<\/a><\/strong>, la violencia contra las mujeres y las ni\u00f1as sigue siendo la violaci\u00f3n de los derechos humanos m\u00e1s extendida de todo el mundo. Se estima que 736\u202fmillones de mujeres \u2014casi una de cada tres\u2014 han sufrido violencia f\u00edsica o sexual por parte de la pareja, violencia sexual fuera de la pareja, o ambas formas, al menos una vez en su vida. M\u00e1s de cuatro de cada cinco mujeres y ni\u00f1as (el 86%) viven en pa\u00edses sin una s\u00f3lida protecci\u00f3n legal o en pa\u00edses que no disponen f\u00e1cilmente de los datos.<\/p>\n<p>Ning\u00fan pa\u00eds est\u00e1 cerca de erradicar la violencia infligida por la pareja. Pese a la dimensi\u00f3n del problema y a estas tendencias preocupantes, los compromisos econ\u00f3micos para prevenir la violencia siguen siendo limitados.En consonancia con los Objetivos de Desarrollo Sostenible, resulta fundamental invertir en la prevenci\u00f3n de la violencia contra las mujeres y las ni\u00f1as para lograr la igualdad de g\u00e9nero de aqu\u00ed a 2030.<\/p>\n<p style=\"text-align: center;\"><span style=\"font-size: 14pt;\"><em><span style=\"font-family: trebuchet ms, geneva, sans-serif; color: #993366;\">La US por la eliminaci\u00f3n de la violencia contra las mujeres<\/span><\/em><\/span><\/p>\n<hr style=\"border-color: #993366;\" \/>\n<h2><span style=\"color: #002858;\">Campa\u00f1a 25N del 2025<\/span><\/h2>\n<p style=\"text-align: justify;\">La <strong>Universidad de Sevilla (US)<\/strong>, se suma a la conmemoraci\u00f3n de este d\u00eda con el lema \u00ab<span style=\"color: #9634f7;\"><strong>La US por la eliminaci\u00f3n de la Violencia contra las Mujeres<\/strong><\/span>\u00ab, realizando varios actos<\/p>\n<ul style=\"list-style-type: disc;\">\n<li>El <strong>25 de noviembre, a las 17:30h en la Puerta de la Fama del Rectorado<\/strong>, en c\/ San Fernando 4, donde se leer\u00e1 una declaraci\u00f3n y manifiesto de la US, la CRUE y RUIGEU, presentaci\u00f3n de la campa\u00f1a de este a\u00f1o con un mensaje que anima a la transformaci\u00f3n del miedo por el deseo y empe\u00f1o de atravesarlo y llegar a la meta y lectura de poemas y lectura de poemas.<\/li>\n<\/ul>\n<p><a href=\"https:\/\/igualdad.us.es\/wpblog\/wp-content\/uploads\/2025\/11\/Campana-25N-2025_Acto-cartel.jpg\" target=\"_blank\" rel=\"noopener\"><img loading=\"lazy\" decoding=\"async\" class=\"aligncenter wp-image-8980 size-medium\" src=\"https:\/\/igualdad.us.es\/wpblog\/wp-content\/uploads\/2025\/11\/Campana-25N-2025_Acto-cartel-240x300.jpg\" alt=\"\" width=\"240\" height=\"300\" srcset=\"https:\/\/igualdad.us.es\/wpblog\/wp-content\/uploads\/2025\/11\/Campana-25N-2025_Acto-cartel-240x300.jpg 240w, https:\/\/igualdad.us.es\/wpblog\/wp-content\/uploads\/2025\/11\/Campana-25N-2025_Acto-cartel-819x1024.jpg 819w, https:\/\/igualdad.us.es\/wpblog\/wp-content\/uploads\/2025\/11\/Campana-25N-2025_Acto-cartel-768x960.jpg 768w, https:\/\/igualdad.us.es\/wpblog\/wp-content\/uploads\/2025\/11\/Campana-25N-2025_Acto-cartel.jpg 1080w\" sizes=\"auto, (max-width: 240px) 100vw, 240px\" \/><\/a><\/p>\n<ul style=\"list-style-type: disc;\">\n<li style=\"list-style-type: none;\">\n<ul style=\"list-style-type: disc;\"><\/ul>\n<\/li>\n<\/ul>\n<p style=\"padding-left: 80px;\"><a href=\"https:\/\/igualdad.us.es\/wpblog\/wp-content\/uploads\/2025\/11\/Campana-25N-2025_Manifesto-CRUE.pdf\" target=\"_blank\" rel=\"noopener\">Descargar Manifiesto de la Conferencia de Rectores y Rectoras de las Universidades Espa\u00f1olas (CRUE) aqu\u00ed<\/a><br \/>\n<a href=\"https:\/\/igualdad.us.es\/wpblog\/wp-content\/uploads\/2025\/11\/Campana-25N-2025_Manifesto-RUIGEU.pdf\" target=\"_blank\" rel=\"noopener\">Descargar el Manifiesto de la Red de Unidades de Igualdad de G\u00e9nero para la Excelencia Universitaria (RUIGEU) aqu\u00ed<\/a><\/p>\n<ul style=\"list-style-type: disc;\">\n<li style=\"text-align: justify;\">El <strong>26 de noviembre, a las 18:30h en el Sal\u00f3n de Actos de la Facultad de Enfermer\u00eda, Fisioterapia y Podolog\u00eda de la US<\/strong>, y consistir\u00e1 en un <strong>concierto de Lourdes Pastor<\/strong>, cantautora de ra\u00edz flamenca, soci\u00f3loga y activista feminista, con el t\u00edtulo <strong>LATIDOS FLAMENCOS DE DEMOCRACIA Y FEMINISMO<\/strong><\/li>\n<\/ul>\n<p style=\"padding-left: 80px;\"><strong>LOURDES PASTOR.\u00a0<\/strong> Cantautora de ra\u00edz flamenca, soci\u00f3loga, defensora de los derechos humanos. Una de las voces m\u00e1s comprometidas y personales del flamenco actual. Lourdes Pastor a\u00fana en su trabajo arte, activismo y pensamiento cr\u00edtico, consolid\u00e1ndose como una de las grandes representantes del flamenco contempor\u00e1neo con perspectiva feminista y social. Ha actuado en escenarios de toda Espa\u00f1a y en el extranjero, llevando un mensaje claro: el arte es tambi\u00e9n una herramienta de transformaci\u00f3n social. Su trayectoria ha sido reconocida tanto por el p\u00fablico como por los medios, entre ellos El Pa\u00eds, que le ha dedicado recientemente una destacada entrevista en su contraportada. Su voz poderosa y su compromiso la han convertido en una referencia del flamenco actual con perspectiva feminista, memoria y derechos humanos.<\/p>\n<p style=\"padding-left: 80px;\"><strong>LATIDOS FLAMENCOS DE DEMOCRACIA Y FEMINISMO. <\/strong>Un espect\u00e1culo de m\u00fasica, palabra y emoci\u00f3n Duraci\u00f3n: 75 min aprox \u201cLatidos Flamencos de Democracia y Feminismo\u201d es mucho m\u00e1s que un concierto: es un viaje art\u00edstico por los ritmos del flamenco, la memoria hist\u00f3rica, la igualdad y la libertad. Una propuesta esc\u00e9nica que fusiona cante flamenco, canciones de cantautora con textos propios, poes\u00eda y reflexi\u00f3n. Lourdes Pastor nos ofrece un repertorio que emociona y provoca, desde el cante de fragua y las buler\u00edas hasta fusiones con ritmos actuales e himnos de libertad mundiales, siempre al servicio del mensaje, la belleza y la verdad art\u00edstica. Temas clave del espect\u00e1culo: Feminismo y derechos humanos Memoria hist\u00f3rica y democracia Violencia hacia las mujeres y empoderamiento Flamenco con mirada contempor\u00e1nea y comprometida M\u00fasica de cantautoras\/es de la transici\u00f3n.<\/p>\n<p style=\"padding-left: 80px;\"><strong><a href=\"https:\/\/igualdad.us.es\/wpblog\/wp-content\/uploads\/2025\/11\/Campana-25N-2025_Cartel.pdf\" target=\"_blank\" rel=\"noopener\">Descargar cartel aqu\u00ed<\/a><\/strong><\/p>\n<h3 style=\"text-align: center;\"><span style=\"color: #cc99ff;\">\u00a1\u00a1 Esperamos vuestra presencia !!<\/span><\/h3>\n<p><a href=\"https:\/\/igualdad.us.es\/wpblog\/wp-content\/uploads\/2025\/11\/Campana-25N-2025_Cartel.pdf\" target=\"_blank\" rel=\"noopener\"><img loading=\"lazy\" decoding=\"async\" class=\"aligncenter wp-image-8936 size-large\" src=\"https:\/\/igualdad.us.es\/wpblog\/wp-content\/uploads\/2025\/11\/Campana-25N-2025_Cartel-pag1-1024x576.png\" alt=\"Cartel\" width=\"640\" height=\"360\" srcset=\"https:\/\/igualdad.us.es\/wpblog\/wp-content\/uploads\/2025\/11\/Campana-25N-2025_Cartel-pag1-1024x576.png 1024w, https:\/\/igualdad.us.es\/wpblog\/wp-content\/uploads\/2025\/11\/Campana-25N-2025_Cartel-pag1-300x169.png 300w, https:\/\/igualdad.us.es\/wpblog\/wp-content\/uploads\/2025\/11\/Campana-25N-2025_Cartel-pag1-768x432.png 768w, https:\/\/igualdad.us.es\/wpblog\/wp-content\/uploads\/2025\/11\/Campana-25N-2025_Cartel-pag1.png 1280w\" sizes=\"auto, (max-width: 640px) 100vw, 640px\" \/><\/a><\/p>\n<p>&nbsp;<\/p>\n<h6><strong>Otras actividades<\/strong><\/h6>\n<ul>\n<li><a href=\"https:\/\/igualdad.us.es\/wpblog\/campana-sensibilizacion-no-todo-vale-2025\/\"><strong>II Campa\u00f1a sensibilizaci\u00f3n No todo vale: trata como quieras que te traten<\/strong><\/a> martes 25 de noviembre de 2025\u00a0de 11.00 a 11.30 h, en las gradas del patio de la Facultad de Ciencias de la Educaci\u00f3n.<\/li>\n<\/ul>\n<p><a href=\"https:\/\/igualdad.us.es\/wpblog\/campana-sensibilizacion-no-todo-vale-2025\/\" target=\"_blank\" rel=\"noopener\"><img loading=\"lazy\" decoding=\"async\" class=\"aligncenter wp-image-8973 size-full\" src=\"https:\/\/igualdad.us.es\/wpblog\/wp-content\/uploads\/2025\/11\/Campana-sensibilizacion-no-todo-vale_banner.png\" alt=\"\" width=\"600\" height=\"250\" srcset=\"https:\/\/igualdad.us.es\/wpblog\/wp-content\/uploads\/2025\/11\/Campana-sensibilizacion-no-todo-vale_banner.png 600w, https:\/\/igualdad.us.es\/wpblog\/wp-content\/uploads\/2025\/11\/Campana-sensibilizacion-no-todo-vale_banner-300x125.png 300w\" sizes=\"auto, (max-width: 600px) 100vw, 600px\" \/><\/a><\/p>\n<p><!-- ****** ************** --><\/p>\n","protected":false},"excerpt":{"rendered":"<p>La US por la eliminaci\u00f3n de la violencia contra las mujeres<\/p>\n","protected":false},"author":1,"featured_media":1874,"parent":785,"menu_order":3,"comment_status":"closed","ping_status":"closed","template":"","meta":{"footnotes":""},"class_list":["post-788","page","type-page","status-publish","has-post-thumbnail","hentry"],"_links":{"self":[{"href":"https:\/\/igualdad.us.es\/wpblog\/wp-json\/wp\/v2\/pages\/788","targetHints":{"allow":["GET"]}}],"collection":[{"href":"https:\/\/igualdad.us.es\/wpblog\/wp-json\/wp\/v2\/pages"}],"about":[{"href":"https:\/\/igualdad.us.es\/wpblog\/wp-json\/wp\/v2\/types\/page"}],"author":[{"embeddable":true,"href":"https:\/\/igualdad.us.es\/wpblog\/wp-json\/wp\/v2\/users\/1"}],"replies":[{"embeddable":true,"href":"https:\/\/igualdad.us.es\/wpblog\/wp-json\/wp\/v2\/comments?post=788"}],"version-history":[{"count":57,"href":"https:\/\/igualdad.us.es\/wpblog\/wp-json\/wp\/v2\/pages\/788\/revisions"}],"predecessor-version":[{"id":8991,"href":"https:\/\/igualdad.us.es\/wpblog\/wp-json\/wp\/v2\/pages\/788\/revisions\/8991"}],"up":[{"embeddable":true,"href":"https:\/\/igualdad.us.es\/wpblog\/wp-json\/wp\/v2\/pages\/785"}],"wp:featuredmedia":[{"embeddable":true,"href":"https:\/\/igualdad.us.es\/wpblog\/wp-json\/wp\/v2\/media\/1874"}],"wp:attachment":[{"href":"https:\/\/igualdad.us.es\/wpblog\/wp-json\/wp\/v2\/media?parent=788"}],"curies":[{"name":"wp","href":"https:\/\/api.w.org\/{rel}","templated":true}]}}