{"id":777,"date":"2018-05-18T07:08:13","date_gmt":"2018-05-18T07:08:13","guid":{"rendered":"http:\/\/igualdad.us.es\/wpblog\/?page_id=777"},"modified":"2026-03-26T21:43:30","modified_gmt":"2026-03-26T20:43:30","slug":"campana-8m","status":"publish","type":"page","link":"https:\/\/igualdad.us.es\/wpblog\/actuaciones\/campanas\/campana-8m\/","title":{"rendered":"Campa\u00f1a 8M &#8211; D\u00eda Internacional de las Mujeres"},"content":{"rendered":"<h2><span style=\"color: #002858;\">Introducci\u00f3n<\/span><\/h2>\n<p style=\"text-align: justify;\">En el mes de marzo se conmemora el 8M, <strong><span style=\"color: #993366;\">D\u00eda Internacional de las Mujeres<\/span><\/strong>, fecha importante que nos hace recordar que la igualdad efectiva entre mujeres y hombres a\u00fan no est\u00e1 conseguida.<\/p>\n<p style=\"text-align: justify;\">Desde la Universidad de Sevilla queremos alrededor de este d\u00eda, llevar a cabo una serie de actividades que visibilicen y reconozcan a las mujeres, para ponerlas en valor y para que sean ejemplos vivos para otras mujeres: mujeres pioneras, artistas, m\u00fasicas, cient\u00edficas, poetas, actrices, profesionales, mujeres que no son superwomen y que, sin embargo con sus experiencias, sabidur\u00eda, testimonios y vida nos hacen poner en valor el ser mujer. Por ello, te\u00f1imos de <span style=\"color: #800080;\">VIOLETA<\/span> el mes de <span style=\"color: #800080;\">MARZO<\/span>.<\/p>\n<p>&nbsp;<\/p>\n<h2><span style=\"color: #002858;\">Campa\u00f1a 8M del 2026<\/span><\/h2>\n<p><img loading=\"lazy\" decoding=\"async\" class=\"aligncenter wp-image-9275 size-full\" src=\"https:\/\/igualdad.us.es\/wpblog\/wp-content\/uploads\/2026\/03\/Campana_8M-Marzo-violeta-US-por-la-igualdad.png\" alt=\"\" width=\"663\" height=\"152\" srcset=\"https:\/\/igualdad.us.es\/wpblog\/wp-content\/uploads\/2026\/03\/Campana_8M-Marzo-violeta-US-por-la-igualdad.png 663w, https:\/\/igualdad.us.es\/wpblog\/wp-content\/uploads\/2026\/03\/Campana_8M-Marzo-violeta-US-por-la-igualdad-300x69.png 300w\" sizes=\"auto, (max-width: 663px) 100vw, 663px\" \/><\/p>\n<p style=\"padding-left: 40px;\">La <strong>US conmemora el 8 de Marzo, D\u00eda Internacional de las Mujeres<\/strong>, con un <strong><span style=\"color: #800080;\">MARZO VIOLETA<\/span><\/strong>, en los que tendremos las siguientes actividades<strong>:<\/strong><\/p>\n<p><a href=\"https:\/\/igualdad.us.es\/wpblog\/wp-content\/uploads\/2026\/03\/Campana_8M-2026_Cartel2.png\" target=\"_blank\" rel=\"noopener\"><img loading=\"lazy\" decoding=\"async\" class=\"aligncenter wp-image-9330 size-medium\" src=\"https:\/\/igualdad.us.es\/wpblog\/wp-content\/uploads\/2026\/03\/Campana_8M-2026_Cartel2-169x300.png\" alt=\"\" width=\"169\" height=\"300\" srcset=\"https:\/\/igualdad.us.es\/wpblog\/wp-content\/uploads\/2026\/03\/Campana_8M-2026_Cartel2-169x300.png 169w, https:\/\/igualdad.us.es\/wpblog\/wp-content\/uploads\/2026\/03\/Campana_8M-2026_Cartel2-576x1024.png 576w, https:\/\/igualdad.us.es\/wpblog\/wp-content\/uploads\/2026\/03\/Campana_8M-2026_Cartel2-768x1366.png 768w, https:\/\/igualdad.us.es\/wpblog\/wp-content\/uploads\/2026\/03\/Campana_8M-2026_Cartel2-864x1536.png 864w, https:\/\/igualdad.us.es\/wpblog\/wp-content\/uploads\/2026\/03\/Campana_8M-2026_Cartel2.png 1000w\" sizes=\"auto, (max-width: 169px) 100vw, 169px\" \/><\/a><\/p>\n<p style=\"padding-left: 30px; text-align: justify;\"><strong><span style=\"color: #800080;\">* CONTACTO CON TACTO, <\/span><\/strong>Taller-laboratorio. Se realizar\u00e1n 2 ediciones presenciales, de 15 horas en 5 sesiones de 3 hora, entre el 10 y el 24 de marzo. Sal\u00f3n multiuso del Pabell\u00f3n de Uruguay. Toda la informaci\u00f3n en <a href=\"https:\/\/igualdad.us.es\/wpblog\/taller-contacto-con-tacto-2026\/\">https:\/\/igualdad.us.es\/wpblog\/taller-contacto-con-tacto-2026\/\u00a0<\/a><\/p>\n<p><a href=\"https:\/\/igualdad.us.es\/wpblog\/wp-content\/uploads\/2025\/12\/Teatro-Contacto-con-tacto_Cartel-Salamandra.pdf\" target=\"_blank\" rel=\"noopener\"><img loading=\"lazy\" decoding=\"async\" class=\"aligncenter wp-image-9277 size-medium\" src=\"https:\/\/igualdad.us.es\/wpblog\/wp-content\/uploads\/2026\/03\/Taller-CONTACTO-CON-TACTO-2026_cartel-300x226.png\" alt=\"\" width=\"300\" height=\"226\" srcset=\"https:\/\/igualdad.us.es\/wpblog\/wp-content\/uploads\/2026\/03\/Taller-CONTACTO-CON-TACTO-2026_cartel-300x226.png 300w, https:\/\/igualdad.us.es\/wpblog\/wp-content\/uploads\/2026\/03\/Taller-CONTACTO-CON-TACTO-2026_cartel-1024x773.png 1024w, https:\/\/igualdad.us.es\/wpblog\/wp-content\/uploads\/2026\/03\/Taller-CONTACTO-CON-TACTO-2026_cartel-768x580.png 768w, https:\/\/igualdad.us.es\/wpblog\/wp-content\/uploads\/2026\/03\/Taller-CONTACTO-CON-TACTO-2026_cartel.png 1052w\" sizes=\"auto, (max-width: 300px) 100vw, 300px\" \/><\/a><\/p>\n<p style=\"padding-left: 30px; text-align: justify;\"><span style=\"color: #800080;\"><strong>* CIENT\u00cdFICAS: PASADO, PRESENTE Y FUTURO, <\/strong><\/span>Obra de teatro. 6\/Marzo, 11h. Sal\u00f3n de Actos de la ETSI Inform\u00e1tica. acceso libre hasta completar aforo. M\u00e1s informaci\u00f3n <a href=\"https:\/\/institucional.us.es\/cientificas\/\" target=\"_blank\" rel=\"noopener\">https:\/\/institucional.us.es\/cientificas\/<\/a><\/p>\n<p><a href=\"https:\/\/igualdad.us.es\/wpblog\/wp-content\/uploads\/2026\/03\/Cientificas-presente-pasado-futuro_cartel.png\" target=\"_blank\" rel=\"noopener\"><img loading=\"lazy\" decoding=\"async\" class=\"aligncenter wp-image-9278 size-medium\" src=\"https:\/\/igualdad.us.es\/wpblog\/wp-content\/uploads\/2026\/03\/Cientificas-presente-pasado-futuro_cartel-279x300.png\" alt=\"\" width=\"279\" height=\"300\" srcset=\"https:\/\/igualdad.us.es\/wpblog\/wp-content\/uploads\/2026\/03\/Cientificas-presente-pasado-futuro_cartel-279x300.png 279w, https:\/\/igualdad.us.es\/wpblog\/wp-content\/uploads\/2026\/03\/Cientificas-presente-pasado-futuro_cartel-768x825.png 768w, https:\/\/igualdad.us.es\/wpblog\/wp-content\/uploads\/2026\/03\/Cientificas-presente-pasado-futuro_cartel.png 953w\" sizes=\"auto, (max-width: 279px) 100vw, 279px\" \/><\/a><\/p>\n<p>&nbsp;<\/p>\n<p style=\"padding-left: 30px;\"><strong><span style=\"color: #800080;\">* ESPEJISMOS EN LA PISTA,<\/span> <\/strong>Conferencia teatralizada. 25\/Marzo, 9.30h. Sal\u00f3n de Actos del Pabell\u00f3n de Uruguay. Toda la informaci\u00f3n <a href=\"https:\/\/igualdad.us.es\/wpblog\/conferencia-espejismos-en-la-pista\/\" target=\"_blank\" rel=\"noopener\">https:\/\/igualdad.us.es\/wpblog\/conferencia-espejismos-en-la-pista\/<\/a><\/p>\n<p>&nbsp;<\/p>\n<p><a href=\"https:\/\/igualdad.us.es\/wpblog\/wp-content\/uploads\/2026\/03\/Conferencia_Espejismos_cartel.png\" target=\"_blank\" rel=\"noopener\"><img loading=\"lazy\" decoding=\"async\" class=\"aligncenter wp-image-9311 size-medium\" src=\"https:\/\/igualdad.us.es\/wpblog\/wp-content\/uploads\/2026\/03\/Conferencia_Espejismos_cartel-240x300.png\" alt=\"\" width=\"240\" height=\"300\" srcset=\"https:\/\/igualdad.us.es\/wpblog\/wp-content\/uploads\/2026\/03\/Conferencia_Espejismos_cartel-240x300.png 240w, https:\/\/igualdad.us.es\/wpblog\/wp-content\/uploads\/2026\/03\/Conferencia_Espejismos_cartel-819x1024.png 819w, https:\/\/igualdad.us.es\/wpblog\/wp-content\/uploads\/2026\/03\/Conferencia_Espejismos_cartel-768x960.png 768w, https:\/\/igualdad.us.es\/wpblog\/wp-content\/uploads\/2026\/03\/Conferencia_Espejismos_cartel.png 1000w\" sizes=\"auto, (max-width: 240px) 100vw, 240px\" \/><\/a><\/p>\n<p>&nbsp;<\/p>\n<p style=\"padding-left: 30px;\"><strong><span style=\"color: #800080;\">* MITO, VERDAD O ATREVIMIENTO,<\/span><\/strong> Conferencia. 18\/Marzo. 17h. Sal\u00f3n de Actos del Pabell\u00f3n de Uruguay. Toda la informaci\u00f3n <a href=\"https:\/\/igualdad.us.es\/wpblog\/conferencia-mito-verdad-o-atrevimiento\/\" target=\"_blank\" rel=\"noopener\">https:\/\/igualdad.us.es\/wpblog\/conferencia-mito-verdad-o-atrevimiento\/<\/a><\/p>\n<p>&nbsp;<\/p>\n<p><a href=\"https:\/\/igualdad.us.es\/wpblog\/wp-content\/uploads\/2026\/03\/Conferencia_MitoVerdadAtrevimiento_cartel.png\" target=\"_blank\" rel=\"noopener\"><img loading=\"lazy\" decoding=\"async\" class=\"aligncenter wp-image-9312 size-medium\" src=\"https:\/\/igualdad.us.es\/wpblog\/wp-content\/uploads\/2026\/03\/Conferencia_MitoVerdadAtrevimiento_cartel-212x300.png\" alt=\"\" width=\"212\" height=\"300\" srcset=\"https:\/\/igualdad.us.es\/wpblog\/wp-content\/uploads\/2026\/03\/Conferencia_MitoVerdadAtrevimiento_cartel-212x300.png 212w, https:\/\/igualdad.us.es\/wpblog\/wp-content\/uploads\/2026\/03\/Conferencia_MitoVerdadAtrevimiento_cartel-724x1024.png 724w, https:\/\/igualdad.us.es\/wpblog\/wp-content\/uploads\/2026\/03\/Conferencia_MitoVerdadAtrevimiento_cartel-768x1086.png 768w, https:\/\/igualdad.us.es\/wpblog\/wp-content\/uploads\/2026\/03\/Conferencia_MitoVerdadAtrevimiento_cartel.png 1000w\" sizes=\"auto, (max-width: 212px) 100vw, 212px\" \/><\/a><\/p>\n<p>&nbsp;<\/p>\n<p style=\"padding-left: 30px;\"><strong><span style=\"color: #800080;\">* AUTORIDAD FEMENINA: RECEPCI\u00d3N CR\u00cdTICA Y RELATO DEL YO,<\/span><\/strong> Jornadas internacionales. 4 y 5\/Marzo. 17h. Aula Luis Cernuda (118), Facultad de Filolog\u00eda y Aula de Grados Diego Angulo, Facultad de Geograf\u00eda e Historia. M\u00e1s informaci\u00f3n <a href=\"https:\/\/www.us.es\/eventos\/agenda\/xi-jornadas-internacionales-autoridad-femenina-recepcion-critica-y-relato-del-yo\" target=\"_blank\" rel=\"noopener\">https:\/\/www.us.es\/eventos\/agenda\/xi-jornadas-internacionales-autoridad-femenina-recepcion-critica-y-relato-del-yo<\/a><\/p>\n<p><a href=\"https:\/\/igualdad.us.es\/wpblog\/wp-content\/uploads\/2026\/03\/Jornada_AUTORIDAD-FEMENINA_cartel.jpg\" target=\"_blank\" rel=\"noopener\"><img loading=\"lazy\" decoding=\"async\" class=\"aligncenter wp-image-9282 size-medium\" src=\"https:\/\/igualdad.us.es\/wpblog\/wp-content\/uploads\/2026\/03\/Jornada_AUTORIDAD-FEMENINA_cartel-300x200.jpg\" alt=\"\" width=\"300\" height=\"200\" srcset=\"https:\/\/igualdad.us.es\/wpblog\/wp-content\/uploads\/2026\/03\/Jornada_AUTORIDAD-FEMENINA_cartel-300x200.jpg 300w, https:\/\/igualdad.us.es\/wpblog\/wp-content\/uploads\/2026\/03\/Jornada_AUTORIDAD-FEMENINA_cartel-1024x683.jpg 1024w, https:\/\/igualdad.us.es\/wpblog\/wp-content\/uploads\/2026\/03\/Jornada_AUTORIDAD-FEMENINA_cartel-768x512.jpg 768w, https:\/\/igualdad.us.es\/wpblog\/wp-content\/uploads\/2026\/03\/Jornada_AUTORIDAD-FEMENINA_cartel.jpg 1500w\" sizes=\"auto, (max-width: 300px) 100vw, 300px\" \/><\/a><\/p>\n<p style=\"padding-left: 30px;\"><strong><span style=\"color: #800080;\">* \u00c1FRICA ES FEMENINO,<\/span><\/strong> Concurso de dibujo. 8\/Marzo. 10h. Museo de Artes y Costumbres Populares de Sevilla. Organiza Asociaci\u00f3n Cultura y Cooperaci\u00f3n con \u00c1frica \u201cel Gulmu\u201d en colaboraci\u00f3n con la Facultad de Bellas Artes de la Universidad de Sevilla. M\u00e1s informaci\u00f3n <a href=\"https:\/\/bellasartes.us.es\/concursos-y-convocatorias\/concurso-de-dibujo-africa-es-femenino-8-de-marzo-2026\" target=\"_blank\" rel=\"noopener\">https:\/\/bellasartes.us.es\/concursos-y-convocatorias\/concurso-de-dibujo-africa-es-femenino-8-de-marzo-2026<\/a><\/p>\n<p>&nbsp;<\/p>\n<p><a href=\"https:\/\/igualdad.us.es\/wpblog\/wp-content\/uploads\/2026\/03\/Concurso-dibujo_Africa-es-femenino.jpg\" target=\"_blank\" rel=\"noopener\"><img loading=\"lazy\" decoding=\"async\" class=\"aligncenter wp-image-9318 size-medium\" src=\"https:\/\/igualdad.us.es\/wpblog\/wp-content\/uploads\/2026\/03\/Concurso-dibujo_Africa-es-femenino-225x300.jpg\" alt=\"\" width=\"225\" height=\"300\" srcset=\"https:\/\/igualdad.us.es\/wpblog\/wp-content\/uploads\/2026\/03\/Concurso-dibujo_Africa-es-femenino-225x300.jpg 225w, https:\/\/igualdad.us.es\/wpblog\/wp-content\/uploads\/2026\/03\/Concurso-dibujo_Africa-es-femenino-768x1024.jpg 768w, https:\/\/igualdad.us.es\/wpblog\/wp-content\/uploads\/2026\/03\/Concurso-dibujo_Africa-es-femenino.jpg 1000w\" sizes=\"auto, (max-width: 225px) 100vw, 225px\" \/><\/a><\/p>\n<p>&nbsp;<\/p>\n<p style=\"padding-left: 40px;\"><strong><span style=\"color: #800080;\">* EXPOSICI\u00d3N \u00abESCRITORAS ANDALUZAS EN TORNO AL 27\u00bb<\/span><\/strong>, Sala Maga, Centro cultural de la Rinconada 25 de marzo al 13 de abril de 2026.<\/p>\n<p><a href=\"https:\/\/igualdad.us.es\/wpblog\/wp-content\/uploads\/2026\/03\/exposicion_escritoras_andaluzas_27_cartel.png\" target=\"_blank\" rel=\"noopener\"><img loading=\"lazy\" decoding=\"async\" class=\"aligncenter wp-image-9397 size-medium\" src=\"https:\/\/igualdad.us.es\/wpblog\/wp-content\/uploads\/2026\/03\/exposicion_escritoras_andaluzas_27_cartel-120x300.png\" alt=\"\" width=\"120\" height=\"300\" srcset=\"https:\/\/igualdad.us.es\/wpblog\/wp-content\/uploads\/2026\/03\/exposicion_escritoras_andaluzas_27_cartel-120x300.png 120w, https:\/\/igualdad.us.es\/wpblog\/wp-content\/uploads\/2026\/03\/exposicion_escritoras_andaluzas_27_cartel.png 400w\" sizes=\"auto, (max-width: 120px) 100vw, 120px\" \/><\/a><\/p>\n<p style=\"padding-left: 40px;\"><strong><span style=\"color: #800080;\">* EXPOSICI\u00d3N FEN-GRAF\u00cdAS<\/span><\/strong>, Cartograf\u00eda feministas de seguridad, que puede verse en el Pabell\u00f3n de Uruguay desde el 25 de marzo al 17 de abril de 2026.<\/p>\n<p>&nbsp;<\/p>\n<p><a href=\"https:\/\/igualdad.us.es\/wpblog\/wp-content\/uploads\/2026\/03\/Expossicion_FEN-GRAFIAS_cartel.jpg\" target=\"_blank\" rel=\"noopener\"><img loading=\"lazy\" decoding=\"async\" class=\"aligncenter wp-image-9399 size-medium\" src=\"https:\/\/igualdad.us.es\/wpblog\/wp-content\/uploads\/2026\/03\/Expossicion_FEN-GRAFIAS_cartel-240x300.jpg\" alt=\"\" width=\"240\" height=\"300\" srcset=\"https:\/\/igualdad.us.es\/wpblog\/wp-content\/uploads\/2026\/03\/Expossicion_FEN-GRAFIAS_cartel-240x300.jpg 240w, https:\/\/igualdad.us.es\/wpblog\/wp-content\/uploads\/2026\/03\/Expossicion_FEN-GRAFIAS_cartel-819x1024.jpg 819w, https:\/\/igualdad.us.es\/wpblog\/wp-content\/uploads\/2026\/03\/Expossicion_FEN-GRAFIAS_cartel-768x960.jpg 768w, https:\/\/igualdad.us.es\/wpblog\/wp-content\/uploads\/2026\/03\/Expossicion_FEN-GRAFIAS_cartel.jpg 1080w\" sizes=\"auto, (max-width: 240px) 100vw, 240px\" \/><\/a><\/p>\n<p>&nbsp;<\/p>\n<p>&nbsp;<\/p>\n<p>&nbsp;<\/p>\n<p><span style=\"font-family: arial black, sans-serif;\"><strong>OTROS<\/strong><\/span><\/p>\n<p style=\"padding-left: 40px;\"><span style=\"color: #800080;\"><strong>* Colecci\u00f3n 8M de la Biblioteca de la US, <\/strong><\/span>Actualiza la <a href=\"https:\/\/fama.us.es\/discovery\/collectionDiscovery?vid=34CBUA_US:VU1&amp;collectionId=81467657860004987&amp;lang=es\" target=\"_blank\" rel=\"noopener\">colecci\u00f3n \u00ab8M\u00bb<\/a> en el cat\u00e1logo FAMA, diversificando sus fondos para ofrecer nuevas perspectivas sobre el feminismo. Esta muestra multidisciplinar invita a la comunidad universitaria a explorar desde el rigor del ensayo hasta la narrativa del c\u00f3mic o el s\u00e9ptimo arte a trav\u00e9s de las diferentes subcolecciones. La comunidad universitaria podr\u00e1n encontrar una oferta ampliada que abarca:<\/p>\n<ul style=\"list-style-type: disc;\">\n<li>Ensayos: obras clave sobre teor\u00eda feminista y retos sociales actuales.<\/li>\n<li>Literatura: narrativa contempor\u00e1nea y cl\u00e1sicos imprescindibles.<\/li>\n<li>C\u00f3mics y novela gr\u00e1fica: un lenguaje visual para narrar la igualdad.<\/li>\n<li>Cine: selecci\u00f3n de filmograf\u00eda con perspectiva de g\u00e9nero.<\/li>\n<li>Revistas: especializadas en estudios de g\u00e9nero.<\/li>\n<\/ul>\n<p style=\"padding-left: 40px;\"><a href=\"https:\/\/fama.us.es\/discovery\/collectionDiscovery?vid=34CBUA_US:VU1&amp;collectionId=81467657860004987&amp;lang=es\" target=\"_blank\" rel=\"noopener\">Accede al cat\u00e1logo pulsando aqu\u00ed.<\/a><\/p>\n<p>&nbsp;<\/p>\n<h5 style=\"padding-left: 30px; text-align: center;\"><em><strong>\u00a1no te pierdas nuestro <span style=\"color: #800080;\">Marzo Violeta<\/span>!<\/strong><\/em><\/h5>\n<h6 style=\"padding-left: 30px;\"><strong>leer noticia del 8M del Gabinete de Comunicaci\u00f3n de la US <\/strong><a href=\"https:\/\/www.us.es\/actualidad-de-la-us\/un-marzo-violeta-lleno-de-actividades-culturales-cientificas-y-formativas-en-la\" target=\"_blank\" rel=\"noopener\"><strong><span style=\"color: #800080;\">aqu\u00ed<\/span><\/strong><\/a><\/h6>\n<p><strong><span style=\"color: #993366;\">\u221a <\/span><\/strong><span style=\"color: #993366;\"><strong><span style=\"color: #993366;\"><a style=\"color: #993366;\" href=\"https:\/\/igualdad.us.es\/wpblog\/wp-content\/uploads\/2026\/03\/Campana_8M-2026_Manifiesto-CRUE.pdf\" target=\"_blank\" rel=\"noopener\">Manifiesto de la Conferencia de Rectores y Rectoras de las Universidades Espa\u00f1olas (CRUE) con motivo del 8M<\/a><\/span><\/strong><\/span><\/p>\n<p><strong><span style=\"color: #993366;\">\u221a <\/span><\/strong><span style=\"color: #993366;\"><strong><span style=\"color: #993366;\"><a style=\"color: #993366;\" href=\"https:\/\/igualdad.us.es\/wpblog\/wp-content\/uploads\/2026\/03\/Campana_8M-2026_Manifiesto-RUIGEU.pdf\" target=\"_blank\" rel=\"noopener\">Manifiesto de la Red de Unidades de Igualdad de G\u00e9nero para la Excelencia Universitaria (RUIGEU) con motivo del 8M<\/a><\/span><\/strong><\/span><\/p>\n<p><!-- *****\n<span style=\"display: inline-block; width: 0px; overflow: hidden; line-height: 0;\" data-mce-type=\"bookmark\" class=\"mce_SELRES_start\"><\/span>\n<strong><span style=\"color: #993366;\">\u221a\u00a0Referentes y reivindicaciones en el D\u00eda Internacional de la Mujer<\/span><\/strong>\n**** --><\/p>\n<hr style=\"border-color: #993366;\" \/>\n<h6><a href=\"https:\/\/igualdad.us.es\/?page_id=3115\"><span style=\"color: #002858;\">ir al hist\u00f3rico de las Campa\u00f1as 8M<\/span><\/a><\/h6>\n<p>&nbsp;<\/p>\n","protected":false},"excerpt":{"rendered":"<p>En el mes de marzo se conmemora el 8M, D\u00eda Internacional de la Mujer, fecha importante que nos hace recordar que la igualdad efectiva entre mujeres y hombres a\u00fan no est\u00e1 conseguida.<\/p>\n","protected":false},"author":1,"featured_media":7392,"parent":785,"menu_order":1,"comment_status":"closed","ping_status":"closed","template":"","meta":{"footnotes":""},"class_list":["post-777","page","type-page","status-publish","has-post-thumbnail","hentry"],"_links":{"self":[{"href":"https:\/\/igualdad.us.es\/wpblog\/wp-json\/wp\/v2\/pages\/777","targetHints":{"allow":["GET"]}}],"collection":[{"href":"https:\/\/igualdad.us.es\/wpblog\/wp-json\/wp\/v2\/pages"}],"about":[{"href":"https:\/\/igualdad.us.es\/wpblog\/wp-json\/wp\/v2\/types\/page"}],"author":[{"embeddable":true,"href":"https:\/\/igualdad.us.es\/wpblog\/wp-json\/wp\/v2\/users\/1"}],"replies":[{"embeddable":true,"href":"https:\/\/igualdad.us.es\/wpblog\/wp-json\/wp\/v2\/comments?post=777"}],"version-history":[{"count":186,"href":"https:\/\/igualdad.us.es\/wpblog\/wp-json\/wp\/v2\/pages\/777\/revisions"}],"predecessor-version":[{"id":9400,"href":"https:\/\/igualdad.us.es\/wpblog\/wp-json\/wp\/v2\/pages\/777\/revisions\/9400"}],"up":[{"embeddable":true,"href":"https:\/\/igualdad.us.es\/wpblog\/wp-json\/wp\/v2\/pages\/785"}],"wp:featuredmedia":[{"embeddable":true,"href":"https:\/\/igualdad.us.es\/wpblog\/wp-json\/wp\/v2\/media\/7392"}],"wp:attachment":[{"href":"https:\/\/igualdad.us.es\/wpblog\/wp-json\/wp\/v2\/media?parent=777"}],"curies":[{"name":"wp","href":"https:\/\/api.w.org\/{rel}","templated":true}]}}