{"id":715,"date":"2018-05-17T15:29:38","date_gmt":"2018-05-17T14:29:38","guid":{"rendered":"http:\/\/igualdad.us.es\/wpblog\/?page_id=715"},"modified":"2023-04-19T07:24:50","modified_gmt":"2023-04-19T06:24:50","slug":"iniciativas-2018","status":"publish","type":"page","link":"https:\/\/igualdad.us.es\/wpblog\/actuaciones\/convocatorias-inicitivas-igualdad\/iniciativas-igualdad-historico\/iniciativas-2018\/","title":{"rendered":"Seleccionadas 2018"},"content":{"rendered":"<p><span style=\"color: #993366;\"><strong>PUBLICIDAD DE LAS INICIATIVAS SELECCIONADAS EN LA CONVOCATORIA 2018<\/strong><\/span><br \/>\n<span style=\"color: #993366;\"><strong>\u232a Presentaci\u00f3n del v\u00eddeo<\/strong><strong> \u00abCient\u00edficas en corto\u00bb <\/strong><\/span><br \/>\n(Ref. Ayuda-6161)<\/p>\n<p style=\"padding-left: 30px;\"><strong>Organiza:<\/strong><span class=\"texto_gris\"> Grupo de investigaci\u00f3n \u00abCient\u00edficas: pasado, presente y futuro\u00bb de la US<\/span><br \/>\n<strong>Realizaci\u00f3n:<\/strong> 1 de abril de 2019, en la ETSI de Inform\u00e1tica<br \/>\n<strong>Inscripci\u00f3n:<\/strong> gratuita hasta completar aforo<br \/>\n<strong>Publicidad: <\/strong><span style=\"color: #993366;\"><a style=\"color: #993366;\" href=\"https:\/\/youtu.be\/w1HSkl8kjG8\" target=\"_blank\" rel=\"noopener noreferrer\">V\u00eddeo<\/a><\/span><\/p>\n<p><span style=\"color: #993366;\"><strong>\u232a <\/strong><strong>Jornadas \u00bfsientes malestar? Filolog\u00eda te escucha, te acompa\u00f1a, te orienta y juntas actuamos<\/strong><\/span><br \/>\n(Ref. Ayuda-190)<\/p>\n<p style=\"padding-left: 30px;\"><strong>Organiza:<\/strong><span class=\"texto_gris\"> Victor M. Borrego Zapata y Cristina Mart\u00ednez Fraile, profesorado de la US<\/span><br \/>\n<strong>Realizaci\u00f3n:<\/strong> 26 y 27 de noviembre de 2018, de 9 a 14h, en la Facultad de Filolog\u00eda<br \/>\n<strong>Inscripci\u00f3n:<\/strong> gratuita hasta completar aforo<br \/>\n<strong>Publicidad: <\/strong><span style=\"color: #993366;\"><a style=\"color: #993366;\" href=\"https:\/\/igualdad.us.es\/wpblog\/wp-content\/uploads\/2018\/iniciativas-igualdad\/iniciativas\/Ayuda-190_cartel.jpg\" target=\"_blank\" rel=\"noopener noreferrer\">Cartel<\/a><\/span><\/p>\n<p><span style=\"color: #993366;\"><strong>\u232a <\/strong><strong>Conferencia Feminismo en plural<\/strong><\/span><br \/>\n(Ref. Subvenci\u00f3n-5916)<\/p>\n<p style=\"padding-left: 30px;\"><strong>Organiza:<\/strong><span class=\"texto_gris\"> Acci\u00f3n en Red de Andaluc\u00eda<\/span><br \/>\n<strong>Realizaci\u00f3n:<\/strong> 27 de noviembre de 2018, de 18 a 20.30h, en la Sala de Grados de la Facultad de Ciencias del Trabajo. 26 de noviembre de 2018, de 11 a 14h, en el patio de la Facultad de Derecho. Juego donde visibilizaremos a mujeres decisivas en la lucha a favor de una sociedad m\u00e1s libre e igualitaria.<br \/>\n<strong>Inscripci\u00f3n:<\/strong> gratuita hasta completar aforo, previa inscripci\u00f3n, enviando nombre, DNI, edad, sexo, email al correo\u00a0<a href=\"mailto:aulapensamientocritico@gmail.com\" target=\"_blank\" rel=\"noopener noreferrer\">aulapensamientocritico@gmail.com<\/a><br \/>\n<strong>Publicidad: <\/strong><span style=\"color: #993366;\"><a style=\"color: #993366;\" href=\"https:\/\/igualdad.us.es\/wpblog\/wp-content\/uploads\/2018\/iniciativas-igualdad\/iniciativas\/Subvencion-6127_cartel.jpg\" target=\"_blank\" rel=\"noopener noreferrer\">Cartel d\u00eda 27<\/a> &#8211; <a style=\"color: #993366;\" href=\"https:\/\/igualdad.us.es\/wpblog\/wp-content\/uploads\/2018\/iniciativas-igualdad\/iniciativas\/Subvencion-6127_cartel-2.jpg\" target=\"_blank\" rel=\"noopener noreferrer\">Cartel d\u00eda 26<\/a><\/span><\/p>\n<p><span style=\"color: #993366;\"><strong>\u232a <\/strong><strong>Jornadas La mujer en la ingenier\u00eda: Mujeres, ciencia y tecnolog\u00eda: el ingenio (in)visible<\/strong><\/span><br \/>\n(Ref. Ayuda-5916)<\/p>\n<p style=\"padding-left: 30px;\"><strong>Organiza:<\/strong><span class=\"texto_gris\"> M\u00aa Dolores Borr\u00e1s Talavera, profesora de la US<\/span><br \/>\n<strong>Realizaci\u00f3n:<\/strong> 6 de noviembre de 2018, las 16:30 h en el Sal\u00f3n de Actos de la Escuela Polit\u00e9cnica<br \/>\n<strong>Inscripci\u00f3n:<\/strong> Acceso gratuito hasta completar aforo<br \/>\n<strong>Publicidad: <\/strong><span style=\"color: #993366;\"><a style=\"color: #993366;\" href=\"https:\/\/igualdad.us.es\/wpblog\/wp-content\/uploads\/2018\/iniciativas-igualdad\/iniciativas\/Ayuda-5916_cartel.pdf\" target=\"_blank\" rel=\"noopener noreferrer\">Cartel<\/a><\/span><\/p>\n<p><span style=\"color: #993366;\"><strong>\u232a <\/strong><strong>Curso Bola de nieve para la formaci\u00f3n de Agentes de Igualdad en poblaci\u00f3n universitaria<\/strong><\/span><br \/>\n(Ref. Subvenci\u00f3n-6006)<\/p>\n<p style=\"padding-left: 30px;\"><strong>Organiza:<\/strong><span class=\"texto_gris\"> Fundaci\u00f3n ATENEA<\/span><br \/>\n<strong>Realizaci\u00f3n:<\/strong> <span style=\"color: #ff0000;\">*** CANCELADO ***<\/span><br \/>\n<strong>Inscripci\u00f3n:<\/strong> gratuita hasta completar aforo, previa inscripci\u00f3n, enviando nombre, DNI, edad, sexo y email a <a href=\"mailto:sofapoyarte@fundacionatenea.org\" target=\"_blank\" rel=\"noopener noreferrer\">sofapoyarte@fundacionatenea.org<\/a><br \/>\n<strong>Publicidad: <\/strong><a style=\"color: #993366;\" href=\"https:\/\/igualdad.us.es\/wpblog\/wp-content\/uploads\/2018\/iniciativas-igualdad\/iniciativas\/Subvencion-6006_diptico.pdf\" target=\"_blank\" rel=\"noopener noreferrer\">D\u00edptico<\/a>\u00a0\u2013\u00a0<a style=\"color: #993366;\" href=\"https:\/\/igualdad.us.es\/wpblog\/wp-content\/uploads\/2018\/iniciativas-igualdad\/iniciativas\/Subvencion-6006_cartel.png\" target=\"_blank\" rel=\"noopener noreferrer\">Cartel<\/a><\/p>\n<p><span style=\"color: #993366;\"><strong>\u232a <\/strong><strong>Taller Construyendo la igualdad de g\u00e9nero a trav\u00e9s del psicodrama, 2\u00ba edici\u00f3n<\/strong><\/span><br \/>\n(Ref. Subvenci\u00f3n-5842)<\/p>\n<p style=\"padding-left: 30px;\"><strong>Organiza:<\/strong><span class=\"texto_gris\"> Asociaci\u00f3n Int\u00e9grate Crecimiento y Desarrollo Psicosocial<\/span><br \/>\n<strong>Realizaci\u00f3n:<\/strong> 22 y 23 de noviembre de 2018, en la Facultad de Psicolog\u00eda<br \/>\n<strong>Inscripci\u00f3n:<\/strong> gratuita hasta completar aforo para alumnado de 1\u00ba de psicolog\u00eda, previa inscripci\u00f3n, en <a href=\"https:\/\/www.psicoaccion.com\/taller-psicologia\/\" target=\"_blank\" rel=\"noopener noreferrer\">www.psicoaccion.com\/taller-psicologia\/<\/a><br \/>\n<strong>Publicidad: <\/strong><span style=\"color: #993366;\"><a style=\"color: #993366;\" href=\"https:\/\/igualdad.us.es\/wpblog\/wp-content\/uploads\/2018\/iniciativas-igualdad\/iniciativas\/Subvencion-5842_diptico.pdf\" target=\"_blank\" rel=\"noopener noreferrer\">D\u00edptico<\/a><\/span><\/p>\n<p><span style=\"color: #993366;\"><strong>\u232a <\/strong><strong>Concurso fotogr\u00e1fico Mujeres con discapacidad en resistencia<\/strong><\/span><br \/>\n(Ref. Subvenci\u00f3n-6023)<\/p>\n<p style=\"padding-left: 30px;\"><strong>Organiza:<\/strong> Comit\u00e9 de Entidades de Representantes de personas con Discapacidad de Andaluc\u00eda (CERMI Andaluc\u00eda)<br \/>\n<strong>Realizaci\u00f3n:<\/strong> propuestas hasta el 30 de octubre de 2018. Fallo del jurado antes del 16 de noviembre de 2018<br \/>\n<strong>Bases del concurso:<\/strong> <a style=\"color: #993366;\" href=\"https:\/\/igualdad.us.es\/wpblog\/wp-content\/uploads\/2018\/iniciativas-igualdad\/iniciativas\/Subvencion-6023_bases-concurso.pdf\" target=\"_blank\" rel=\"noopener noreferrer\">Aqu\u00ed<\/a><br \/>\n<strong>Inscripci\u00f3n:<\/strong> enviar propuesta al correo <a href=\"mailto:cermi.andalucia1@gmail.com\" target=\"_blank\" rel=\"noopener noreferrer\">cermi.andalucia1@gmail.com<\/a><br \/>\n<strong>Publicidad: <\/strong><span style=\"color: #993366;\"><a style=\"color: #993366;\" href=\"https:\/\/igualdad.us.es\/wpblog\/wp-content\/uploads\/2018\/iniciativas-igualdad\/iniciativas\/Subvencion-6023_cartel.jpg\" target=\"_blank\" rel=\"noopener noreferrer\">Cartel<\/a><\/span><\/p>\n<p><span style=\"color: #993366;\"><strong>\u232a <\/strong><strong>Congreso G\u00e9nero y Constituci\u00f3n. Mujeres y varones tras 40 a\u00f1os de desarrollo de nuestro marco constitucional<\/strong><\/span><br \/>\n(Ref. Ayuda-185)<\/p>\n<p style=\"padding-left: 30px;\"><strong>Organiza:<\/strong><span class=\"texto_gris\"> Blanca Rodr\u00edguez Ru\u00edz, profesora de la US<\/span><br \/>\n<strong>Realizaci\u00f3n:<\/strong> 25 y 26 de octubre de 2018, en el sal\u00f3n de grados de la Facultad de Derecho<br \/>\n<strong>Inscripci\u00f3n:<\/strong> gratuita hasta completar aforo, previa inscripci\u00f3n, enviando nombre, DNI, edad, sexo, email y horario que prefieres al correo <a href=\"mailto:cparraga@us.es\" target=\"_blank\" rel=\"noopener noreferrer\">cparraga@us.es<\/a><br \/>\n<strong>Publicidad: <\/strong><span style=\"color: #993366;\"><a style=\"color: #993366;\" href=\"https:\/\/igualdad.us.es\/wpblog\/wp-content\/uploads\/2018\/iniciativas-igualdad\/iniciativas\/Ayuda-185_programa.pdf\" target=\"_blank\" rel=\"noopener noreferrer\">D\u00edptico<\/a><\/span><\/p>\n<p><span style=\"color: #993366;\"><strong>\u232a <\/strong><strong>Taller Estrategias de gesti\u00f3n de las emociones en chicos estudiantes universitarios para prevenir la situaci\u00f3n de acoso<\/strong><\/span><br \/>\n(Ref. Ayuda-6203)<\/p>\n<p style=\"padding-left: 30px;\"><strong>Organiza:<\/strong><span class=\"texto_gris\"> Mercedes Borda Mas, profesora de la US<\/span><br \/>\n<strong>Realizaci\u00f3n:<\/strong> 22, 24, 29 y 30 de octubre de 2018 en el sal\u00f3n de grados de la Facultad de Enfermer\u00eda, Fisioterapia y Podolog\u00eda<br \/>\n<strong>Inscripci\u00f3n:<\/strong> acceso gratuito hasta completar aforo.<br \/>\n<strong>Publicidad: <\/strong><span style=\"color: #993366;\"><a style=\"color: #993366;\" href=\"https:\/\/igualdad.us.es\/wpblog\/wp-content\/uploads\/2018\/iniciativas-igualdad\/iniciativas\/Ayuda-6203_cartel.pdf\" target=\"_blank\" rel=\"noopener noreferrer\">Cartel<\/a><\/span><\/p>\n<p><span style=\"color: #993366;\"><strong>\u232a <\/strong><strong>Seminario La violencia sexual a debate<\/strong><\/span><br \/>\n(Ref. Subvenci\u00f3n-6130)<\/p>\n<p style=\"padding-left: 30px;\"><strong>Organiza:<\/strong><span class=\"texto_gris\"> Asociaci\u00f3n de Mujeres P\u00e1ginas Violeta<\/span><br \/>\n<strong>Realizaci\u00f3n:<\/strong> 15, 16 y 17 de octubre de 2018, de 9.30 a 14.30 h, en sal\u00f3n de actos de la Facultad de CC. de la Educaci\u00f3n<br \/>\n<strong>Inscripci\u00f3n:<\/strong> gratuita hasta completar aforo, previa inscripci\u00f3n, enviando ficha de inscripci\u00f3n al correo\u00a0<a href=\"mailto:jorcomcult@gmail.com\" target=\"_blank\" rel=\"noopener noreferrer\">paginas.violeta@gmail.com<\/a><br \/>\n<strong>Publicidad: <\/strong><span style=\"color: #993366;\"><a style=\"color: #993366;\" href=\"https:\/\/igualdad.us.es\/wpblog\/wp-content\/uploads\/2018\/iniciativas-igualdad\/iniciativas\/Subvencion-6130_diptico.pdf\" target=\"_blank\" rel=\"noopener noreferrer\">D\u00edptico y ficha de inscripci\u00f3n<\/a><\/span><\/p>\n<p><span style=\"color: #993366;\"><strong>\u232a <\/strong><strong>Jornadas universitarias Igualdad de g\u00e9nero e ideolog\u00eda en la cultura de masas<\/strong><\/span><br \/>\n(Ref. Ayuda-6110)<\/p>\n<p style=\"padding-left: 30px;\"><strong>Organiza:<\/strong><span class=\"texto_gris\"> Bianca S\u00e1nchez Guti\u00e9rrez, profesora de la US<\/span><br \/>\n<strong>Realizaci\u00f3n:<\/strong> 24 y 25 de octubre de 2018 en el sal\u00f3n de grados de la Facultad de Comunicaci\u00f3n<br \/>\n<strong>Inscripci\u00f3n:<\/strong> gratuita hasta completar aforo, previa inscripci\u00f3n, enviando nombre, DNI y email al correo\u00a0<a href=\"mailto:jorcomcult@gmail.com\" target=\"_blank\" rel=\"noopener noreferrer\">jorcomcult@gmail.com<\/a><br \/>\n<strong>Publicidad: <\/strong><span style=\"color: #993366;\"><a style=\"color: #993366;\" href=\"https:\/\/igualdad.us.es\/wpblog\/wp-content\/uploads\/2018\/iniciativas-igualdad\/iniciativas\/Ayuda-6110_cartel.png\" target=\"_blank\" rel=\"noopener noreferrer\">Cartel<\/a> &#8211; <a style=\"color: #993366;\" href=\"https:\/\/igualdad.us.es\/wpblog\/wp-content\/uploads\/2018\/iniciativas-igualdad\/iniciativas\/Ayuda-6110_diptico.pdf\" target=\"_blank\" rel=\"noopener noreferrer\">Programa<\/a><\/span><\/p>\n<p><span style=\"color: #993366;\"><strong>\u232a <\/strong><strong>XI Encuentro Internacional Mujeres Singulares: la lucha de las espa\u00f1olas por sus derechos. 100 a\u00f1os despu\u00e9s \u2026 \u00a1nada que perder!<\/strong><\/span><br \/>\n(Ref. Subvenci\u00f3n-6129)<\/p>\n<p style=\"padding-left: 30px;\"><strong>Organiza:<\/strong><span class=\"texto_gris\"> Asociaci\u00f3n por los Derechos de las Mujeres Mar\u00eda Laffitte<\/span><br \/>\n<strong>Realizaci\u00f3n:<\/strong> 24, 25 y 26 de octubre de 2018, de 9 a 14 h, en sal\u00f3n de grados de la Facultad de CC. del Trabajo<br \/>\n<strong>Inscripci\u00f3n:<\/strong> gratuita hasta completar aforo.<br \/>\n<strong>Publicidad: <\/strong><span style=\"color: #993366;\"><a style=\"color: #993366;\" href=\"https:\/\/igualdad.us.es\/wpblog\/wp-content\/uploads\/2018\/iniciativas-igualdad\/iniciativas\/Subvencion-6129_cartel.pdf\" target=\"_blank\" rel=\"noopener noreferrer\">Cartel<\/a> &#8211; <a style=\"color: #993366;\" href=\"https:\/\/igualdad.us.es\/wpblog\/wp-content\/uploads\/2018\/iniciativas-igualdad\/iniciativas\/Subvencion-6129_programa.pdf\" target=\"_blank\" rel=\"noopener noreferrer\">Programa<\/a><\/span><\/p>\n<p><span style=\"color: #993366;\"><strong>\u232a <\/strong><strong>Curso Violencias, feminismo y comunicaci\u00f3n. Una mirada hacia la investigaci\u00f3n predoctoral<\/strong><\/span><br \/>\n(Ref. Ayuda-5705)<\/p>\n<p style=\"padding-left: 30px;\"><strong>Organiza:<\/strong><span class=\"texto_gris\"> M\u00aa del Mar Garc\u00eda Gordillo, profesora de la US<\/span><br \/>\n<strong>Realizaci\u00f3n:<\/strong> 16, 17 y 18 de octubre de 2018 en la Facultad de Comunicaci\u00f3n.<br \/>\n<strong>Inscripci\u00f3n:<\/strong> gratuita hasta completar aforo, previa inscripci\u00f3n en el correo\u00a0<a href=\"mailto:cursoviolencias2018@gmail.com\" target=\"_blank\" rel=\"noopener noreferrer\">cursoviolencias2018@gmail.com<\/a><br \/>\n<strong>Publicidad: <\/strong><span style=\"color: #993366;\"><a style=\"color: #993366;\" href=\"https:\/\/igualdad.us.es\/wpblog\/wp-content\/uploads\/2018\/iniciativas-igualdad\/iniciativas\/Ayuda-5705_cartel.jpg\" target=\"_blank\" rel=\"noopener noreferrer\">Cartel<\/a> &#8211; <a style=\"color: #993366;\" href=\"https:\/\/igualdad.us.es\/wpblog\/wp-content\/uploads\/2018\/iniciativas-igualdad\/iniciativas\/Ayuda-5705_cartel-programa.jpg\" target=\"_blank\" rel=\"noopener noreferrer\">Programa<\/a><\/span><\/p>\n<p><span style=\"color: #993366;\"><strong>\u232a <\/strong><strong>Taller Apoyar a la joven que sufre violencia de g\u00e9nero: intervenir con su grupo de iguales<\/strong><\/span><br \/>\n(Ref. Subvenci\u00f3n-5888)<\/p>\n<p style=\"padding-left: 30px;\"><strong>Organiza:<\/strong><span class=\"texto_gris\"> Asociaci\u00f3n Acci\u00f3n de G\u00e9nero<\/span><br \/>\n<strong>Realizaci\u00f3n:<\/strong> 3, 10 y 17 de octubre de 2018, de 17 a 20\u201930 h, en la sala multiusos del Pabell\u00f3n de Uruguay.<br \/>\n<strong>Inscripci\u00f3n:<\/strong> gratuita hasta completar aforo, previo env\u00edo formulario de inscripci\u00f3n al correo <a href=\"mailto:jignacio.paz.rodriguez@gmail.com\" target=\"_blank\" rel=\"noopener noreferrer\">jignacio.paz.rodriguez@gmail.com<\/a><br \/>\n<strong>Publicidad: <\/strong><span style=\"color: #993366;\"><a style=\"color: #993366;\" href=\"https:\/\/igualdad.us.es\/wpblog\/wp-content\/uploads\/2018\/iniciativas-igualdad\/iniciativas\/Subvencion-5888_cartel.pdf\" target=\"_blank\" rel=\"noopener noreferrer\">Cartel<\/a> &#8211; <a style=\"color: #993366;\" href=\"https:\/\/igualdad.us.es\/wpblog\/wp-content\/uploads\/2018\/iniciativas-igualdad\/iniciativas\/Subvencion-5888_inscripcion.pdf\" target=\"_blank\" rel=\"noopener noreferrer\">Formulario inscripci\u00f3n<\/a> &#8211; <a style=\"color: #993366;\" href=\"https:\/\/igualdad.us.es\/wpblog\/wp-content\/uploads\/2018\/iniciativas-igualdad\/iniciativas\/Subvencion-5888_programa.pdf\" target=\"_blank\" rel=\"noopener noreferrer\">Programa<\/a><\/span><\/p>\n<p><span style=\"color: #993366;\"><strong>\u232a <\/strong><strong>Curso Autoestima y buen trato en el noviazgo: Una buena forma de prevenci\u00f3n de la Violencia de G\u00e9nero<\/strong><\/span><br \/>\n(Ref. Subvenci\u00f3n-6114)<\/p>\n<p style=\"padding-left: 30px;\"><strong>Organiza:<\/strong><span class=\"texto_gris\"> Acci\u00f3n Social por la Igualdad<\/span><br \/>\n<strong>Realizaci\u00f3n:<\/strong> los martes del 25 de septiembre al 6 de noviembre 27 de junio de 2018, de 11 a 13 h (7 sesiones), en el seminario 1 de la Facultad de Psicolog\u00eda.<br \/>\n<strong>Inscripci\u00f3n:<\/strong> gratuita hasta completar aforo, previo env\u00edo formulario de inscripci\u00f3n al correo\u00a0<a href=\"mailto:%20beatriz.nunezj@accionsocialporlaigualdad.org\">beatriz.nunezj@accionsocialporlaigualdad.org<\/a><br \/>\n<strong>Publicidad: <\/strong><span style=\"color: #993366;\"><a style=\"color: #993366;\" href=\"https:\/\/igualdad.us.es\/wpblog\/wp-content\/uploads\/2018\/iniciativas-igualdad\/iniciativas\/Subvencion-6114_cartel.pdf\" target=\"_blank\" rel=\"noopener noreferrer\">Cartel<\/a> &#8211; <a style=\"color: #993366;\" href=\"https:\/\/igualdad.us.es\/wpblog\/wp-content\/uploads\/2018\/iniciativas-igualdad\/iniciativas\/Subvencion-6114_inscripcion.doc\" target=\"_blank\" rel=\"noopener noreferrer\">Formulario inscripci\u00f3n<\/a><\/span><\/p>\n<p><span style=\"color: #993366;\"><strong>\u232a Seminario la Universidad en clave de g\u00e9nero, <\/strong>dentro de la iniciativa Red de Colaboraci\u00f3n Interuniversitaria para la docencia en la educaci\u00f3n superior con perspectiva de g\u00e9nero<\/span><br \/>\n(Ref. Ayuda-6250)<\/p>\n<p style=\"padding-left: 30px;\"><strong>Organiza:<\/strong><span class=\"texto_gris\"> M\u00aa \u00c1ngeles Rebollo Catal\u00e1n, profesora de la US.<\/span><br \/>\n<strong>Realizaci\u00f3n:<\/strong> 27 de junio de 2018, en el Sal\u00f3n de Grados de la Facultad de CC de la Educaci\u00f3n.<br \/>\n<strong>Inscripci\u00f3n:<\/strong> Inscripci\u00f3n gratuita.<br \/>\n<strong>Publicidad: <\/strong><span style=\"color: #993366;\"><a style=\"color: #993366;\" href=\"https:\/\/igualdad.us.es\/wpblog\/wp-content\/uploads\/2018\/iniciativas-igualdad\/iniciativas\/Ayuda-6250_diptico-seminario.pdf\" target=\"_blank\" rel=\"noopener noreferrer\">D\u00edptico<\/a><\/span><\/p>\n<p><span style=\"color: #993366;\"><strong>\u232a Conferencias El g\u00e9nero en la investigaci\u00f3n psicol\u00f3gica: una perspectiva necesaria<\/strong><\/span><br \/>\n(Ref. Ayuda-6263)<\/p>\n<p style=\"padding-left: 30px;\"><strong>Organiza:<\/strong><span class=\"texto_gris\"> David Salda\u00f1a Sage, profesor de la US<\/span>.<br \/>\n<strong>Realizaci\u00f3n:<\/strong> del 11 al 15 de junio de 2018, en la Facultad de Psicolog\u00eda.<br \/>\n<strong>Inscripci\u00f3n:<\/strong> Asistencia gratuita.<br \/>\n<strong>Publicidad: <\/strong><span style=\"color: #993366;\"><a style=\"color: #993366;\" href=\"https:\/\/igualdad.us.es\/wpblog\/wp-content\/uploads\/2018\/iniciativas-igualdad\/iniciativas\/Ayuda-6263_cartel.pdf\" target=\"_blank\" rel=\"noopener noreferrer\">Cartel<\/a><\/span><\/p>\n<p><span style=\"color: #993366;\"><strong>\u232a Taller de teatro las mujeres y el poder, los hombres y el amor<\/strong><\/span><br \/>\n(Ref. Subvenci\u00f3n-6047)<\/p>\n<p style=\"padding-left: 30px;\"><strong>Organiza:<\/strong><span class=\"texto_gris\">\u00a0Asociaci\u00f3n Panp\u00e1n<\/span>.<br \/>\n<strong>Realizaci\u00f3n:<\/strong>\u00a029 y 30 de mayo de 2018, en la Sala multiusos del pabell\u00f3n de Uruguay. 29 de mayo, de 9.00 a 13.15 horas y de 16 a 20.15 horas 30 de mayo, de 9.00 a 13.15 horas. <strong><br \/>\nInscripci\u00f3n:<\/strong>\u00a0gratuita hasta el 15 de mayo, previo env\u00edo de correo a <a href=\"mailto:asociacionpanpan@gmail.com\">asociacionpanpan@gmail.com<\/a> indicando nombre, DNI, correo electr\u00f3nico y \u00e1mbito de trabajo o estudios.<br \/>\n<strong>Publicidad:\u00a0<\/strong><span style=\"color: #993366;\"><a style=\"color: #993366;\" href=\"https:\/\/igualdad.us.es\/wpblog\/wp-content\/uploads\/2018\/iniciativas-igualdad\/iniciativas\/Subvencion-6047_cartel.pdf\" target=\"_blank\" rel=\"noopener noreferrer\">Cartel<\/a><\/span><\/p>\n<p><span style=\"color: #993366;\"><strong>\u232a Seminario Las mujeres mayores en el cine y en las artes visuales, \u00bfc\u00f3mo las vemos? \u00bfc\u00f3mo se ven?<\/strong><\/span><br \/>\n(Ref. Ayuda-6112)<\/p>\n<p style=\"padding-left: 30px;\"><strong>Organiza:<\/strong><span class=\"texto_gris\">\u00a0Aula de la Experiencia de la US<\/span>.<br \/>\n<strong>Realizaci\u00f3n:<\/strong>\u00a09 y 10 de mayo de 2018, en el Sal\u00f3n de actos de la Facultad de Derecho de la Universidad de Sevilla.<br \/>\n<strong>Inscripci\u00f3n:<\/strong>\u00a0gratuita entre el 4 de mayo de 2018 (00.00 h.) y el 7 de mayo de 2018 (23.59 h.) y hasta completar aforo. <span style=\"color: #993366;\"><a style=\"color: #993366;\" href=\"http:\/\/institucionales.us.es\/aulaexp\/index.php\/anuario\/91-informacion-general\/curso-academico-2017-2018\/298-las-mujeres-mayores-en-el-cine-y-en-las-artes-visuales-como-las-vemos-como-se-ven\" target=\"_blank\" rel=\"noopener noreferrer\">Inscripci\u00f3n aqu\u00ed<\/a><\/span><strong><br \/>\nPublicidad:\u00a0<\/strong><span style=\"color: #993366;\"><a style=\"color: #993366;\" href=\"https:\/\/igualdad.us.es\/wpblog\/wp-content\/uploads\/2018\/iniciativas-igualdad\/iniciativas\/Ayuda-6112_cartel.pdf\" target=\"_blank\" rel=\"noopener noreferrer\">Cartel<\/a>\u00a0<\/span>&#8211;\u00a0<span style=\"color: #993366;\"><a style=\"color: #993366;\" href=\"https:\/\/igualdad.us.es\/wpblog\/wp-content\/uploads\/2018\/iniciativas-igualdad\/iniciativas\/Ayuda-6112_diptico.pdf\" target=\"_blank\" rel=\"noopener noreferrer\">D\u00edptico<\/a><\/span><\/p>\n<p><strong><span style=\"color: #993366;\">\u232a II Congreso Internacional Conciliaci\u00f3n familiar\/laboral y educaci\u00f3n infantil. Una perspectiva internacional<\/span><\/strong><br \/>\n(Ref. Ayuda-9511)<\/p>\n<p style=\"padding-left: 30px;\"><strong>Organiza:<\/strong><span class=\"texto_gris\">\u00a0Vicente Llorent Bedmar, profesor de la US<\/span>.<br \/>\n<strong>Realizaci\u00f3n:<\/strong>\u00a05 y 6 de abril de 2018, en el Sal\u00f3n de Actos de la Facultad de Ciencias de la Informaci\u00f3n de la Universidad de Sevilla. <strong><br \/>\nInscripci\u00f3n:<\/strong>\u00a0gratuita. + informaci\u00f3n e inscripci\u00f3n\u00a0<span style=\"color: #993366;\"><a style=\"color: #993366;\" href=\"https:\/\/iicflei.webnode.es\/\" target=\"_blank\" rel=\"noopener noreferrer\">aqu\u00ed<\/a>.<\/span><br \/>\n<strong>Publicidad:\u00a0<\/strong><span style=\"color: #993366;\"><a style=\"color: #993366;\" href=\"https:\/\/igualdad.us.es\/wpblog\/wp-content\/uploads\/2018\/iniciativas-igualdad\/iniciativas\/Ayuda-5620_cartel.pdf\" target=\"_blank\" rel=\"noopener noreferrer\">Cartel<\/a>\u00a0<\/span>&#8211;\u00a0<span style=\"color: #993366;\"><a style=\"color: #993366;\" href=\"https:\/\/igualdad.us.es\/wpblog\/wp-content\/uploads\/2018\/iniciativas-igualdad\/iniciativas\/Ayuda-5620_triptico.pdf\" target=\"_blank\" rel=\"noopener noreferrer\">Tr\u00edptico<\/a><\/span><\/p>\n","protected":false},"excerpt":{"rendered":"<p>PUBLICIDAD DE LAS INICIATIVAS SELECCIONADAS EN LA CONVOCATORIA 2018 \u232a Presentaci\u00f3n del v\u00eddeo \u00abCient\u00edficas en corto\u00bb (Ref. Ayuda-6161) Organiza: Grupo de investigaci\u00f3n \u00abCient\u00edficas: pasado, presente y futuro\u00bb de la US Realizaci\u00f3n: 1 de abril de 2019, en la ETSI de Inform\u00e1tica Inscripci\u00f3n: gratuita hasta completar aforo Publicidad: V\u00eddeo \u232a Jornadas \u00bfsientes malestar? Filolog\u00eda te escucha,&hellip;<\/p>\n","protected":false},"author":1,"featured_media":0,"parent":3865,"menu_order":50,"comment_status":"closed","ping_status":"closed","template":"","meta":{"footnotes":""},"class_list":["post-715","page","type-page","status-publish","hentry"],"_links":{"self":[{"href":"https:\/\/igualdad.us.es\/wpblog\/wp-json\/wp\/v2\/pages\/715","targetHints":{"allow":["GET"]}}],"collection":[{"href":"https:\/\/igualdad.us.es\/wpblog\/wp-json\/wp\/v2\/pages"}],"about":[{"href":"https:\/\/igualdad.us.es\/wpblog\/wp-json\/wp\/v2\/types\/page"}],"author":[{"embeddable":true,"href":"https:\/\/igualdad.us.es\/wpblog\/wp-json\/wp\/v2\/users\/1"}],"replies":[{"embeddable":true,"href":"https:\/\/igualdad.us.es\/wpblog\/wp-json\/wp\/v2\/comments?post=715"}],"version-history":[{"count":51,"href":"https:\/\/igualdad.us.es\/wpblog\/wp-json\/wp\/v2\/pages\/715\/revisions"}],"predecessor-version":[{"id":3853,"href":"https:\/\/igualdad.us.es\/wpblog\/wp-json\/wp\/v2\/pages\/715\/revisions\/3853"}],"up":[{"embeddable":true,"href":"https:\/\/igualdad.us.es\/wpblog\/wp-json\/wp\/v2\/pages\/3865"}],"wp:attachment":[{"href":"https:\/\/igualdad.us.es\/wpblog\/wp-json\/wp\/v2\/media?parent=715"}],"curies":[{"name":"wp","href":"https:\/\/api.w.org\/{rel}","templated":true}]}}