{"id":6563,"date":"2023-04-03T22:09:16","date_gmt":"2023-04-03T21:09:16","guid":{"rendered":"https:\/\/igualdad.us.es\/?page_id=6563"},"modified":"2026-04-09T11:16:24","modified_gmt":"2026-04-09T10:16:24","slug":"reconocimientos-buenas-practicas-de-igualdad","status":"publish","type":"page","link":"https:\/\/igualdad.us.es\/wpblog\/actuaciones\/reconocimientos-buenas-practicas-de-igualdad\/","title":{"rendered":"Reconocimientos buenas pr\u00e1cticas de igualdad"},"content":{"rendered":"<h5><span style=\"color: #2e75b6;\"><strong>Reconocimientos a buenas pr\u00e1cticas en materia de igualdad de g\u00e9nero en la Universidad de Sevilla<\/strong><\/span><\/h5>\n<p style=\"text-align: justify;\">El art\u00edculo 14 de la Ley Org\u00e1nica 3\/2007, de 22 de marzo, para la igualdad efectiva de mujeres y hombres se\u00f1ala entre sus principios generales como criterios de actuaci\u00f3n de los Poderes P\u00fablicos el <strong>compromiso<\/strong> con la efectividad del<strong> derecho constitucional de igualdad entre mujeres y hombres<\/strong>, as\u00ed como el fomento de instrumentos de colaboraci\u00f3n entre las distintas Administraciones p\u00fablicas y los agentes sociales, las asociaciones de mujeres y otras entidades privadas.<\/p>\n<p style=\"text-align: justify;\">Por su parte, el art\u00edculo 4 de la Ley 12\/2007, de 26 de noviembre, para la promoci\u00f3n de la igualdad de g\u00e9nero en Andaluc\u00eda, fija entre sus principios generales la <strong>igualdad de trato entre mujeres y hombres<\/strong>, que supone la <strong>ausencia<\/strong> de toda <strong>discriminaci\u00f3n<\/strong>, directa o indirecta, <strong>por raz\u00f3n de sexo<\/strong>\u201d<\/p>\n<p style=\"text-align: justify;\">La Universidad de Sevilla, en su intenci\u00f3n de promover la igualdad real y efectiva entre mujeres y hombres en la comunidad universitaria, entiende que un <strong>cambio cultural en materia de igualdad requiere de la sensibilizaci\u00f3n<\/strong> y la puesta en marcha de acciones que incentiven ese cambio.<\/p>\n<p style=\"text-align: justify;\">La Universidad de Sevilla, a trav\u00e9s del Vicerrectorado de Servicios Sociales, Campus Saludable, Igualdad y Cooperaci\u00f3n y de la Unidad para la Igualdad, ha considerado convocar la<strong><span style=\"color: #2e75b6;\"> IV Edici\u00f3n Reconocimientos a buenas pr\u00e1cticas en materia de igualdad de g\u00e9nero en la Universidad de Sevilla 2026<\/span>, <\/strong>con el <span style=\"color: #3f9397;\"><strong>Objetivo <\/strong><\/span>de reconocer p\u00fablicamente el esfuerzo realizado en estas materias por los centros, departamentos, servicios y miembros de la comunidad universitaria, as\u00ed como agentes externos que colaboran con la Universidad de Sevilla (US), lo que supone visibilizar y distinguir su contribuci\u00f3n a la creaci\u00f3n y consolidaci\u00f3n de una verdadera cultura igualitaria.<\/p>\n<p style=\"text-align: justify;\"><span style=\"color: #3f9397;\"><strong>\u00bb Requisitos para participar:<\/strong><\/span> Podr\u00e1n solicitar el Reconocimiento centros, departamentos, servicios y miembros de la comunidad universitaria de la US y agentes externos que colaboran con la US, que hayan desarrollado actuaciones o iniciativas que promuevan o mejoren las condiciones para la aplicaci\u00f3n del principio de igualdad de g\u00e9nero en la US de forma real y efectiva; as\u00ed como cualquier acci\u00f3n que contribuya a remover los obst\u00e1culos que impidan o dificulten su plenitud o que faciliten la participaci\u00f3n de todos los miembros de la comunidad universitaria en la aplicaci\u00f3n del principio de igualdad de g\u00e9nero.<\/p>\n<p style=\"text-align: justify;\"><span style=\"color: #3f9397;\"><strong>\u00bb Modalidades:<\/strong><\/span><\/p>\n<ol style=\"list-style-type: lower-alpha;\">\n<li><strong>A la trayectoria en igualdad. <\/strong>Por su recorrido y trabajo continuado de manera significativa en la implantaci\u00f3n y consolidaci\u00f3n de la cultura de igualdad, en general y en la Universidad de Sevilla.<\/li>\n<li><strong>Al desarrollo de la formaci\u00f3n en materia de igualdad. <\/strong>Por reconocimiento al impulso de la formaci\u00f3n en materia de igualdad como instrumento fundamental en el desarrollo de la igualdad.<\/li>\n<li><strong>A la investigaci\u00f3n en materia de igualdad. <\/strong>Por su desarrollo de l\u00edneas de investigaci\u00f3n que suponen avances en materia de igualdad.<\/li>\n<li><strong>A la labor favorecedora de la conciliaci\u00f3n y corresponsabilidad. <\/strong>Por sus iniciativas y aplicaci\u00f3n de medidas de conciliaci\u00f3n y corresponsabilidad, que suponen una mejora de las condiciones laborales, m\u00e1s igualitarias y saludables en la comunidad universitaria.<\/li>\n<li><strong>Al desarrollo de la cultura buentrato, convivencia e igualdad en la comunidad universitaria y prevenci\u00f3n de la violencia machista. <\/strong>Por sus actuaciones y decisiones que contribuyen al desarrollo de la cultura de igualdad entre las personas de la comunidad universitaria de la US.<\/li>\n<li><strong>Menci\u00f3n especial. <\/strong>Por su contribuci\u00f3n significativa a la igualdad y su impacto en la sociedad.<\/li>\n<\/ol>\n<p style=\"text-align: left;\"><span style=\"color: #3f9397;\"><strong>\u00bb Bases de la convocatoria 2026\u00a0<\/strong><a style=\"color: #3f9397;\" href=\"https:\/\/igualdad.us.es\/wpblog\/wp-content\/uploads\/2026\/04\/ReconocimientoBuenasPracticasIgualdad-2026_Convo.Bases_.report.pdf\" target=\"_blank\" rel=\"noopener\">aqu\u00ed<\/a><\/span><br \/>\n<span style=\"color: #3f9397;\"><strong>\u00bb Solicitud (Anexo I)\u00a0<\/strong>\u00a0<a style=\"color: #3f9397;\" href=\"https:\/\/igualdad.us.es\/wpblog\/wp-content\/uploads\/2026\/04\/ReconocimientoBuenasPracticasIgualdad-2026_Convo.Anexo-I_Solicitud.pdf\" target=\"_blank\" rel=\"noopener\">aqu\u00ed<\/a><\/span><br \/>\n<span style=\"color: #3f9397;\"><strong>\u00bb Plazo de presentaci\u00f3n de candidaturas<\/strong>\u00a0<\/span> hasta el <strong>15 de mayo de 2026<\/strong>.<br \/>\n<span style=\"color: #3f9397;\"><span style=\"color: #d57186;\"><strong><span style=\"color: #3f9397;\">\u00bb Publicidad:<\/span><\/strong><span style=\"color: #3f9397;\">\u00a0<strong><a style=\"color: #3f9397;\" href=\"https:\/\/igualdad.us.es\/wpblog\/wp-content\/uploads\/2026\/04\/ReconocimientoBuenasPracticasIgualdad-2026_Cartel.pdf\" target=\"_blank\" rel=\"noopener\">Cartel<\/a><\/strong><\/span><\/span><\/span><\/p>\n<p><a href=\"https:\/\/igualdad.us.es\/wpblog\/wp-content\/uploads\/2026\/04\/ReconocimientoBuenasPracticasIgualdad-2026_Cartel.png\" target=\"_blank\" rel=\"noopener\"><img loading=\"lazy\" decoding=\"async\" class=\"aligncenter wp-image-9433 size-large\" src=\"https:\/\/igualdad.us.es\/wpblog\/wp-content\/uploads\/2026\/04\/ReconocimientoBuenasPracticasIgualdad-2026_Cartel-1024x576.png\" alt=\"\" width=\"640\" height=\"360\" srcset=\"https:\/\/igualdad.us.es\/wpblog\/wp-content\/uploads\/2026\/04\/ReconocimientoBuenasPracticasIgualdad-2026_Cartel-1024x576.png 1024w, https:\/\/igualdad.us.es\/wpblog\/wp-content\/uploads\/2026\/04\/ReconocimientoBuenasPracticasIgualdad-2026_Cartel-300x169.png 300w, https:\/\/igualdad.us.es\/wpblog\/wp-content\/uploads\/2026\/04\/ReconocimientoBuenasPracticasIgualdad-2026_Cartel-768x432.png 768w, https:\/\/igualdad.us.es\/wpblog\/wp-content\/uploads\/2026\/04\/ReconocimientoBuenasPracticasIgualdad-2026_Cartel.png 1280w\" sizes=\"auto, (max-width: 640px) 100vw, 640px\" \/><\/a><\/p>\n<p><!-- ***************************\n\n\n<h5><strong><span style=\"color: #2e75b6;\">Resoluci\u00f3n de la III Edici\u00f3n Reconocimientos a buenas pr\u00e1cticas en materia de igualdad de g\u00e9nero en la Universidad de Sevilla 2025<\/span><\/strong><\/h5>\n\n\nEl Sr. Rector Magn\u00edfico de la Universidad de Sevilla, en aplicaci\u00f3n de la base VIII. 2) de la III EDICI\u00d3N DE LOS RECONOCIMIENTOS A BUENAS PR\u00c1CTICAS EN MATERIA DE IGUALDAD DE G\u00c9NERO EN LA UNIVERSIDAD DE SEVILLA 2025, tras la propuesta formulada por el Jurado, resuelve publicar la <a href=\"https:\/\/igualdad.us.es\/wpblog\/wp-content\/uploads\/2025\/01\/Conv.ReconocimientoBuenasPracticasIgualdad-2025_Resolucion.report.pdf\" target=\"_blank\" rel=\"noopener\">Resoluci\u00f3n Rectoral de 7 de enero de 2025<\/a> por la que se otorgan los siguientes reconocimientos:\n<span style=\"color: #3f9397;\"><strong>\u00bb <span style=\"color: #3f9397;\">Modalidades:<\/span><\/strong><\/span>\n\n\n<p style=\"padding-left: 40px;\"><strong>a) A la trayectoria en igualdad<\/strong><\/p>\n\n\n\n\n\n<ul>\n \t\n\n<li style=\"list-style-type: none;\">\n\n\n<ul style=\"list-style-type: circle;\">\n \t\n\n<li>Do\u00f1a M\u00aa Jes\u00fas Cala Carrillo<\/li>\n\n\n \t\n\n<li>Asociaci\u00f3n Autoestima Flamenca. Carlos Sep\u00falveda Garc\u00eda de la Torre<\/li>\n\n\n<\/ul>\n\n\n<\/li>\n\n\n<\/ul>\n\n\n\n\n<p style=\"padding-left: 40px;\"><strong>b) Al desarrollo de la formaci\u00f3n en materia de igualdad<\/strong><\/p>\n\n\n\n\n\n<ul>\n \t\n\n<li style=\"list-style-type: none;\">\n\n\n<ul style=\"list-style-type: circle;\">\n \t\n\n<li>Do\u00f1a Carmen Ruiz Repullo<\/li>\n\n\n \t\n\n<li>Do\u00f1a Virginia Guarinos Gal\u00e1n<\/li>\n\n\n<\/ul>\n\n\n<\/li>\n\n\n<\/ul>\n\n\n\n\n<p style=\"padding-left: 40px;\"><strong>c) A la investigaci\u00f3n en materia de igualdad<\/strong><\/p>\n\n\n\n\n\n<ul>\n \t\n\n<li style=\"list-style-type: none;\">\n\n\n<ul style=\"list-style-type: circle;\">\n \t\n\n<li>Do\u00f1a Victoria A. Ferrer P\u00e9rez y Do\u00f1a Esperanza Bosch Fiol<\/li>\n\n\n \t\n\n<li>Do\u00f1a Silvia Martelo Landroguez y Don Gabriel A. Cepeda Carri\u00f3n<\/li>\n\n\n<\/ul>\n\n\n<\/li>\n\n\n<\/ul>\n\n\n\n\n<p style=\"padding-left: 40px;\"><strong>d) A la labor favorecedora de la conciliaci\u00f3n y corresponsabilidad<\/strong><\/p>\n\n\n\n\n\n<ul>\n \t\n\n<li style=\"list-style-type: none;\">\n\n\n<ul style=\"list-style-type: circle;\">\n \t\n\n<li>Facultad de Enfermer\u00eda, Fisioterapia y Podolog\u00eda por la 1\u00aa Sala de Lactancia Materna<\/li>\n\n\n<\/ul>\n\n\n<\/li>\n\n\n<\/ul>\n\n\n\n\n<p style=\"padding-left: 40px;\"><strong>e) Al desarrollo de la cultura buentrato, convivencia e igualdad en la comunidad universitaria y prevenci\u00f3n de la violencia machista<\/strong><\/p>\n\n\n\n\n\n<ul>\n \t\n\n<li style=\"list-style-type: none;\">\n\n\n<ul style=\"list-style-type: circle;\">\n \t\n\n<li>Programa Objetivo Igualdad de RTVE<\/li>\n\n\n \t\n\n<li>Do\u00f1a M\u00aa Carmen Romero Ternero<\/li>\n\n\n<\/ul>\n\n\n<\/li>\n\n\n<\/ul>\n\n\n\n\n<p style=\"padding-left: 40px;\"><strong>f) Menci\u00f3n especial<\/strong><\/p>\n\n\n\n\n\n<ul>\n \t\n\n<li style=\"list-style-type: none;\">\n\n\n<ul style=\"list-style-type: circle;\">\n \t\n\n<li>Do\u00f1a M\u00aa de los \u00c1ngeles Rozal\u00e9n Ortu\u00f1o (Rozal\u00e9n)<\/li>\n\n\n<\/ul>\n\n\n<\/li>\n\n\n<\/ul>\n\n\n\n\n<h5><span style=\"color: #2e75b6;\"><strong>\u00bb Acto de entrega de los Reconocimiento, 8 de marzo de 2025.<\/strong><\/span><\/h5>\n\n\n\n\n<div class=\"clearfix text-formatted field field--name-body field--type-text-with-summary field--label-hidden field__item\">\n\n\n<p style=\"text-align: justify;\">La Universidad de Sevilla ha iniciado los actos conmemorativos del\u00a0<a href=\"https:\/\/www.un.org\/es\/observances\/womens-day\" target=\"_blank\" rel=\"noopener\">D\u00eda Internacional de las Mujeres<\/a>\u00a0con la entrega de la tercera edici\u00f3n de los\u00a0<a href=\"https:\/\/igualdad.us.es\/wpblog\/actuaciones\/reconocimientos-buenas-practicas-de-igualdad\/\" target=\"_blank\" rel=\"noopener\">Reconocimientos a Buenas Pr\u00e1cticas en Materia de Igualdad de G\u00e9nero<\/a>.<\/p>\n\n\n\n\n<p style=\"text-align: justify;\">Durante el acto, el\u00a0<strong>rector de la US, Miguel \u00c1ngel Castro,<\/strong>\u00a0ha destacado<strong>\u00a0<\/strong>el papel fundamental de las universidades para el empoderamiento de la juventud, papel relacionado directamente con el lema de la ONU de este a\u00f1o: 'Para las mujeres y ni\u00f1as en TODA su diversidad: derechos, igualdad y empoderamiento'. El rector de la Universidad de Sevilla ha subrayado el compromiso de esta instituci\u00f3n por la igualdad 'que seguir\u00e1 invirtiendo en pol\u00edticas para avanzar en el\u00a0reconocimiento y la visibilizaci\u00f3n del trabajo acad\u00e9mico y profesional de las mujeres, y erradicar la discriminaci\u00f3n por raz\u00f3n de g\u00e9nero en las instituciones'.<\/p>\n\n\n\n\n<p style=\"text-align: justify;\">Los\u00a0<strong>Reconocimientos a Buenas Pr\u00e1cticas en Materia de Igualdad de G\u00e9nero\u00a0<\/strong>son convocados desde el\u00a0<a href=\"https:\/\/serviciossociales.us.es\/\" target=\"_blank\" rel=\"noopener\">Vicerrectorado de Servicios Sociales, Campus Saludable, Igualdad y Cooperaci\u00f3n\u00a0<\/a>y la <a href=\"https:\/\/igualdad.us.es\/\">Unidad para la Igualdad<\/a> de la Universidad de Sevilla, y tienen como objetivo reconocer p\u00fablicamente el esfuerzo realizado en esta materia por los centros, departamentos, servicios, comunidad universitaria y agentes externos que colaboran con la US, lo que supone visibilizar y distinguir su contribuci\u00f3n a la creaci\u00f3n y consolidaci\u00f3n de la cultura igualitaria.<\/p>\n\n\n\n\n<p style=\"text-align: justify;\">En esta edici\u00f3n se ha premiado la labor de<strong>\u00a0nueve personas, una entidad social, un centro y un programa de RTVE.<\/strong>\u00a0As\u00ed, la Universidad de Sevilla ha reconocido por su\u00a0<strong>'trayectoria enteramente comprometida con la igualdad de g\u00e9nero'\u00a0<\/strong>a la profesora de la Facultad de Psicolog\u00eda de la US\u00a0<a href=\"https:\/\/www.us.es\/trabaja-en-la-us\/directorio\/maria-jesus-cala-carrillo\" target=\"_blank\" rel=\"noopener\">Mar\u00eda Jes\u00fas Cala Carrillo<\/a>,\u00a0y a la\u00a0<a href=\"https:\/\/www.autoestimaflamenca.es\/\" target=\"_blank\" rel=\"noopener\">Asociaci\u00f3n Autoestima Flamenca,<\/a>\u00a0por su labor en el empoderamiento de mujeres y hombres desde este g\u00e9nero musical.<\/p>\n\n\n\n\n<p style=\"text-align: justify;\">En la modalidad<strong>\u00a0'Al desarrollo de formaci\u00f3n con perspectiva de igualdad'<\/strong>, los reconocimientos han sido para la soci\u00f3loga\u00a0<strong>Carmen Ruiz Repullo,<\/strong>\u00a0especializada en violencia de g\u00e9nero en adolescentes y j\u00f3venes; y\u00a0<a href=\"https:\/\/www.us.es\/trabaja-en-la-us\/directorio\/virginia-guarinos-galan\" target=\"_blank\" rel=\"noopener\">Virginia Guarinos Gal\u00e1n<\/a>, profesora de la Facultad de Comunicaci\u00f3n de la Universidad de Sevilla especializada en la representaci\u00f3n de las\u00a0de las mujeres y de las masculinidades.<\/p>\n\n\n\n\n<p style=\"text-align: justify;\">En el acto tambi\u00e9n se ha premiado en la categor\u00eda de<strong>\u00a0'investigaci\u00f3n en materia de igualdad'<\/strong>\u00a0a las investigadoras de la Universidad de las Islas Baleares\u00a0<strong>Victoria Ferrer P\u00e9rez y Esperanza Bosch Fiol,\u00a0<\/strong>por sus estudios que profundizan en las ra\u00edces de la violencia basada en el g\u00e9nero. En esta categor\u00eda tambi\u00e9n han sido reconocidos los profesores de la US\u00a0<strong>Silvia Martelo y Gabriel Cepeda Carri\u00f3n\u00a0<\/strong>por sus investigaciones sobre liderazgos femeninos.<\/p>\n\n\n\n\n<p style=\"text-align: justify;\">Asimismo, la\u00a0<a href=\"https:\/\/fefp.us.es\/\" target=\"_blank\" rel=\"noopener\">Facultad de Enfermer\u00eda, Fisioterapia y Podolog\u00eda\u00a0<\/a>de la Universidad de Sevilla ha sido reconocida en la modalidad dedicada al fomento de la conciliaci\u00f3n y corresponsabilidad, por\u00a0<strong>la creaci\u00f3n la primera sala de lactancia materna de la universidad.<\/strong><\/p>\n\n\n\n\n<p style=\"text-align: justify;\">En la categor\u00eda centrada en el d<strong>esarrollo de la cultura del buen trato, convivencia e igualdad en la comunidad universitaria,<\/strong>\u00a0ha sido premiada la profesora y divulgadora\u00a0<strong>Mar\u00eda del Carmen Romero Ternero,<\/strong>\u00a0directora de la Escuela T\u00e9cnica Superior de Ingenier\u00eda Inform\u00e1tica de la US, que ha trabajado por visibilizar el rol de las mujeres y la ni\u00f1a en la ciencia, as\u00ed como los estudios de Ingenier\u00eda e Inform\u00e1tica entre las mujeres. En esta misma modalidad ha sido reconocido el programa de RTVE\u00a0<a href=\"https:\/\/www.rtve.es\/play\/videos\/objetivo-igualdad\/\" target=\"_blank\" rel=\"noopener\">Objetivo Igualdad<\/a>, por poner de manifiesto las desigualdades de g\u00e9nero que se dan en la sociedad y poner en valor a mujeres y hombres que luchan por la igualdad.<\/p>\n\n\n\n\n<p style=\"text-align: justify;\">Por \u00faltimo, la menci\u00f3n especial ha sido para la cantante\u00a0<strong>Rozal\u00e9n<\/strong>, autora de temas como 'La puerta violeta', en el que pone el acento sobre la violencia de g\u00e9nero. La compositora ha sido reconocida por su labor imprescindible, desde la m\u00fasica y las letras de sus canciones.<\/p>\n\n\n\n\n<p style=\"text-align: justify;\">El acto de entrega, en el que tambi\u00e9n han estado presentes\u00a0<strong>Ana L\u00f3pez<\/strong>, vicerrectora\u00a0\u00a0Servicios Sociales, Campus Saludable, Igualdad y Cooperaci\u00f3n, y<strong>\u00a0Rosa Casado<\/strong>, directora de la Unidad para la Igualdad, ha sido amenizado por dos actuaciones. La de la\u00a0cantante\u00a0<strong>Beatriz Alcoba,\u00a0<\/strong>que ha interpretado la pieza\u00a0<strong>'Tal como somos',<\/strong>\u00a0de Rafael Jim\u00e9nez Cano, y\u00a0<strong>un baile con lazos violentas<\/strong>\u00a0de la Asociaci\u00f3n Autoestima Flamenco.<\/p>\n\n\n<em><span style=\"font-size: 8pt;\">(<a href=\"https:\/\/www.us.es\/actualidad-de-la-us\/la-universidad-de-sevilla-reconoce-rozalen-por-su-compromiso-con-la-igualdad-de\" target=\"_blank\" rel=\"noopener\">Fuente Direcci\u00f3n de Comunicaci\u00f3n de la US<\/a>)<\/span><\/em>\n\n\n<h6><a href=\"https:\/\/tv.us.es\/media\/ENTREGA+DE+LOS+RECONOCIMIENTOS+EN+BUENAS+PR%C3%81CTICAS+EN+MATERIA+DE+IGUALDAD+DE+G%C3%89NERO+EN+LA+UNIVERSIDAD+DE+SEVILLA+EN+SU+3%C2%AA+EDICI%C3%93N\/1_yr292qle\" target=\"_blank\" rel=\"noopener\"><span style=\"color: #3f9397;\"><strong>Ver V\u00eddeo del acto<\/strong><\/span><\/a><\/h6>\n\n\n\n\n<h6><a href=\"https:\/\/youtu.be\/24ya-mh0ZlE?feature=shared\" target=\"_blank\" rel=\"noopener\"><span style=\"color: #3f9397;\"><strong>Ver actuaci\u00f3n de Beatriz Alcoba cantando \"Tal como somos\"<\/strong><\/span><\/a><\/h6>\n\n\n<\/div>\n\n\n\n\n<h6><span style=\"color: #3f9397;\"><strong>Fotos <span style=\"color: #3f9397;\">del<\/span> acto<\/strong><\/span><\/h6>\n\n\n\n\n<p style=\"text-align: center;\">[masterslider id=\"5\"]<\/p>\n\n\n&nbsp;\n<span data-mce-type=\"bookmark\" style=\"display: inline-block; width: 0px; overflow: hidden; line-height: 0;\" class=\"mce_SELRES_start\"><\/span> *************************** --><\/p>\n<hr \/>\n<p><strong><span style=\"color: #2e75b6;\">Ver los Reconocimientos de ediciones anteriores <\/span><\/strong><a href=\"https:\/\/igualdad.us.es\/?page_id=7236\"><span style=\"color: #2e75b6;\">aqu\u00ed<\/span><\/a><\/p>\n","protected":false},"excerpt":{"rendered":"<p>Reconocer p\u00fablicamente el esfuerzo realizado en buenas pr\u00e1cticas en materia de igualdad por los centros, departamentos, servicios y miembros de la comunidad universitaria, as\u00ed como agentes externos que colaboran con la Universidad de Sevilla.<\/p>\n","protected":false},"author":1,"featured_media":9425,"parent":672,"menu_order":5,"comment_status":"closed","ping_status":"closed","template":"","meta":{"footnotes":""},"class_list":["post-6563","page","type-page","status-publish","has-post-thumbnail","hentry"],"_links":{"self":[{"href":"https:\/\/igualdad.us.es\/wpblog\/wp-json\/wp\/v2\/pages\/6563","targetHints":{"allow":["GET"]}}],"collection":[{"href":"https:\/\/igualdad.us.es\/wpblog\/wp-json\/wp\/v2\/pages"}],"about":[{"href":"https:\/\/igualdad.us.es\/wpblog\/wp-json\/wp\/v2\/types\/page"}],"author":[{"embeddable":true,"href":"https:\/\/igualdad.us.es\/wpblog\/wp-json\/wp\/v2\/users\/1"}],"replies":[{"embeddable":true,"href":"https:\/\/igualdad.us.es\/wpblog\/wp-json\/wp\/v2\/comments?post=6563"}],"version-history":[{"count":50,"href":"https:\/\/igualdad.us.es\/wpblog\/wp-json\/wp\/v2\/pages\/6563\/revisions"}],"predecessor-version":[{"id":9439,"href":"https:\/\/igualdad.us.es\/wpblog\/wp-json\/wp\/v2\/pages\/6563\/revisions\/9439"}],"up":[{"embeddable":true,"href":"https:\/\/igualdad.us.es\/wpblog\/wp-json\/wp\/v2\/pages\/672"}],"wp:featuredmedia":[{"embeddable":true,"href":"https:\/\/igualdad.us.es\/wpblog\/wp-json\/wp\/v2\/media\/9425"}],"wp:attachment":[{"href":"https:\/\/igualdad.us.es\/wpblog\/wp-json\/wp\/v2\/media?parent=6563"}],"curies":[{"name":"wp","href":"https:\/\/api.w.org\/{rel}","templated":true}]}}