{"id":3216,"date":"2020-03-24T12:09:17","date_gmt":"2020-03-24T11:09:17","guid":{"rendered":"http:\/\/igualdad.us.es\/?page_id=3216"},"modified":"2021-09-02T09:53:34","modified_gmt":"2021-09-02T08:53:34","slug":"pinturas","status":"publish","type":"page","link":"https:\/\/igualdad.us.es\/wpblog\/en-tiempos-del-virus-transmitamos-igualdad\/pinturas\/","title":{"rendered":"Im\u00e1genes"},"content":{"rendered":"<p>&nbsp;<\/p>\n<p style=\"padding-left: 60px;\"><span style=\"font-size: 10pt;\">1. AMANECER EL D\u00cdA DESPU\u00c9S de Ana Carrillo S\u00e1enz y Roc\u00edo Nogales Muriel<\/span><br \/>\n<a href=\"https:\/\/igualdad.us.es\/wpblog\/wp-content\/uploads\/2020\/03\/1.Amanecer-el-dia-despues_RocioNogalesMuriel.png\" target=\"_blank\" rel=\"noopener noreferrer\"><img loading=\"lazy\" decoding=\"async\" class=\"alignleft wp-image-3260 size-thumbnail\" src=\"https:\/\/igualdad.us.es\/wpblog\/wp-content\/uploads\/2020\/03\/1.Amanecer-el-dia-despues_RocioNogalesMuriel-150x150.png\" alt=\"AMANECER EL D\u00cdA DESPU\u00c9S de Roc\u00edo Nogales Muriel\" width=\"150\" height=\"150\" \/><\/a><\/p>\n<p>&nbsp;<\/p>\n<p>&nbsp;<\/p>\n<p>&nbsp;<\/p>\n<p>&nbsp;<\/p>\n<p>&nbsp;<\/p>\n<p style=\"padding-left: 60px;\"><span style=\"font-size: 10pt;\">2. QUE EL VIRUS NO NOS FRENE de Noelia D\u00edaz Rodr\u00edguez<\/span><br \/>\n<a href=\"https:\/\/igualdad.us.es\/wpblog\/wp-content\/uploads\/2020\/03\/2.Que-el-virus-no-nos-frene_NoeliaDiazRodriguez.jpg\" target=\"_blank\" rel=\"noopener noreferrer\"><img loading=\"lazy\" decoding=\"async\" class=\"alignleft wp-image-3261 size-thumbnail\" src=\"https:\/\/igualdad.us.es\/wpblog\/wp-content\/uploads\/2020\/03\/2.Que-el-virus-no-nos-frene_NoeliaDiazRodriguez-150x150.jpg\" alt=\"QUE EL VIRUS NO NOS FRENE de Noelia D\u00edaz Rodr\u00edguez\" width=\"150\" height=\"150\" \/><\/a><\/p>\n<p>&nbsp;<\/p>\n<p>&nbsp;<\/p>\n<p>&nbsp;<\/p>\n<p>&nbsp;<\/p>\n<p>&nbsp;<\/p>\n<p style=\"padding-left: 60px;\"><span style=\"font-size: 10pt;\">3. NOS HEMOS CANSADO DE QUEDARNOS EN LA SOMBRA de Alba Fern\u00e1ndez Santos<\/span><br \/>\n<a href=\"https:\/\/igualdad.us.es\/wpblog\/wp-content\/uploads\/2020\/04\/3.Nos-hemos-cansado-de-quedarnos-en-la-sombra_AlbaFernandezSantos-1.png\" target=\"_blank\" rel=\"noopener noreferrer\"><img loading=\"lazy\" decoding=\"async\" class=\"alignleft wp-image-3281 size-thumbnail\" src=\"https:\/\/igualdad.us.es\/wpblog\/wp-content\/uploads\/2020\/04\/3.Nos-hemos-cansado-de-quedarnos-en-la-sombra_AlbaFernandezSantos-1-150x150.png\" alt=\"NOS HEMOS CANSADO DE QUEDARNOS EN LA SOMBRA de Alba Fern\u00e1ndez Santos\" width=\"150\" height=\"150\" \/><\/a><\/p>\n<p>&nbsp;<\/p>\n<p>&nbsp;<\/p>\n<p>&nbsp;<\/p>\n<p>&nbsp;<\/p>\n<p>&nbsp;<\/p>\n<p style=\"padding-left: 60px;\"><span style=\"font-size: 10pt;\">4. MUJER QUE DESEAS SER de Miriam Sol\u00eds Calatrava<\/span><br \/>\n<a href=\"https:\/\/igualdad.us.es\/wpblog\/wp-content\/uploads\/2020\/04\/4.Mujer-que-deseas-ser_MiriamSolisCalatrava.jpeg\" target=\"_blank\" rel=\"noopener noreferrer\"><img loading=\"lazy\" decoding=\"async\" class=\"alignleft wp-image-3283 size-thumbnail\" src=\"https:\/\/igualdad.us.es\/wpblog\/wp-content\/uploads\/2020\/04\/4.Mujer-que-deseas-ser_MiriamSolisCalatrava-150x150.jpeg\" alt=\"MUJER QUE DESEAS SER de Miriam Sol\u00eds Calatrava\" width=\"150\" height=\"150\" \/><\/a><\/p>\n<p>&nbsp;<\/p>\n<p>&nbsp;<\/p>\n<p>&nbsp;<\/p>\n<p>&nbsp;<\/p>\n<p>&nbsp;<\/p>\n<p style=\"padding-left: 60px;\"><span style=\"font-size: 10pt;\">5. AMOR CONSENTIDO, ABRAZO, TERNURA Y PODER DE LA MUJER de Carolina Mateo Agis<\/span><br \/>\n<a href=\"https:\/\/igualdad.us.es\/wpblog\/wp-content\/uploads\/2020\/04\/5.Amor-consentidoabrazoternura_CarolinaMateoAguis_RVG.png\" target=\"_blank\" rel=\"noopener noreferrer\"><img loading=\"lazy\" decoding=\"async\" class=\"alignleft wp-image-3327 size-thumbnail\" src=\"https:\/\/igualdad.us.es\/wpblog\/wp-content\/uploads\/2020\/04\/5.Amor-consentidoabrazoternura_CarolinaMateoAguis_RVG-150x150.png\" alt=\"AMOR CONSENTIDO, ABRAZO, TERNURA Y PODER DE LA MUJER de Carolina Mateo Aguis\" width=\"150\" height=\"150\" \/><\/a><\/p>\n<p>&nbsp;<\/p>\n<p>&nbsp;<\/p>\n<p>&nbsp;<\/p>\n<p>&nbsp;<\/p>\n<p>&nbsp;<\/p>\n<p style=\"padding-left: 60px;\"><span style=\"font-size: 10pt;\">6. LE CORTAN SUS ALAS de Mar\u00eda Garc\u00eda Verdugo y Marta Romero Mart\u00edn<\/span><br \/>\n<a href=\"https:\/\/igualdad.us.es\/wpblog\/wp-content\/uploads\/2020\/04\/6.Le-cortan-sus-alas_MartaRomeroMartin-MariaGarciaVerdugo_RVG.png\" target=\"_blank\" rel=\"noopener noreferrer\"><img loading=\"lazy\" decoding=\"async\" class=\"alignleft wp-image-3330 size-thumbnail\" src=\"https:\/\/igualdad.us.es\/wpblog\/wp-content\/uploads\/2020\/04\/6.Le-cortan-sus-alas_MartaRomeroMartin-MariaGarciaVerdugo_RVG-150x150.png\" alt=\"LE CORTAN SUS ALAS de Mar\u00eda Garc\u00eda Verdugo y Marta Romero Mart\u00edn\" width=\"150\" height=\"150\" \/><\/a><\/p>\n<p>&nbsp;<\/p>\n<p>&nbsp;<\/p>\n<p>&nbsp;<\/p>\n<p>&nbsp;<\/p>\n<p>&nbsp;<\/p>\n<p style=\"padding-left: 60px;\"><span style=\"font-size: 10pt;\">7. BORRADA de Andrea Reina D\u00edaz<\/span><br \/>\n<a href=\"https:\/\/igualdad.us.es\/wpblog\/wp-content\/uploads\/2020\/05\/7.BORRADA_AndreaReinaDiaz.png\" target=\"_blank\" rel=\"noopener noreferrer\"><img loading=\"lazy\" decoding=\"async\" class=\"alignleft wp-image-3370 size-thumbnail\" src=\"https:\/\/igualdad.us.es\/wpblog\/wp-content\/uploads\/2020\/05\/7.BORRADA_AndreaReinaDiaz-150x150.png\" alt=\"BORRADA de Andrea Reina D\u00edaz\" width=\"150\" height=\"150\" \/><\/a><\/p>\n<p>&nbsp;<\/p>\n<p>&nbsp;<\/p>\n<p>&nbsp;<\/p>\n<p>&nbsp;<\/p>\n<p>&nbsp;<\/p>\n<p style=\"padding-left: 60px;\"><span style=\"font-size: 10pt;\">8. CON EL FEMINISMO EN LA MIRADA de Carmen Rizo Suero<\/span><\/p>\n<p style=\"padding-left: 60px;\"><a href=\"https:\/\/igualdad.us.es\/wpblog\/wp-content\/uploads\/2020\/05\/8.Con-el-feminismo-en-la-mirada_CarmenRizo.jpg\" target=\"_blank\" rel=\"noopener noreferrer\"><img loading=\"lazy\" decoding=\"async\" class=\"alignleft wp-image-3374 size-thumbnail\" src=\"https:\/\/igualdad.us.es\/wpblog\/wp-content\/uploads\/2020\/05\/8.Con-el-feminismo-en-la-mirada_CarmenRizo-150x150.jpg\" alt=\"CON EL FEMINISMO EN LA MIRADA de Carmen Rizo Suero\" width=\"150\" height=\"150\" \/><\/a><\/p>\n<p>&nbsp;<\/p>\n<p>&nbsp;<\/p>\n<p>&nbsp;<\/p>\n<p>&nbsp;<\/p>\n<p>&nbsp;<\/p>\n<p style=\"padding-left: 60px;\"><span style=\"font-size: 10pt;\">9. DEJEMOS DE DISTINGUIR ENTRE SEXOS Y EMPEZEMOS A HABLAR DE PERSONAS Ana Carballo del Valle<\/span><\/p>\n<p style=\"padding-left: 60px;\"><a href=\"https:\/\/igualdad.us.es\/wpblog\/wp-content\/uploads\/2020\/05\/9.Dejemos-de-distinguir-entre-sexos_AnaCarballo_RVG.png\" target=\"_blank\" rel=\"noopener noreferrer\"><img loading=\"lazy\" decoding=\"async\" class=\"alignleft wp-image-3377 size-thumbnail\" src=\"https:\/\/igualdad.us.es\/wpblog\/wp-content\/uploads\/2020\/05\/9.Dejemos-de-distinguir-entre-sexos_AnaCarballo_RVG-150x150.png\" alt=\"DEJEMOS DE DISTINGUIR ENTRE SEXOS Y EMPEZEMOS A HABLAR DE PERSONAS Ana Carballo del Valle\" width=\"150\" height=\"150\" \/><\/a><\/p>\n<p>&nbsp;<\/p>\n<p>&nbsp;<\/p>\n<p>&nbsp;<\/p>\n<p>&nbsp;<\/p>\n<p>&nbsp;<\/p>\n<p style=\"padding-left: 60px;\"><span style=\"font-size: 10pt;\">10. FEMINISMO INTERSECCIONAL de Natalia Cornejo Guerra<\/span><\/p>\n<p style=\"padding-left: 60px;\"><a href=\"https:\/\/igualdad.us.es\/wpblog\/wp-content\/uploads\/2020\/05\/10.Feminismo-interseccional_NataliaCornejoGuerra_RVG.png\" target=\"_blank\" rel=\"noopener noreferrer\"><img loading=\"lazy\" decoding=\"async\" class=\"alignleft wp-image-3380 size-thumbnail\" src=\"https:\/\/igualdad.us.es\/wpblog\/wp-content\/uploads\/2020\/05\/10.Feminismo-interseccional_NataliaCornejoGuerra_RVG-150x150.png\" alt=\"FEMINISMO INTERSECCIONAL de Natalia Cornejo Guerra\" width=\"150\" height=\"150\" \/><\/a><\/p>\n<p>&nbsp;<\/p>\n<p>&nbsp;<\/p>\n<p>&nbsp;<\/p>\n<p>&nbsp;<\/p>\n<p>&nbsp;<\/p>\n<p style=\"padding-left: 60px;\"><span style=\"font-size: 10pt;\">11. FLORECER LIBRES E IGUALES EN LA DIVERSIDAD de Ana Morillo Asuero<\/span><\/p>\n<p style=\"padding-left: 60px;\"><a href=\"https:\/\/igualdad.us.es\/wpblog\/wp-content\/uploads\/2020\/05\/11.Florecer-libres-iguales-diversidad_AnaMorilloAsuero_RVG.jpeg\" target=\"_blank\" rel=\"noopener noreferrer\"><img loading=\"lazy\" decoding=\"async\" class=\"alignleft wp-image-3382 size-thumbnail\" src=\"https:\/\/igualdad.us.es\/wpblog\/wp-content\/uploads\/2020\/05\/11.Florecer-libres-iguales-diversidad_AnaMorilloAsuero_RVG-150x150.jpeg\" alt=\"FLORECER LIBRES E IGUALES EN LA DIVERSIDAD de Ana Morillo Asuero\" width=\"150\" height=\"150\" \/><\/a><\/p>\n<p>&nbsp;<\/p>\n<p>&nbsp;<\/p>\n<p>&nbsp;<\/p>\n<p>&nbsp;<\/p>\n<p>&nbsp;<\/p>\n<p style=\"padding-left: 60px;\"><span style=\"font-size: 10pt;\">12. IGUALDAD de Carmen Ruiz Aguilera<\/span><\/p>\n<p style=\"padding-left: 60px;\"><a href=\"https:\/\/igualdad.us.es\/wpblog\/wp-content\/uploads\/2020\/05\/12.Igualdad_CarmenRuizAguilera_RVG.jpeg\" target=\"_blank\" rel=\"noopener noreferrer\"><img loading=\"lazy\" decoding=\"async\" class=\"alignleft wp-image-3385 size-thumbnail\" src=\"https:\/\/igualdad.us.es\/wpblog\/wp-content\/uploads\/2020\/05\/12.Igualdad_CarmenRuizAguilera_RVG-150x150.jpeg\" alt=\"IGUALDAD de Carmen Ruiz Aguilera\" width=\"150\" height=\"150\" \/><\/a><\/p>\n<p>&nbsp;<\/p>\n<p>&nbsp;<\/p>\n<p>&nbsp;<\/p>\n<p>&nbsp;<\/p>\n<p>&nbsp;<\/p>\n<p style=\"padding-left: 60px;\"><span style=\"font-size: 10pt;\">13. IGUALDAD de Miguel Pomar Gessa<\/span><\/p>\n<p style=\"padding-left: 60px;\"><a href=\"https:\/\/igualdad.us.es\/wpblog\/wp-content\/uploads\/2020\/05\/13.Igualdad_MiguelPomarGessa_RVG.jpg\" target=\"_blank\" rel=\"noopener noreferrer\"><img loading=\"lazy\" decoding=\"async\" class=\"alignleft wp-image-3387 size-thumbnail\" src=\"https:\/\/igualdad.us.es\/wpblog\/wp-content\/uploads\/2020\/05\/13.Igualdad_MiguelPomarGessa_RVG-150x150.jpg\" alt=\"IGUALDAD de Miguel Pomar Gessa\" width=\"150\" height=\"150\" \/><\/a><\/p>\n<p>&nbsp;<\/p>\n<p>&nbsp;<\/p>\n<p>&nbsp;<\/p>\n<p>&nbsp;<\/p>\n<p>&nbsp;<\/p>\n<p style=\"padding-left: 60px;\"><span style=\"font-size: 10pt;\">14. IGUALDAD de Roc\u00edo Segura Medina<\/span><\/p>\n<p style=\"padding-left: 60px;\"><a href=\"https:\/\/igualdad.us.es\/wpblog\/wp-content\/uploads\/2020\/05\/14.Igualdad_RocioSeguraMedina_RVG.png\" target=\"_blank\" rel=\"noopener noreferrer\"><img loading=\"lazy\" decoding=\"async\" class=\"alignleft wp-image-3390 size-thumbnail\" src=\"https:\/\/igualdad.us.es\/wpblog\/wp-content\/uploads\/2020\/05\/14.Igualdad_RocioSeguraMedina_RVG-150x150.png\" alt=\"IGUALDAD de Roc\u00edo Segura Medina\" width=\"150\" height=\"150\" \/><\/a><\/p>\n<p>&nbsp;<\/p>\n<p>&nbsp;<\/p>\n<p>&nbsp;<\/p>\n<p>&nbsp;<\/p>\n<p>&nbsp;<\/p>\n<p style=\"padding-left: 60px;\"><span style=\"font-size: 10pt;\">15. IGUALDAD EL ALMA DE LA LIBERTAD de Juan Jes\u00fas Garrocho Castillo<\/span><\/p>\n<p style=\"padding-left: 60px;\"><a href=\"https:\/\/igualdad.us.es\/wpblog\/wp-content\/uploads\/2020\/05\/15.Igualdad-el-Alma-de-la-Libertad-_JJesusGarrochoCastillo_RVG.png\" target=\"_blank\" rel=\"noopener noreferrer\"><img loading=\"lazy\" decoding=\"async\" class=\"alignleft wp-image-3392 size-thumbnail\" src=\"https:\/\/igualdad.us.es\/wpblog\/wp-content\/uploads\/2020\/05\/15.Igualdad-el-Alma-de-la-Libertad-_JJesusGarrochoCastillo_RVG-150x150.png\" alt=\"IGUALDAD EL ALMA DE LA LIBERTAD de Juan Jes\u00fas Garrocho Castillo\" width=\"150\" height=\"150\" \/><\/a><\/p>\n<p>&nbsp;<\/p>\n<p>&nbsp;<\/p>\n<p>&nbsp;<\/p>\n<p>&nbsp;<\/p>\n<p>&nbsp;<\/p>\n<p style=\"padding-left: 60px;\"><span style=\"font-size: 10pt;\">16. JUNT@S SOMOS M\u00c1S FUERTES de Roc\u00edo Querol Vilar<\/span><\/p>\n<p style=\"padding-left: 60px;\"><a href=\"https:\/\/igualdad.us.es\/wpblog\/wp-content\/uploads\/2020\/05\/16.Junt@s-somos-mas-fuertes_RocioQuerolVilar_RVG.png\" target=\"_blank\" rel=\"noopener noreferrer\"><img loading=\"lazy\" decoding=\"async\" class=\"alignleft wp-image-3394 size-thumbnail\" src=\"https:\/\/igualdad.us.es\/wpblog\/wp-content\/uploads\/2020\/05\/16.Junt@s-somos-mas-fuertes_RocioQuerolVilar_RVG-150x150.png\" alt=\"JUNT@S SOMOS M\u00c1S FUERTES de Roc\u00edo Querol Vilar\" width=\"150\" height=\"150\" \/><\/a><\/p>\n<p>&nbsp;<\/p>\n<p>&nbsp;<\/p>\n<p>&nbsp;<\/p>\n<p>&nbsp;<\/p>\n<p>&nbsp;<\/p>\n<p style=\"padding-left: 60px;\"><span style=\"font-size: 10pt;\">17. LA PRIMERA LUZ de Cristina Orellana Escobar<\/span><\/p>\n<p style=\"padding-left: 60px;\">\u00a0<a href=\"https:\/\/igualdad.us.es\/wpblog\/wp-content\/uploads\/2020\/05\/17.La-primera-luz_CristinaOrellanaEscobar_RVG.png\" target=\"_blank\" rel=\"noopener noreferrer\"><img loading=\"lazy\" decoding=\"async\" class=\"alignleft wp-image-3404 size-thumbnail\" src=\"https:\/\/igualdad.us.es\/wpblog\/wp-content\/uploads\/2020\/05\/17.La-primera-luz_CristinaOrellanaEscobar_RVG-150x150.png\" alt=\"LA PRIMERA LUZ de Cristina Orellana Escobar\" width=\"150\" height=\"150\" \/><\/a><\/p>\n<p>&nbsp;<\/p>\n<p>&nbsp;<\/p>\n<p>&nbsp;<\/p>\n<p>&nbsp;<\/p>\n<p style=\"padding-left: 60px;\"><span style=\"font-size: 10pt;\">18. LA PUERTA VIOLETA de Alba Fuentes Cara<\/span><\/p>\n<p style=\"padding-left: 60px;\"><a href=\"https:\/\/igualdad.us.es\/wpblog\/wp-content\/uploads\/2020\/05\/18.La-puerta-violeta_AlbaFuentesCara_RVG.jpg\" target=\"_blank\" rel=\"noopener noreferrer\"><img loading=\"lazy\" decoding=\"async\" class=\"alignleft wp-image-3402 size-thumbnail\" src=\"https:\/\/igualdad.us.es\/wpblog\/wp-content\/uploads\/2020\/05\/18.La-puerta-violeta_AlbaFuentesCara_RVG-150x150.jpg\" alt=\"LA PUERTA VIOLETA de Alba Fuentes Cara\" width=\"150\" height=\"150\" \/><\/a><\/p>\n<p>&nbsp;<\/p>\n<p>&nbsp;<\/p>\n<p>&nbsp;<\/p>\n<p>&nbsp;<\/p>\n<p>&nbsp;<\/p>\n<p style=\"padding-left: 60px;\"><span style=\"font-size: 10pt;\">19. LUCHANDO POR LA IGUALDAD DESDE LA DESIGUALDAD de Marta Fern\u00e1ndez Peraza<\/span><\/p>\n<p style=\"padding-left: 60px;\"><a href=\"https:\/\/igualdad.us.es\/wpblog\/wp-content\/uploads\/2020\/05\/19.Luchando-igualdad-desde-desigualdad_Marta-Ferandez-Peraza.png\" target=\"_blank\" rel=\"noopener noreferrer\"><img loading=\"lazy\" decoding=\"async\" class=\"alignleft wp-image-3406 size-thumbnail\" src=\"https:\/\/igualdad.us.es\/wpblog\/wp-content\/uploads\/2020\/05\/19.Luchando-igualdad-desde-desigualdad_Marta-Ferandez-Peraza-150x150.png\" alt=\"LUCHANDO POR LA IGUALDAD DESDE LA DESIGUALDAD de Marta Fern\u00e1ndez Peraza\" width=\"150\" height=\"150\" \/><\/a><\/p>\n<p>&nbsp;<\/p>\n<p>&nbsp;<\/p>\n<p>&nbsp;<\/p>\n<p>&nbsp;<\/p>\n<p>&nbsp;<\/p>\n<p style=\"padding-left: 60px;\"><span style=\"font-size: 10pt;\">20. MI LIBERTAD de Blanca L\u00f3pez Ram\u00edrez<\/span><\/p>\n<p style=\"padding-left: 60px;\"><a href=\"https:\/\/igualdad.us.es\/wpblog\/wp-content\/uploads\/2020\/05\/20.Mi-Libertad_BlancaLopezRamirez_RVG.jpg\" target=\"_blank\" rel=\"noopener noreferrer\"><img loading=\"lazy\" decoding=\"async\" class=\"alignleft wp-image-3408 size-thumbnail\" src=\"https:\/\/igualdad.us.es\/wpblog\/wp-content\/uploads\/2020\/05\/20.Mi-Libertad_BlancaLopezRamirez_RVG-150x150.jpg\" alt=\"MI LIBERTAD de Blanca L\u00f3pez Ram\u00edrez\" width=\"150\" height=\"150\" \/><\/a><\/p>\n<p>&nbsp;<\/p>\n<p>&nbsp;<\/p>\n<p>&nbsp;<\/p>\n<p>&nbsp;<\/p>\n<p>&nbsp;<\/p>\n<p style=\"padding-left: 60px;\"><span style=\"font-size: 10pt;\">21. SUPERHERO de Andrea Fillol Rodr\u00edguez<\/span><\/p>\n<p style=\"padding-left: 60px;\"><a href=\"https:\/\/igualdad.us.es\/wpblog\/wp-content\/uploads\/2020\/05\/21.SuperHero_AndreaFillol_RVG.png\" target=\"_blank\" rel=\"noopener noreferrer\"><img loading=\"lazy\" decoding=\"async\" class=\"alignleft wp-image-3415 size-thumbnail\" src=\"https:\/\/igualdad.us.es\/wpblog\/wp-content\/uploads\/2020\/05\/21.SuperHero_AndreaFillol_RVG-150x150.png\" alt=\"SUPERHERO de Andrea Fillol Rodr\u00edguez\" width=\"150\" height=\"150\" \/><\/a><\/p>\n<p>&nbsp;<\/p>\n<p>&nbsp;<\/p>\n<p>&nbsp;<\/p>\n<p>&nbsp;<\/p>\n<p>&nbsp;<\/p>\n<p style=\"padding-left: 60px;\"><span style=\"font-size: 10pt;\">22. TONO VIOLETA de M\u00aa Rosa Castillo Cid<\/span><\/p>\n<p style=\"padding-left: 60px;\"><a href=\"https:\/\/igualdad.us.es\/wpblog\/wp-content\/uploads\/2020\/05\/22.Tono-Violeta_MRosaCastilloCid_RVG.jpeg\" target=\"_blank\" rel=\"noopener noreferrer\"><img loading=\"lazy\" decoding=\"async\" class=\"alignleft wp-image-3418 size-thumbnail\" src=\"https:\/\/igualdad.us.es\/wpblog\/wp-content\/uploads\/2020\/05\/22.Tono-Violeta_MRosaCastilloCid_RVG-150x150.jpeg\" alt=\"TONO VIOLETA de M\u00aa Rosa Castillo Cid\" width=\"150\" height=\"150\" \/><\/a><\/p>\n<p>&nbsp;<\/p>\n<p>&nbsp;<\/p>\n<p>&nbsp;<\/p>\n<p>&nbsp;<\/p>\n<p>&nbsp;<\/p>\n<p style=\"padding-left: 60px;\"><span style=\"font-size: 10pt;\">23. XXI de Claudia Mel Cort\u00e9s<br \/>\n<\/span><\/p>\n<p style=\"padding-left: 60px;\"><a href=\"https:\/\/igualdad.us.es\/wpblog\/wp-content\/uploads\/2020\/05\/23.XXI_ClaudiaMelCortes_RVG.jpg\" target=\"_blank\" rel=\"noopener noreferrer\"><img loading=\"lazy\" decoding=\"async\" class=\"alignleft wp-image-3423 size-thumbnail\" src=\"https:\/\/igualdad.us.es\/wpblog\/wp-content\/uploads\/2020\/05\/23.XXI_ClaudiaMelCortes_RVG-150x150.jpg\" alt=\"XXI de Claudia Mel Cort\u00e9s\" width=\"150\" height=\"150\" \/><\/a><\/p>\n<p>&nbsp;<\/p>\n<p>&nbsp;<\/p>\n<p>&nbsp;<\/p>\n<p>&nbsp;<\/p>\n<p>&nbsp;<\/p>\n<p style=\"padding-left: 60px;\"><span style=\"font-size: 10pt;\">24. ANT\u00cdDOTO de Cristina Romero Rinc\u00f3n<\/span><\/p>\n<p style=\"padding-left: 60px;\"><a href=\"https:\/\/igualdad.us.es\/wpblog\/wp-content\/uploads\/2020\/05\/24.Antidoto_CristinaRomeroRincon_RVG.jpeg\" target=\"_blank\" rel=\"noopener noreferrer\"><img loading=\"lazy\" decoding=\"async\" class=\"alignleft wp-image-3444 size-thumbnail\" src=\"https:\/\/igualdad.us.es\/wpblog\/wp-content\/uploads\/2020\/05\/24.Antidoto_CristinaRomeroRincon_RVG-150x150.jpeg\" alt=\"ANT\u00cdDOTO de Cristina Romero Rinc\u00f3n\" width=\"150\" height=\"150\" \/><\/a><\/p>\n<p>&nbsp;<\/p>\n<p>&nbsp;<\/p>\n<p>&nbsp;<\/p>\n<p>&nbsp;<\/p>\n<p>&nbsp;<\/p>\n<p style=\"padding-left: 60px;\"><span style=\"font-size: 10pt;\">25. CALMA de Mar\u00eda Pino de Molina Delgado<\/span><\/p>\n<p style=\"padding-left: 60px;\"><a href=\"https:\/\/igualdad.us.es\/wpblog\/wp-content\/uploads\/2020\/05\/25.Calma_MariaPinoMolinaDelgado_RVG.png\" target=\"_blank\" rel=\"noopener noreferrer\"><img loading=\"lazy\" decoding=\"async\" class=\"alignleft wp-image-3446 size-thumbnail\" src=\"https:\/\/igualdad.us.es\/wpblog\/wp-content\/uploads\/2020\/05\/25.Calma_MariaPinoMolinaDelgado_RVG-150x150.png\" alt=\"CALMA de Mar\u00eda Pino de Molina Delgado\" width=\"150\" height=\"150\" \/><\/a><\/p>\n<p>&nbsp;<\/p>\n<p>&nbsp;<\/p>\n<p>&nbsp;<\/p>\n<p>&nbsp;<\/p>\n<p>&nbsp;<\/p>\n<p style=\"padding-left: 60px;\"><span style=\"font-size: 10pt;\">26. LAS PORTADAS QUE NUNCA HABLARAN DE M\u00cd de Silvia Maldonado Andrades<\/span><\/p>\n<p style=\"padding-left: 60px;\"><a href=\"https:\/\/igualdad.us.es\/wpblog\/wp-content\/uploads\/2020\/05\/26.Las-portadas-que-nunca-hablaran-de-mi_SilviaMaldonadoAndrades_RVG.jpg\" target=\"_blank\" rel=\"noopener noreferrer\"><img loading=\"lazy\" decoding=\"async\" class=\"alignleft wp-image-3450 size-thumbnail\" src=\"https:\/\/igualdad.us.es\/wpblog\/wp-content\/uploads\/2020\/05\/26.Las-portadas-que-nunca-hablaran-de-mi_SilviaMaldonadoAndrades_RVG-150x150.jpg\" alt=\"LAS PORTADAS QUE NUNCA HABLARAN DE M\u00cd de Silvia Maldonado Andrades\" width=\"150\" height=\"150\" \/><\/a><\/p>\n<p>&nbsp;<\/p>\n<p>&nbsp;<\/p>\n<p>&nbsp;<\/p>\n<p>&nbsp;<\/p>\n<p>&nbsp;<\/p>\n<p style=\"padding-left: 60px;\"><span style=\"font-size: 10pt;\">27. LAS PORTADAS QUE NUNCA HABLARAN DE M\u00cd de Silvia Maldonado Andrades<\/span><\/p>\n<p style=\"padding-left: 60px;\"><a href=\"https:\/\/igualdad.us.es\/wpblog\/wp-content\/uploads\/2020\/05\/27.Lo-Paramos-unidas_MarinaTorresTrejo_RVG.jpeg\" target=\"_blank\" rel=\"noopener noreferrer\"><img loading=\"lazy\" decoding=\"async\" class=\"alignleft wp-image-3452 size-thumbnail\" src=\"https:\/\/igualdad.us.es\/wpblog\/wp-content\/uploads\/2020\/05\/27.Lo-Paramos-unidas_MarinaTorresTrejo_RVG-150x150.jpeg\" alt=\"LO PARAMOS UNIDAS de Marina Torres Trejo\" width=\"150\" height=\"150\" \/><\/a><\/p>\n<p>&nbsp;<\/p>\n<p>&nbsp;<\/p>\n<p>&nbsp;<\/p>\n<p>&nbsp;<\/p>\n<p>&nbsp;<\/p>\n<p style=\"padding-left: 60px;\"><span style=\"font-size: 10pt;\">28. FUERZA INTERNA de Isabel Gonz\u00e1lez Dom\u00ednguez<\/span><\/p>\n<p style=\"padding-left: 60px;\"><a href=\"https:\/\/igualdad.us.es\/wpblog\/wp-content\/uploads\/2020\/05\/28.Fuerza-Interna_IsabelGonzalezDominguez_RVG.jpg\" target=\"_blank\" rel=\"noopener noreferrer\"><img loading=\"lazy\" decoding=\"async\" class=\"alignleft wp-image-3491 size-thumbnail\" src=\"https:\/\/igualdad.us.es\/wpblog\/wp-content\/uploads\/2020\/05\/28.Fuerza-Interna_IsabelGonzalezDominguez_RVG-150x150.jpg\" alt=\"FUERZA INTERNA de Isabel Gonz\u00e1lez Dom\u00ednguez\" width=\"150\" height=\"150\" \/><\/a><\/p>\n<p>&nbsp;<\/p>\n<p>&nbsp;<\/p>\n<p>&nbsp;<\/p>\n<p>&nbsp;<\/p>\n<p>&nbsp;<\/p>\n<p style=\"padding-left: 60px;\"><span style=\"font-size: 10pt;\">29. TRABAJO de Laura Carrasco Romero<\/span><\/p>\n<p style=\"padding-left: 60px;\"><a href=\"https:\/\/igualdad.us.es\/wpblog\/wp-content\/uploads\/2020\/05\/29.Trabajo_LauraCarrascoRomero.jpg\" target=\"_blank\" rel=\"noopener noreferrer\"><img loading=\"lazy\" decoding=\"async\" class=\"alignleft wp-image-3492 size-thumbnail\" src=\"https:\/\/igualdad.us.es\/wpblog\/wp-content\/uploads\/2020\/05\/29.Trabajo_LauraCarrascoRomero-150x150.jpg\" alt=\"TRABAJO de Laura Carrasco Romero\" width=\"150\" height=\"150\" \/><\/a><\/p>\n<p>&nbsp;<\/p>\n<p>&nbsp;<\/p>\n<p>&nbsp;<\/p>\n<p>&nbsp;<\/p>\n<p>&nbsp;<\/p>\n<p style=\"padding-left: 60px;\"><span style=\"font-size: 10pt;\">30. LUCHA POR LA IGUALDAD de Estrella Munuera Cabezas<\/span><\/p>\n<p style=\"padding-left: 60px;\"><a href=\"https:\/\/igualdad.us.es\/wpblog\/wp-content\/uploads\/2020\/05\/30.Lucha-por-la-igualdad_EstrellaMunueraCabezas.jpg\" target=\"_blank\" rel=\"noopener noreferrer\"><img loading=\"lazy\" decoding=\"async\" class=\"alignleft wp-image-3521 size-thumbnail\" src=\"https:\/\/igualdad.us.es\/wpblog\/wp-content\/uploads\/2020\/05\/30.Lucha-por-la-igualdad_EstrellaMunueraCabezas-150x150.jpg\" alt=\"LUCHA POR LA IGUALDAD de Estrella Munuera Cabezas\" width=\"150\" height=\"150\" \/><\/a><\/p>\n<p>&nbsp;<\/p>\n<p>&nbsp;<\/p>\n<p>&nbsp;<\/p>\n<p>&nbsp;<\/p>\n<p>&nbsp;<\/p>\n<p style=\"padding-left: 60px;\"><span style=\"font-size: 10pt;\">31. IGUALDAD de Esperanza Algar Salas<\/span><\/p>\n<p style=\"padding-left: 60px;\"><a href=\"https:\/\/igualdad.us.es\/wpblog\/wp-content\/uploads\/2020\/05\/31.Igualdad_EsperanzaAlgarSalas_RVG.jpeg\" target=\"_blank\" rel=\"noopener noreferrer\"><img loading=\"lazy\" decoding=\"async\" class=\"alignleft wp-image-3526 size-thumbnail\" src=\"https:\/\/igualdad.us.es\/wpblog\/wp-content\/uploads\/2020\/05\/31.Igualdad_EsperanzaAlgarSalas_RVG-150x150.jpeg\" alt=\"IGUALDAD de Esperanza Algar Salas\" width=\"150\" height=\"150\" \/><\/a><\/p>\n<p>&nbsp;<\/p>\n<p>&nbsp;<\/p>\n<p>&nbsp;<\/p>\n<p>&nbsp;<\/p>\n<p>&nbsp;<\/p>\n<p style=\"padding-left: 60px;\"><span style=\"font-size: 10pt;\">32. A NING\u00daN HOMBRE CONSIENTO de \u00c1ngela Garc\u00eda Gonz\u00e1lez<\/span><\/p>\n<p style=\"padding-left: 60px;\"><a href=\"https:\/\/igualdad.us.es\/wpblog\/wp-content\/uploads\/2020\/05\/32.A-ningun-hombre_AngelaGarciaGonzalez_RVG.jpeg\" target=\"_blank\" rel=\"noopener noreferrer\"><img loading=\"lazy\" decoding=\"async\" class=\"alignleft wp-image-3544 size-thumbnail\" src=\"https:\/\/igualdad.us.es\/wpblog\/wp-content\/uploads\/2020\/05\/32.A-ningun-hombre_AngelaGarciaGonzalez_RVG-150x150.jpeg\" alt=\"A NING\u00daN HOMBRE CONSIENTO de \u00c1ngela Garc\u00eda Gonz\u00e1lez\" width=\"150\" height=\"150\" \/><\/a><\/p>\n<p>&nbsp;<\/p>\n<p>&nbsp;<\/p>\n<p>&nbsp;<\/p>\n<p>&nbsp;<\/p>\n<p>&nbsp;<\/p>\n<p style=\"padding-left: 60px;\"><span style=\"font-size: 10pt;\">33. LA IGUALDAD ES NECESARIA de Encarnaci\u00f3n N\u00fa\u00f1ez Ortega<\/span><\/p>\n<p style=\"padding-left: 60px;\"><a href=\"https:\/\/igualdad.us.es\/wpblog\/wp-content\/uploads\/2020\/05\/33.La-igualdad-es-necesaria_EncarnacionNu\u00f1ezOrtega_RVG.jpg\" target=\"_blank\" rel=\"noopener noreferrer\"><img loading=\"lazy\" decoding=\"async\" class=\"alignleft wp-image-3545 size-thumbnail\" src=\"https:\/\/igualdad.us.es\/wpblog\/wp-content\/uploads\/2020\/05\/33.La-igualdad-es-necesaria_EncarnacionNu\u00f1ezOrtega_RVG-150x150.jpg\" alt=\"LA IGUALDAD ES NECESARIA de Encarnaci\u00f3n N\u00fa\u00f1ez Ortega\" width=\"150\" height=\"150\" \/><\/a><\/p>\n<p>&nbsp;<\/p>\n<p>&nbsp;<\/p>\n<p>&nbsp;<\/p>\n<p>&nbsp;<\/p>\n<p style=\"text-align: right;\"><a href=\"https:\/\/igualdad.us.es\/?page_id=3166\">\u21b5 Volver<\/a><\/p>\n","protected":false},"excerpt":{"rendered":"<p>.<\/p>\n","protected":false},"author":1,"featured_media":3239,"parent":3166,"menu_order":3,"comment_status":"closed","ping_status":"closed","template":"","meta":{"footnotes":""},"class_list":["post-3216","page","type-page","status-publish","has-post-thumbnail","hentry"],"_links":{"self":[{"href":"https:\/\/igualdad.us.es\/wpblog\/wp-json\/wp\/v2\/pages\/3216","targetHints":{"allow":["GET"]}}],"collection":[{"href":"https:\/\/igualdad.us.es\/wpblog\/wp-json\/wp\/v2\/pages"}],"about":[{"href":"https:\/\/igualdad.us.es\/wpblog\/wp-json\/wp\/v2\/types\/page"}],"author":[{"embeddable":true,"href":"https:\/\/igualdad.us.es\/wpblog\/wp-json\/wp\/v2\/users\/1"}],"replies":[{"embeddable":true,"href":"https:\/\/igualdad.us.es\/wpblog\/wp-json\/wp\/v2\/comments?post=3216"}],"version-history":[{"count":50,"href":"https:\/\/igualdad.us.es\/wpblog\/wp-json\/wp\/v2\/pages\/3216\/revisions"}],"predecessor-version":[{"id":3546,"href":"https:\/\/igualdad.us.es\/wpblog\/wp-json\/wp\/v2\/pages\/3216\/revisions\/3546"}],"up":[{"embeddable":true,"href":"https:\/\/igualdad.us.es\/wpblog\/wp-json\/wp\/v2\/pages\/3166"}],"wp:featuredmedia":[{"embeddable":true,"href":"https:\/\/igualdad.us.es\/wpblog\/wp-json\/wp\/v2\/media\/3239"}],"wp:attachment":[{"href":"https:\/\/igualdad.us.es\/wpblog\/wp-json\/wp\/v2\/media?parent=3216"}],"curies":[{"name":"wp","href":"https:\/\/api.w.org\/{rel}","templated":true}]}}