{"id":3207,"date":"2020-03-24T11:40:21","date_gmt":"2020-03-24T10:40:21","guid":{"rendered":"http:\/\/igualdad.us.es\/?page_id=3207"},"modified":"2021-09-02T09:53:30","modified_gmt":"2021-09-02T08:53:30","slug":"canciones","status":"publish","type":"page","link":"https:\/\/igualdad.us.es\/wpblog\/en-tiempos-del-virus-transmitamos-igualdad\/canciones\/","title":{"rendered":"Canciones"},"content":{"rendered":"<p>&nbsp;<\/p>\n<ol>\n<li><span style=\"font-size: 10pt;\"><a href=\"https:\/\/g.co\/kgs\/ouJ5Xz\" target=\"_blank\" rel=\"noopener\">VOLAR<\/a> de Juan G\u00f3mez Canca a propuesta por Ana Guil Bozal (audio)<\/span><\/li>\n<li><span style=\"font-size: 10pt;\"><a href=\"https:\/\/hdvirtual.us.es\/discovirt\/index.php\/s\/FJrnCikQS785H43\" target=\"_blank\" rel=\"noopener\">EL CANTO DEL INVIERNO<\/a> de Rafael Jim\u00e9nez Cano (audio)<\/span><\/li>\n<li><span style=\"font-size: 10pt;\"><a href=\"https:\/\/youtu.be\/ueut-KPZN0Q\" target=\"_blank\" rel=\"noopener\">JUDITH SIN HOLOFERNE<\/a> de La Karma (audio)<\/span><\/li>\n<li><a href=\"https:\/\/hdvirtual.us.es\/discovirt\/index.php\/s\/X62kcZqorD2wgSk\">TE EST\u00c1 MATANDO<\/a> de Diego Fern\u00e1ndez Alba, baila M\u00aa del Mar Garc\u00eda Antequera (Canci\u00f3n de Sergio Contreras)<\/li>\n<li><a href=\"https:\/\/hdvirtual.us.es\/discovirt\/index.php\/s\/7XAQKDoz3B4pAex\" target=\"_blank\" rel=\"noopener\">LA PUERTA VIOLENTA<\/a> de Dami\u00e1n Herv\u00e1s Begines (v\u00eddeo)<\/li>\n<\/ol>\n<p style=\"text-align: right;\"><a href=\"https:\/\/igualdad.us.es\/?page_id=3166\">\u21b5 Volver<\/a><\/p>\n","protected":false},"excerpt":{"rendered":"<p>.<\/p>\n","protected":false},"author":1,"featured_media":3240,"parent":3166,"menu_order":2,"comment_status":"closed","ping_status":"closed","template":"","meta":{"footnotes":""},"class_list":["post-3207","page","type-page","status-publish","has-post-thumbnail","hentry"],"_links":{"self":[{"href":"https:\/\/igualdad.us.es\/wpblog\/wp-json\/wp\/v2\/pages\/3207","targetHints":{"allow":["GET"]}}],"collection":[{"href":"https:\/\/igualdad.us.es\/wpblog\/wp-json\/wp\/v2\/pages"}],"about":[{"href":"https:\/\/igualdad.us.es\/wpblog\/wp-json\/wp\/v2\/types\/page"}],"author":[{"embeddable":true,"href":"https:\/\/igualdad.us.es\/wpblog\/wp-json\/wp\/v2\/users\/1"}],"replies":[{"embeddable":true,"href":"https:\/\/igualdad.us.es\/wpblog\/wp-json\/wp\/v2\/comments?post=3207"}],"version-history":[{"count":12,"href":"https:\/\/igualdad.us.es\/wpblog\/wp-json\/wp\/v2\/pages\/3207\/revisions"}],"predecessor-version":[{"id":3457,"href":"https:\/\/igualdad.us.es\/wpblog\/wp-json\/wp\/v2\/pages\/3207\/revisions\/3457"}],"up":[{"embeddable":true,"href":"https:\/\/igualdad.us.es\/wpblog\/wp-json\/wp\/v2\/pages\/3166"}],"wp:featuredmedia":[{"embeddable":true,"href":"https:\/\/igualdad.us.es\/wpblog\/wp-json\/wp\/v2\/media\/3240"}],"wp:attachment":[{"href":"https:\/\/igualdad.us.es\/wpblog\/wp-json\/wp\/v2\/media?parent=3207"}],"curies":[{"name":"wp","href":"https:\/\/api.w.org\/{rel}","templated":true}]}}