{"id":3166,"date":"2020-03-18T09:17:10","date_gmt":"2020-03-18T09:17:10","guid":{"rendered":"http:\/\/igualdad.us.es\/?page_id=3166"},"modified":"2020-03-30T17:22:38","modified_gmt":"2020-03-30T17:22:38","slug":"en-tiempos-del-virus-transmitamos-igualdad","status":"publish","type":"page","link":"https:\/\/igualdad.us.es\/wpblog\/en-tiempos-del-virus-transmitamos-igualdad\/","title":{"rendered":"En tiempos del virus \u00a1\u00a1\u00a1Transmitamos Igualdad!!!"},"content":{"rendered":"<p><strong><span style=\"color: #993366;\">En tiempos del virus: \u00a1\u00a1\u00a1Transmitamos Igualdad!!!<br \/>\n<\/span><\/strong><span style=\"color: #999999;\">(Campa\u00f1as-2020 #YoMeQuedoEnCasa)<\/span><\/p>\n<p style=\"text-align: justify;\">Ante la situaci\u00f3n ocasionada por el <strong>COVID-19<\/strong>, ha sido necesario cancelar los <strong><span style=\"color: #800080;\">Mi\u00e9rcoles Violeta de Marzo<\/span><\/strong>. Sin embargo, esta crisis, como todas las crisis, pueden constituir una oportunidad para avanzar y seguir creciendo. La lucha por la igualdad no puede cesar.<\/p>\n<p style=\"text-align: justify;\">Desde la <span style=\"color: #800080;\">Unidad para la igualdad,<\/span> os proponemos que sigamos ti\u00f1endo la US de violeta, ahora de forma virtual:<\/p>\n<h4 style=\"text-align: center;\"><span style=\"color: #800080;\"><strong>En tiempos del virus: <\/strong><strong> \u00a1\u00a1\u00a1Transmitamos Igualdad!!!<\/strong><\/span><\/h4>\n<p style=\"text-align: justify;\">\u00bfC\u00f3mo lo haremos?<\/p>\n<p style=\"text-align: justify;\">En primer lugar, m\u00e1ndanos tu aportaci\u00f3n en la modalidad de entre las siguientes que prefieras a <a href=\"mailto:igualdad3@us.es\">i<strong>gualdad3@us.es<\/strong><\/a><\/p>\n<ul style=\"text-align: justify;\">\n<li>Un <strong>poema o relato<\/strong> tuyo (mejor), o de otra persona, que te guste y tenga que ver con la igualdad. En un archivo de audio (en uno de estos formatos: .wav .wma .m4a) o v\u00eddeo (en uno de estos formatos: .wmv .mp4) . Empieza el audio con tu nombre si quieres, la autora o autor del poema si no eres t\u00fa, el t\u00edtulo y rec\u00edtalo.<\/li>\n<li>Una <strong>canci\u00f3n<\/strong> tuya (mejor), o de otra persona, que te guste y est\u00e9 relacionada con la Igualdad. En un archivo de audio (en uno de estos formatos: .wav .wma .m4a) o v\u00eddeo (en uno de estos formatos: .wmv .mp4). Empieza el audio\/v\u00eddeo con tu nombre si quieres, la autora o autor de la canci\u00f3n si no eres t\u00fa, el t\u00edtulo y a continuaci\u00f3n la canci\u00f3n.<\/li>\n<li>Una <strong>obra<\/strong> tuya:<strong> im\u00e1genes,<\/strong> <strong>pintura, dibujo\u2026<\/strong> que transmita igualdad o denuncie la desigualdad. Le puedes hacer una foto y enviarla (en uno de estos formatos .png .jpj .jpej .pdf), acompa\u00f1ada de tu nombre y t\u00edtulo.<\/li>\n<\/ul>\n<p style=\"text-align: justify;\">En segundo lugar, tras revisar los distintos env\u00edos, colgaremos en nuestra web <a href=\"https:\/\/igualdad.us.es\/\"><strong>igualdad.us.es<\/strong><\/a> un enlace a trav\u00e9s del que podr\u00e1s disfrutar y emocionarte con los poemas, canciones y obras compartidas. Tambi\u00e9n podr\u00e1s hacer comentarios de cada una y as\u00ed crearemos un espacio violeta, tambi\u00e9n en estos tiempos de crisis.<\/p>\n<p style=\"text-align: justify;\">El espacio estar\u00e1 disponible desde que tengamos las primeras aportaciones: \u00a1an\u00edmate!<\/p>\n<p><a href=\"https:\/\/igualdad.us.es\/wpblog\/wp-content\/uploads\/2020\/03\/Campa\u00f1a_8M-2020_En-tiempos-del-virus-Transmitamos-Igualdad.png\" target=\"_blank\" rel=\"noopener\">Ver cartel aqu\u00ed<\/a><\/p>\n<h5 style=\"text-align: center;\">Aportaciones<\/h5>\n<p><a href=\" https:\/\/igualdad.us.es\/?page_id=3190\"><img loading=\"lazy\" decoding=\"async\" class=\"aligncenter wp-image-3238 size-medium\" src=\"https:\/\/igualdad.us.es\/wpblog\/wp-content\/uploads\/2020\/03\/Campa\u00f1a-2020_COVID-19_poesia_baner-300x125.png\" alt=\"\" width=\"300\" height=\"125\" srcset=\"https:\/\/igualdad.us.es\/wpblog\/wp-content\/uploads\/2020\/03\/Campa\u00f1a-2020_COVID-19_poesia_baner-300x125.png 300w, https:\/\/igualdad.us.es\/wpblog\/wp-content\/uploads\/2020\/03\/Campa\u00f1a-2020_COVID-19_poesia_baner.png 600w\" sizes=\"auto, (max-width: 300px) 100vw, 300px\" \/><\/a><a href=\"https:\/\/igualdad.us.es\/?page_id=3216\"><img loading=\"lazy\" decoding=\"async\" class=\"aligncenter wp-image-3239 size-medium\" src=\"https:\/\/igualdad.us.es\/wpblog\/wp-content\/uploads\/2020\/03\/Campa\u00f1a-2020_COVID-19_pintura_baner-300x125.png\" alt=\"\" width=\"300\" height=\"125\" srcset=\"https:\/\/igualdad.us.es\/wpblog\/wp-content\/uploads\/2020\/03\/Campa\u00f1a-2020_COVID-19_pintura_baner-300x125.png 300w, https:\/\/igualdad.us.es\/wpblog\/wp-content\/uploads\/2020\/03\/Campa\u00f1a-2020_COVID-19_pintura_baner.png 600w\" sizes=\"auto, (max-width: 300px) 100vw, 300px\" \/><\/a><a href=\" https:\/\/igualdad.us.es\/?page_id=3207\"><img loading=\"lazy\" decoding=\"async\" class=\"aligncenter wp-image-3240 size-medium\" src=\"https:\/\/igualdad.us.es\/wpblog\/wp-content\/uploads\/2020\/03\/Campa\u00f1a-2020_COVID-19_canciones_baner-300x125.png\" alt=\"\" width=\"300\" height=\"125\" srcset=\"https:\/\/igualdad.us.es\/wpblog\/wp-content\/uploads\/2020\/03\/Campa\u00f1a-2020_COVID-19_canciones_baner-300x125.png 300w, https:\/\/igualdad.us.es\/wpblog\/wp-content\/uploads\/2020\/03\/Campa\u00f1a-2020_COVID-19_canciones_baner.png 600w\" sizes=\"auto, (max-width: 300px) 100vw, 300px\" \/><\/a><\/p>\n","protected":false},"excerpt":{"rendered":"<p>Ante la situaci\u00f3n ocasionada por el COVID-19, ha sido necesario cancelar los Mi\u00e9rcoles Violeta de Marzo. Sin embargo, esta crisis, como todas las crisis, pueden constituir una oportunidad para avanzar y seguir creciendo. Pero la lucha por la igualdad no puede cesar. Os proponemos que sigamos ti\u00f1endo la US de violeta, ahora de forma virtual.<\/p>\n","protected":false},"author":1,"featured_media":3163,"parent":0,"menu_order":0,"comment_status":"closed","ping_status":"closed","template":"","meta":{"footnotes":""},"class_list":["post-3166","page","type-page","status-publish","has-post-thumbnail","hentry"],"_links":{"self":[{"href":"https:\/\/igualdad.us.es\/wpblog\/wp-json\/wp\/v2\/pages\/3166","targetHints":{"allow":["GET"]}}],"collection":[{"href":"https:\/\/igualdad.us.es\/wpblog\/wp-json\/wp\/v2\/pages"}],"about":[{"href":"https:\/\/igualdad.us.es\/wpblog\/wp-json\/wp\/v2\/types\/page"}],"author":[{"embeddable":true,"href":"https:\/\/igualdad.us.es\/wpblog\/wp-json\/wp\/v2\/users\/1"}],"replies":[{"embeddable":true,"href":"https:\/\/igualdad.us.es\/wpblog\/wp-json\/wp\/v2\/comments?post=3166"}],"version-history":[{"count":19,"href":"https:\/\/igualdad.us.es\/wpblog\/wp-json\/wp\/v2\/pages\/3166\/revisions"}],"predecessor-version":[{"id":3245,"href":"https:\/\/igualdad.us.es\/wpblog\/wp-json\/wp\/v2\/pages\/3166\/revisions\/3245"}],"wp:featuredmedia":[{"embeddable":true,"href":"https:\/\/igualdad.us.es\/wpblog\/wp-json\/wp\/v2\/media\/3163"}],"wp:attachment":[{"href":"https:\/\/igualdad.us.es\/wpblog\/wp-json\/wp\/v2\/media?parent=3166"}],"curies":[{"name":"wp","href":"https:\/\/api.w.org\/{rel}","templated":true}]}}