{"id":297,"date":"2017-02-27T09:01:00","date_gmt":"2017-02-27T09:01:00","guid":{"rendered":"http:\/\/demo.acmethemes.com\/education-base-pro\/?page_id=297"},"modified":"2018-05-22T16:18:11","modified_gmt":"2018-05-22T16:18:11","slug":"campania-8m-2017","status":"publish","type":"page","link":"https:\/\/igualdad.us.es\/wpblog\/difusion\/galeria\/galeria-2017\/campania-8m-2017\/","title":{"rendered":"Presentaci\u00f3n v\u00eddeo Universitarias que abren camino. Primeras mujeres en la US"},"content":{"rendered":"<p>Primer acto de la Campa\u00f1a del 8M del 2017,en el Paraninfo de la US, donde se present\u00f3 el v\u00eddeo <span style=\"color: #993366;\"><b><i>Universitarias <\/i><\/b><b><i>que abren <\/i><\/b><\/span><b><i><span style=\"color: #993366;\">camino. Primeras mujeres en la US<\/span>. <\/i><\/b><\/p>\n","protected":false},"excerpt":{"rendered":"<p>Una de las actividades de la Campa\u00f1a 8M del 2017<\/p>\n","protected":false},"author":1,"featured_media":981,"parent":980,"menu_order":0,"comment_status":"closed","ping_status":"closed","template":"","meta":{"footnotes":""},"class_list":["post-297","page","type-page","status-publish","has-post-thumbnail","hentry"],"_links":{"self":[{"href":"https:\/\/igualdad.us.es\/wpblog\/wp-json\/wp\/v2\/pages\/297","targetHints":{"allow":["GET"]}}],"collection":[{"href":"https:\/\/igualdad.us.es\/wpblog\/wp-json\/wp\/v2\/pages"}],"about":[{"href":"https:\/\/igualdad.us.es\/wpblog\/wp-json\/wp\/v2\/types\/page"}],"author":[{"embeddable":true,"href":"https:\/\/igualdad.us.es\/wpblog\/wp-json\/wp\/v2\/users\/1"}],"replies":[{"embeddable":true,"href":"https:\/\/igualdad.us.es\/wpblog\/wp-json\/wp\/v2\/comments?post=297"}],"version-history":[{"count":3,"href":"https:\/\/igualdad.us.es\/wpblog\/wp-json\/wp\/v2\/pages\/297\/revisions"}],"predecessor-version":[{"id":1041,"href":"https:\/\/igualdad.us.es\/wpblog\/wp-json\/wp\/v2\/pages\/297\/revisions\/1041"}],"up":[{"embeddable":true,"href":"https:\/\/igualdad.us.es\/wpblog\/wp-json\/wp\/v2\/pages\/980"}],"wp:featuredmedia":[{"embeddable":true,"href":"https:\/\/igualdad.us.es\/wpblog\/wp-json\/wp\/v2\/media\/981"}],"wp:attachment":[{"href":"https:\/\/igualdad.us.es\/wpblog\/wp-json\/wp\/v2\/media?parent=297"}],"curies":[{"name":"wp","href":"https:\/\/api.w.org\/{rel}","templated":true}]}}