{"id":2310,"date":"2019-04-03T06:56:14","date_gmt":"2019-04-03T06:56:14","guid":{"rendered":"http:\/\/igualdad.us.es\/?page_id=2310"},"modified":"2024-02-05T08:22:23","modified_gmt":"2024-02-05T07:22:23","slug":"proteccion-de-datos-personales-basica","status":"publish","type":"page","link":"https:\/\/igualdad.us.es\/wpblog\/concocenos\/proteccion-de-datos-personales-basica\/","title":{"rendered":"Protecci\u00f3n de datos personales b\u00e1sica"},"content":{"rendered":"<h6><strong>CLAUSULA INFORMATIVA DIRIGIDA A LAS PERSONAS INTERESADAS EN APLICACI\u00d3N DEL PRINCIPIO DE TRANSPARENCIA REGULADO EN EL REGLAMENTO GENERAL DE PROTECCI\u00d3N DE DATOS (RGPD)<\/strong><\/h6>\n<p><strong>Informaci\u00f3n b\u00e1sica sobre protecci\u00f3n de datos personales<br \/>\n<\/strong><\/p>\n<p style=\"text-align: right;\"><span style=\"font-size: 8pt;\"><em>Versi\u00f3n ARS1.2024<br \/>\n<\/em><\/span><\/p>\n<p>La Universidad de Sevilla es responsable del presente tratamiento, <strong>\u201cPrestaciones Asistenciales y Programas Sociales de la US\u201d<\/strong> que tiene como finalidad: <em>\u201cDar respuesta a las necesidades de informaci\u00f3n, orientaci\u00f3n, asesoramiento y promoci\u00f3n de acciones de car\u00e1cter social y\/o asistencial a la Comunidad Universitaria y otros colectivos relacionados\u201d<\/em>.<br \/>\nEl tratamiento es necesario para la ejecuci\u00f3n de un contrato en el que la persona interesada es parte, para el cumplimiento de una obligaci\u00f3n legal aplicable al\/a la responsable del tratamiento, el cumplimiento de una misi\u00f3n realizada en inter\u00e9s p\u00fablico, y, en su caso se legitima con el consentimiento expreso.<\/p>\n<p>Tiene derecho a acceder, rectificar y suprimir sus datos personales, as\u00ed como a otros derechos que puede consultar, junto a una informaci\u00f3n adicional m\u00e1s detallada, en el enlace: <em><a href=\"https:\/\/osi.us.es\/sites\/osi\/files\/doc\/cisacu_0.pdf\" target=\"_blank\" rel=\"noopener\">https:\/\/osi.us.es\/sites\/osi\/files\/doc\/cisacu_0.pdf<\/a><br \/>\n<\/em><\/p>\n<p><em>\u00a0<\/em><\/p>\n","protected":false},"excerpt":{"rendered":"<p>Informaci\u00f3n b\u00e1sica sobre Protecci\u00f3n de Datos Personales<\/p>\n","protected":false},"author":1,"featured_media":5555,"parent":7,"menu_order":12,"comment_status":"closed","ping_status":"closed","template":"","meta":{"footnotes":""},"class_list":["post-2310","page","type-page","status-publish","has-post-thumbnail","hentry"],"_links":{"self":[{"href":"https:\/\/igualdad.us.es\/wpblog\/wp-json\/wp\/v2\/pages\/2310","targetHints":{"allow":["GET"]}}],"collection":[{"href":"https:\/\/igualdad.us.es\/wpblog\/wp-json\/wp\/v2\/pages"}],"about":[{"href":"https:\/\/igualdad.us.es\/wpblog\/wp-json\/wp\/v2\/types\/page"}],"author":[{"embeddable":true,"href":"https:\/\/igualdad.us.es\/wpblog\/wp-json\/wp\/v2\/users\/1"}],"replies":[{"embeddable":true,"href":"https:\/\/igualdad.us.es\/wpblog\/wp-json\/wp\/v2\/comments?post=2310"}],"version-history":[{"count":11,"href":"https:\/\/igualdad.us.es\/wpblog\/wp-json\/wp\/v2\/pages\/2310\/revisions"}],"predecessor-version":[{"id":7261,"href":"https:\/\/igualdad.us.es\/wpblog\/wp-json\/wp\/v2\/pages\/2310\/revisions\/7261"}],"up":[{"embeddable":true,"href":"https:\/\/igualdad.us.es\/wpblog\/wp-json\/wp\/v2\/pages\/7"}],"wp:featuredmedia":[{"embeddable":true,"href":"https:\/\/igualdad.us.es\/wpblog\/wp-json\/wp\/v2\/media\/5555"}],"wp:attachment":[{"href":"https:\/\/igualdad.us.es\/wpblog\/wp-json\/wp\/v2\/media?parent=2310"}],"curies":[{"name":"wp","href":"https:\/\/api.w.org\/{rel}","templated":true}]}}