{"id":1926,"date":"2018-12-17T15:21:19","date_gmt":"2018-12-17T15:21:19","guid":{"rendered":"http:\/\/igualdad.us.es\/?page_id=1926"},"modified":"2021-12-01T08:36:44","modified_gmt":"2021-12-01T07:36:44","slug":"x-aniversario-de-la-unidad-para-la-igualdad","status":"publish","type":"page","link":"https:\/\/igualdad.us.es\/wpblog\/concocenos\/x-aniversario-de-la-unidad-para-la-igualdad\/","title":{"rendered":"10 a\u00f1os trabajando por la igualdad"},"content":{"rendered":"<p><strong><span style=\"color: #993366;\">X Aniversario de la Unidad para la Igualdad<\/span><\/strong><br \/>\n<span style=\"color: #999999;\">(Actividad-2018)<\/span><\/p>\n<p style=\"text-align: justify;\"><strong>El 17 de diciembre de 2018, hemos celebrado un acto para conmemorar el <span style=\"color: #62388e;\">d\u00e9cimo aniversario de la creaci\u00f3n<\/span> de la <span style=\"color: #62388e;\">Unidad para la Igualdad<\/span>. En este decenio se han impulsado numerosas e importantes iniciativas por una universidad igualitaria.<\/strong><\/p>\n<p style=\"text-align: justify;\"><span style=\"font-family: 'Arial',sans-serif;\">El rector de la US, Miguel \u00c1ngel Castro, ha presidido el acto con el que la universidad celebra sus <span style=\"color: #62388e;\"><strong>10 a\u00f1os trabajando por la igualdad<\/strong><\/span> a trav\u00e9s de la Unidad para la Igualdad dependiente del Vicerrectorado de Servicios Sociales y Comunitarios. \u00a0<\/span><\/p>\n<p><span style=\"font-family: 'Arial',sans-serif;\">En estos primeros 10 a\u00f1os muchas son las <span style=\"color: #62388e;\"><strong>acciones impulsadas por la Unidad de la Igualdad<\/strong><\/span>. Entre ellas se han destacado las 10 medidas m\u00e1s relevantes:<\/span><\/p>\n<ol>\n<li style=\"text-align: justify;\"><span style=\"font-family: 'Arial',sans-serif;\"><a href=\"https:\/\/igualdad.us.es\/?page_id=844\">Protocolo para la Prevenci\u00f3n, Evaluaci\u00f3n e Intervenci\u00f3n ante el Acoso en la Universidad de Sevilla<\/a> (compromiso de tolerancia cero ante actitudes que atenten contra la dignidad de las personas).<\/span><\/li>\n<li><span style=\"font-family: 'Arial',sans-serif;\">Programa de Conciliaci\u00f3n y Corresponsabilidad dirigido a toda la comunidad universitaria.<\/span><\/li>\n<li><span style=\"font-family: 'Arial',sans-serif;\"><a href=\"https:\/\/igualdad.us.es\/?page_id=1772\">Red Ciudadana para la Detecci\u00f3n y Apoyo a las v\u00edctimas de Violencia de G\u00e9nero de la Universidad de Sevilla<\/a>.<\/span><\/li>\n<li><span style=\"font-family: 'Arial',sans-serif;\">Red de referentes para la convivencia y el buen trato en la US.<\/span><\/li>\n<li><span style=\"font-family: 'Arial',sans-serif;\"><a href=\"https:\/\/igualdad.us.es\/?page_id=603\">Ayudas y subvenciones a iniciativas en materia de igualdad<\/a>.<\/span><\/li>\n<li><span style=\"font-family: 'Arial',sans-serif;\"><a href=\"https:\/\/igualdad.us.es\/?page_id=1861\">El programa en Radius I-Radiando Igualdad<\/a>.<\/span><\/li>\n<li><span style=\"font-family: 'Arial',sans-serif;\"><a href=\"https:\/\/igualdad.us.es\/?page_id=777\">Ciclo \u2018Mi\u00e9rcoles violetas de marzo\u2019<\/a>.<\/span><\/li>\n<li><span style=\"font-family: 'Arial',sans-serif;\"><a href=\"http:\/\/masteroficial.us.es\/genero\" target=\"_blank\" rel=\"noopener\">M\u00e1ster en Estudios de G\u00e9nero y Desarrollo Profesional<\/a>.<\/span><\/li>\n<li><span style=\"font-family: 'Arial',sans-serif;\"><a href=\"http:\/\/gestioneventos.us.es\/17055\/detail\/vii-congreso-universitario-internacional-investigacion-y-genero-2018.html\" target=\"_blank\" rel=\"noopener\">Congreso de Investigaci\u00f3n y G\u00e9nero<\/a>.<\/span><\/li>\n<li><span style=\"font-family: 'Arial',sans-serif;\"><a href=\"https:\/\/igualdad.us.es\/?page_id=764\" target=\"_blank\" rel=\"noopener\"> Premios a los mejores Trabajos de Fin de Grado, Trabajos Fin de Master y Tesis Doctoral en materia de Igualdad de G\u00e9nero<\/a>.<\/span><\/li>\n<\/ol>\n<p style=\"text-align: justify;\"><span style=\"font-family: 'Arial',sans-serif;\">Respecto a esta \u00faltima iniciativa, se han entregado durante el acto los<strong> premios de la segunda edici\u00f3n. <\/strong>El premio al <strong>Mejor Trabajo Fin de Grado,<\/strong> con una dotaci\u00f3n de 400 euros, ha sido para la estudiante <strong>Roc\u00edo Mor\u00e1n L\u00f3pez<\/strong> por su trabajo\u00a0 <strong>\u201cDiagn\u00f3stico en violencia de g\u00e9nero 2.0: percepciones y discursos de la comunidad educativa de un centro de secundaria\u201d<\/strong>.\u00a0 El premio al <strong>Mejor Trabajo Fin de M\u00e1ster<\/strong>, con una dotaci\u00f3n de 600 euros, ha reca\u00eddo en la alumna <strong>Marta Santos Ruiz <\/strong>por su estudio\u00a0 \u201c<strong>Sexismo ambivalente en la adolescencia y su relaci\u00f3n con la autoestima\u201d<\/strong>. Por su parte, el premio a la <strong>Mejor Tesis Doctoral,<\/strong> con una dotaci\u00f3n de 1.000 euros, ha sido para la doctoranda <strong>Margarita M\u00aa Infante Perea<\/strong> con<strong> \u201cPreferencias laborales y barreras de carrera percibidas en la ingenier\u00eda de edificaci\u00f3n. An\u00e1lisis Desde la Perspectiva de G\u00e9nero\u201d.<\/strong><\/span><\/p>\n<p style=\"text-align: justify;\"><span style=\"font-family: 'Arial',sans-serif;\">Igualmente, se han otorgado dos <strong>acc\u00e9sit<\/strong> (sin dotaci\u00f3n econ\u00f3mica) al <strong>Trabajo Fin de M\u00e1ster \u201cLas mujeres en la prensa deportiva espa\u00f1ola durante los juegos ol\u00edmpicos de R\u00edo 2016\u201d, de Guadalupe del Carmen Rangel Amo; y a la Tesis Doctoral \u201cPerfil de los hombres cuidadores familiares en Sevilla y C\u00e1diz: caracter\u00edsticas de sus cuidados\u201d, de la doctoranda Dolores Torres Enamorado.<\/strong><\/span><\/p>\n<p style=\"text-align: justify;\"><span style=\"font-family: 'Arial',sans-serif;\">El acto ha estado amenizado con una actuaci\u00f3n de \u2018Cante por la Iguadad\u2019 a cargo de Laura Vital (al cante) y Eduardo Rebollar (a la guitarra). Entre los asistentes se encontraban Ana L\u00f3pez Jim\u00e9nez, vicerrectora de Servicios Sociales y Comunitarios;\u00a0 Alfonso Javier Garc\u00eda Gonz\u00e1lez, decano de la Facultad de Ciencias de la Educaci\u00f3n;\u00a0 Rosa Casado Mej\u00eda, directora de la Unidad para la Igualdad;\u00a0 y Agust\u00edn Luque\u00a0 Fern\u00e1ndez, director del Secretariado de Servicios Sociales y Comunitarios. \u00a0<\/span><\/p>\n<p><span style=\"font-size: 8pt;\">(Fuente: <a href=\"http:\/\/comunicacion.us.es\/\" target=\"_blank\" rel=\"noopener\">Direcci\u00f3n de Comunicaci\u00f3n<\/a>)<\/span><\/p>\n<h4><a href=\"https:\/\/tv.us.es\/media\/10+A%C3%91OS+DE+LA+UNIDAD+DE+IGUALDAD.+RED+DE+REFERENTES+PARA+LA+CONVIVENCIA+Y+EL+BUENTRATO+EN+LA+UNIVERSIDAD+DE+SEVILLA\/1_il0yjurf?st=2\" target=\"_blank\" rel=\"noopener\"><span style=\"color: #993366;\">V\u00eddeo del 10 Aniversario ver aqu\u00ed <img loading=\"lazy\" decoding=\"async\" class=\"alignnone size-medium wp-image-5409\" src=\"https:\/\/igualdad.us.es\/wpblog\/wp-content\/uploads\/2021\/12\/X-Aniversario-Unidad-Igualdad-US_video-TvUS-banner-300x164.png\" alt=\"\" width=\"300\" height=\"164\" srcset=\"https:\/\/igualdad.us.es\/wpblog\/wp-content\/uploads\/2021\/12\/X-Aniversario-Unidad-Igualdad-US_video-TvUS-banner-300x164.png 300w, https:\/\/igualdad.us.es\/wpblog\/wp-content\/uploads\/2021\/12\/X-Aniversario-Unidad-Igualdad-US_video-TvUS-banner-1024x558.png 1024w, https:\/\/igualdad.us.es\/wpblog\/wp-content\/uploads\/2021\/12\/X-Aniversario-Unidad-Igualdad-US_video-TvUS-banner-768x419.png 768w, https:\/\/igualdad.us.es\/wpblog\/wp-content\/uploads\/2021\/12\/X-Aniversario-Unidad-Igualdad-US_video-TvUS-banner-1536x837.png 1536w, https:\/\/igualdad.us.es\/wpblog\/wp-content\/uploads\/2021\/12\/X-Aniversario-Unidad-Igualdad-US_video-TvUS-banner.png 1831w\" sizes=\"auto, (max-width: 300px) 100vw, 300px\" \/><\/span><\/a><\/h4>\n<p>&nbsp;<\/p>\n<figure id=\"attachment_1943\" aria-describedby=\"caption-attachment-1943\" style=\"width: 300px\" class=\"wp-caption alignleft\"><a href=\"https:\/\/igualdad.us.es\/wpblog\/wp-content\/uploads\/2018\/12\/X-Aniversario-Unidad-Igualdad-US_fotos_premiadas.jpg\" target=\"_blank\" rel=\"noopener\"><img loading=\"lazy\" decoding=\"async\" class=\"wp-image-1943 size-medium\" src=\"https:\/\/igualdad.us.es\/wpblog\/wp-content\/uploads\/2018\/12\/X-Aniversario-Unidad-Igualdad-US_fotos_premiadas-300x180.jpg\" alt=\"Premiadas 2017 y 2018 a los mejores TFG, TFM y TD en materia de Igualdad de G\u00e9nero\" width=\"300\" height=\"180\" srcset=\"https:\/\/igualdad.us.es\/wpblog\/wp-content\/uploads\/2018\/12\/X-Aniversario-Unidad-Igualdad-US_fotos_premiadas-300x180.jpg 300w, https:\/\/igualdad.us.es\/wpblog\/wp-content\/uploads\/2018\/12\/X-Aniversario-Unidad-Igualdad-US_fotos_premiadas-768x460.jpg 768w, https:\/\/igualdad.us.es\/wpblog\/wp-content\/uploads\/2018\/12\/X-Aniversario-Unidad-Igualdad-US_fotos_premiadas.jpg 880w\" sizes=\"auto, (max-width: 300px) 100vw, 300px\" \/><\/a><figcaption id=\"caption-attachment-1943\" class=\"wp-caption-text\"><span style=\"font-size: 10pt;\"><strong>Premiadas 2017 y 2018 a los mejores TFG, TFM y TD en materia de Igualdad de G\u00e9nero<\/strong><\/span><\/figcaption><\/figure>\n<p>&nbsp;<\/p>\n<p>&nbsp;<\/p>\n<p>&nbsp;<\/p>\n<p>&nbsp;<\/p>\n<p>&nbsp;<\/p>\n<p>&nbsp;<\/p>\n<p>&nbsp;<\/p>\n<p>&nbsp;<\/p>\n<p><span style=\"font-size: 10pt;\"><strong>V\u00eddeo resumen del acto<\/strong><\/span><\/p>\n<div style=\"width: 640px;\" class=\"wp-video\"><!--[if lt IE 9]><script>document.createElement('video');<\/script><![endif]-->\n<video class=\"wp-video-shortcode\" id=\"video-1926-1\" width=\"640\" height=\"360\" preload=\"metadata\" controls=\"controls\"><source type=\"video\/mp4\" src=\"https:\/\/igualdad.us.es\/wpblog\/wp-content\/uploads\/2018\/12\/X-Aniversario-Unidad-Igualdad-US_video-resumen_HD.mp4?_=1\" \/><a href=\"https:\/\/igualdad.us.es\/wpblog\/wp-content\/uploads\/2018\/12\/X-Aniversario-Unidad-Igualdad-US_video-resumen_HD.mp4\">https:\/\/igualdad.us.es\/wpblog\/wp-content\/uploads\/2018\/12\/X-Aniversario-Unidad-Igualdad-US_video-resumen_HD.mp4<\/a><\/video><\/div>\n<p>&nbsp;<\/p>\n","protected":false},"excerpt":{"rendered":"<p>\u00a1\u00a1Estamos de cumplea\u00f1os!!<\/p>\n","protected":false},"author":1,"featured_media":1940,"parent":7,"menu_order":11,"comment_status":"closed","ping_status":"closed","template":"","meta":{"footnotes":""},"class_list":["post-1926","page","type-page","status-publish","has-post-thumbnail","hentry"],"_links":{"self":[{"href":"https:\/\/igualdad.us.es\/wpblog\/wp-json\/wp\/v2\/pages\/1926","targetHints":{"allow":["GET"]}}],"collection":[{"href":"https:\/\/igualdad.us.es\/wpblog\/wp-json\/wp\/v2\/pages"}],"about":[{"href":"https:\/\/igualdad.us.es\/wpblog\/wp-json\/wp\/v2\/types\/page"}],"author":[{"embeddable":true,"href":"https:\/\/igualdad.us.es\/wpblog\/wp-json\/wp\/v2\/users\/1"}],"replies":[{"embeddable":true,"href":"https:\/\/igualdad.us.es\/wpblog\/wp-json\/wp\/v2\/comments?post=1926"}],"version-history":[{"count":16,"href":"https:\/\/igualdad.us.es\/wpblog\/wp-json\/wp\/v2\/pages\/1926\/revisions"}],"predecessor-version":[{"id":5411,"href":"https:\/\/igualdad.us.es\/wpblog\/wp-json\/wp\/v2\/pages\/1926\/revisions\/5411"}],"up":[{"embeddable":true,"href":"https:\/\/igualdad.us.es\/wpblog\/wp-json\/wp\/v2\/pages\/7"}],"wp:featuredmedia":[{"embeddable":true,"href":"https:\/\/igualdad.us.es\/wpblog\/wp-json\/wp\/v2\/media\/1940"}],"wp:attachment":[{"href":"https:\/\/igualdad.us.es\/wpblog\/wp-json\/wp\/v2\/media?parent=1926"}],"curies":[{"name":"wp","href":"https:\/\/api.w.org\/{rel}","templated":true}]}}