{"id":1772,"date":"2018-10-26T11:25:17","date_gmt":"2018-10-26T11:25:17","guid":{"rendered":"http:\/\/igualdad.us.es\/?page_id=1772"},"modified":"2026-04-28T07:09:52","modified_gmt":"2026-04-28T06:09:52","slug":"red-voluntariado-vg","status":"publish","type":"page","link":"https:\/\/igualdad.us.es\/wpblog\/actuaciones\/red-voluntariado-vg\/","title":{"rendered":"Red Voluntariado Violencia de G\u00e9nero"},"content":{"rendered":"<h3 style=\"text-align: center;\"><span style=\"color: #993366;\"><strong>Red Ciudadana de Voluntariado para la detecci\u00f3n y apoyo a las v\u00edctimas de Violencia de G\u00e9nero en la Universidad de Sevilla<\/strong><\/span><\/h3>\n<p>&nbsp;<\/p>\n<h4><span style=\"color: #002858;\">Justificaci\u00f3n<\/span><\/h4>\n<p style=\"padding-left: 30px;\">La violencia de g\u00e9nero es un problema social a\u00fan pendiente de erradicar. Desgraciadamente sigue siendo frecuente la manifestaci\u00f3n de nuevos casos de mujeres que sufren este tipo de violencia en cualquier \u00e1mbito social. Los datos de que disponemos nos alertan ante el hecho de que la violencia de g\u00e9nero es un problema que se produce en el mundo entero, que ocurre en un rango amplio de edades, en todos los niveles educativos, y en todas las clases sociales, y que se relaciona de manera directa con las desigualdades existentes en cuanto a la distribuci\u00f3n del poder que existe entre mujeres y hombres.<\/p>\n<p style=\"padding-left: 30px;\">En la Universidad, como parte de la sociedad, tambi\u00e9n se da la violencia de g\u00e9nero. Datos recientes referidos al alumnado de nuestra Universidad as\u00ed lo constatan: nuestro alumnado sufre este tipo de violencia en sus relaciones de pareja y tiene dificultad para reconocerla cuando \u00e9sta se produce.<\/p>\n<p style=\"padding-left: 30px;\">Acabar con este problema social nos incumbe a todas las personas de manera que, junto a los esfuerzos pol\u00edticos y administrativos, la participaci\u00f3n social y ciudadana es fundamental. Es por ello que en el curso 2012\/2013 desde nuestra Universidad y en colaboraci\u00f3n con el Instituto Andaluz de la Mujer, se puso en marcha la \u201c<strong>Red Ciudadana de Voluntariado para la Detecci\u00f3n y Apoyo a las V\u00edctimas de Violencia de G\u00e9nero en la Universidad de Sevilla<\/strong>\u201d.<\/p>\n<p style=\"padding-left: 30px;\">La necesidad de dicha red, junto a la enorme acogida que tuvo en su d\u00eda por parte de la comunidad universitaria y los resultados obtenidos, hicieron que su mantenimiento fuese incluido como una de las medidas del III Plan de Igualdad de la Universidad de Sevilla, y el motivo por el que se oferte esta nueva edici\u00f3n.<\/p>\n<p style=\"padding-left: 30px;\">Esta red de voluntarios y voluntarias no solo supone un recurso inestimable por ser un referente de sensibilizaci\u00f3n para el resto de la poblaci\u00f3n universitaria, sino que podr\u00eda contribuir a visibilizar posibles situaciones de violencia basada en el g\u00e9nero, facilitando apoyo tanto en el acompa\u00f1amiento como en el asesoramiento y divulgaci\u00f3n de los recursos.<\/p>\n<h4><span style=\"color: #002858;\">Objetivos<\/span><\/h4>\n<ul style=\"list-style-type: circle;\">\n<li style=\"text-align: justify;\">Sensibilizar a la Comunidad Universitaria acerca de la violencia basada en el g\u00e9nero contribuyendo al conocimiento de los recursos disponibles, actualizando el grupo de voluntariado y dando continuidad a la formaci\u00f3n ya realizada anteriormente.<\/li>\n<li style=\"text-align: justify;\">Dotar de estrategias de empoderamiento a la poblaci\u00f3n universitaria en general y a las v\u00edctimas de violencia de g\u00e9nero en particular, contribuyendo a crear una comunidad universitaria activa, reflexiva y responsable ante este problema social.<\/li>\n<li style=\"text-align: justify;\">Formar a futuras y futuros profesionales en la detecci\u00f3n y prevenci\u00f3n de relaciones t\u00f3xicas y\/o abusivas evitando as\u00ed actuaciones profesionales no deseadas como es la victimizaci\u00f3n secundaria.<\/li>\n<li style=\"text-align: justify;\">Posibilitar la detecci\u00f3n de posibles casos de victimizaci\u00f3n y derivar convenientemente a las afectadas a los recursos existentes.<\/li>\n<\/ul>\n<h4><span style=\"color: #002858;\">cONTENIDOS<\/span><\/h4>\n<ul style=\"list-style-type: circle;\">\n<li>Aspectos Conceptuales de las violencias machistas hacia las mujeres y las y los menores.<\/li>\n<li>Violencia de G\u00e9nero en las relaciones de pareja, en concreto en j\u00f3venes. Proceso de instauraci\u00f3n y mantenimiento. Consecuencias derivadas.<\/li>\n<li>Acoso sexual y por raz\u00f3n de sexo.<\/li>\n<li>C\u00f3mo actuar ante casos de violencia.<\/li>\n<li>Taller\/conferencia Violencia Psicol\u00f3gica: una realidad invisible.<\/li>\n<\/ul>\n<h4><span style=\"color: #002858;\">Actuaciones<\/span><\/h4>\n<ul style=\"list-style-type: circle;\">\n<li>Formaci\u00f3n espec\u00edfica en materia de violencia de g\u00e9nero de las personas interesadas en participar en esta red universitaria de voluntariado en Violencia de G\u00e9nero.<\/li>\n<li>Actividades para la sensibilizaci\u00f3n y detecci\u00f3n en los distintos campus universitarios.<\/li>\n<\/ul>\n<h4><span style=\"color: #002858;\">metodolog\u00eda<\/span><\/h4>\n<ul style=\"list-style-type: circle;\">\n<li>Se utilizar\u00e1 una metodolog\u00eda participativa,\u00a0 combinando las exposiciones de ponentes que hablar\u00e1n de la tem\u00e1tica seleccionada tomando como referencia la experiencia concreta de la realidad y de la especializaci\u00f3n de la materia.<\/li>\n<\/ul>\n<h4><span style=\"color: #002858;\">Personas destinatarias<\/span><\/h4>\n<ul style=\"list-style-type: circle;\">\n<li>Alumnas y alumnos matriculados en el curso actual, en una titulaci\u00f3n oficial impartida en centros propios de la Universidad de Sevilla.<\/li>\n<li>Personal Docente e Investigador (PDI) y Personal T\u00e9cnico, de Gesti\u00f3n y de Administraci\u00f3n y Servicios (PTGAS) de la Universidad de Sevilla<\/li>\n<\/ul>\n<h3 style=\"text-align: center;\"><strong><span style=\"color: #993366;\">edici\u00f3n \u2013 2026<\/span><\/strong><\/h3>\n<h4><span style=\"color: #002858;\">N\u00famero de plazas<\/span><\/h4>\n<ul style=\"list-style-type: circle;\">\n<li>Alumnado: 50 plazas<\/li>\n<li>PDI \/ PTGAS: 50 plazas (25 PDI y 25 PTGAS)<\/li>\n<\/ul>\n<h4><span style=\"color: #002858;\">Contenidos<\/span><\/h4>\n<p style=\"padding-left: 30px;\">Los contenidos y las personas que lo imparten son las siguientes<\/p>\n<table style=\"border-collapse: collapse; width: 61.5235%; height: 205px;\" border=\"1\">\n<tbody>\n<tr style=\"height: 24px;\">\n<td style=\"width: 30.2933%; text-align: center; height: 24px;\"><span style=\"color: #993366;\"><strong>Contenido<\/strong><\/span><\/td>\n<td style=\"width: 21.2021%; text-align: center; height: 24px;\"><span style=\"color: #993366;\"><strong>Formadora<\/strong><\/span><\/td>\n<\/tr>\n<tr style=\"height: 48px;\">\n<td style=\"width: 30.2933%; height: 49px; text-align: left;\">\u00a0Aspectos conceptuales de las violencias machistas hacia las mujeres y las y los menores<\/td>\n<td style=\"width: 21.2021%; height: 49px; text-align: left;\" width=\"298\">\u00a0Beatriz N\u00fa\u00f1ez Jald\u00f3n<\/td>\n<\/tr>\n<tr style=\"height: 48px;\">\n<td style=\"width: 30.2933%; height: 48px; text-align: left;\">\u00a0Violencia de G\u00e9nero en las relaciones de pareja, en concreto en j\u00f3venes. Proceso de instauraci\u00f3n y mantenimiento<\/td>\n<td style=\"width: 21.2021%; height: 48px; text-align: left;\" width=\"298\">\u00a0Carmen Ruiz Repullo<\/td>\n<\/tr>\n<tr style=\"height: 48px;\">\n<td style=\"width: 30.2933%; height: 36px; text-align: left;\">\u00a0Acoso sexual y por raz\u00f3n de sexo Taller C\u00f3mo actuar ante casos de violencia<\/td>\n<td style=\"width: 21.2021%; height: 36px; text-align: left;\" width=\"298\">\u00a0\u00c1ngela L\u00f3pez Ramos<\/td>\n<\/tr>\n<tr style=\"height: 24px;\">\n<td style=\"width: 30.2933%; height: 10px; text-align: left;\">\u00a0Taller C\u00f3mo actuar ante casos de violencia<\/td>\n<td style=\"width: 21.2021%; height: 10px; text-align: left;\">\u00a0Candelaria L\u00f3pez \u00c1lamo<\/td>\n<\/tr>\n<tr style=\"height: 24px;\">\n<td style=\"width: 30.2933%; text-align: left; height: 38px;\">\u00a0Taller\/conferencia Violencia Psicol\u00f3gica: una realidad invisible<\/td>\n<td style=\"width: 21.2021%; height: 38px; text-align: left;\" width=\"298\">\u00a0Teresa Alba P\u00e9rez (P\u00e1ginas Violeta)<\/td>\n<\/tr>\n<\/tbody>\n<\/table>\n<p>&nbsp;<\/p>\n<h4><span style=\"color: #002858;\">Calendario<br \/>\n<\/span><\/h4>\n<p style=\"padding-left: 30px;\"><span style=\"text-decoration: underline;\"><span style=\"font-size: 10pt;\"><strong>FASE TE\u00d3RICA<\/strong><\/span>.<\/span> Tendr\u00e1 una duraci\u00f3n de 20 horas lectivas, en 5 sesiones de 4 horas de duraci\u00f3n, seg\u00fan la programaci\u00f3n siguiente.<\/p>\n<p style=\"padding-left: 40px;\"><a href=\"https:\/\/igualdad.us.es\/wpblog\/wp-content\/uploads\/2026\/04\/RedVoluntariadoVG-2026_calendario_v20260401.png\" target=\"_blank\" rel=\"noopener\"><img loading=\"lazy\" decoding=\"async\" class=\"aligncenter wp-image-9521 size-large\" src=\"https:\/\/igualdad.us.es\/wpblog\/wp-content\/uploads\/2026\/04\/RedVoluntariadoVG-2026_calendario_v20260401-1024x585.png\" alt=\"\" width=\"640\" height=\"366\" srcset=\"https:\/\/igualdad.us.es\/wpblog\/wp-content\/uploads\/2026\/04\/RedVoluntariadoVG-2026_calendario_v20260401-1024x585.png 1024w, https:\/\/igualdad.us.es\/wpblog\/wp-content\/uploads\/2026\/04\/RedVoluntariadoVG-2026_calendario_v20260401-300x171.png 300w, https:\/\/igualdad.us.es\/wpblog\/wp-content\/uploads\/2026\/04\/RedVoluntariadoVG-2026_calendario_v20260401-768x439.png 768w, https:\/\/igualdad.us.es\/wpblog\/wp-content\/uploads\/2026\/04\/RedVoluntariadoVG-2026_calendario_v20260401.png 1111w\" sizes=\"auto, (max-width: 640px) 100vw, 640px\" \/><\/a><\/p>\n<p style=\"padding-left: 30px;\"><strong><u>FASE PR\u00c1CTICA<\/u><\/strong> (solo para alumnado). Ser\u00e1 de 5 horas de duraci\u00f3n y consiste, fundamentalmente, en la realizaci\u00f3n de tareas de difusi\u00f3n de este voluntariado y de sus funciones, as\u00ed como de informaci\u00f3n y sensibilizaci\u00f3n para la prevenci\u00f3n de la violencia de g\u00e9nero y de los recursos disponibles para hacerle frente. Se realizan diferentes actividades para dar varias opciones. La fecha de realizaci\u00f3n ser\u00e1 en mayo de 2026, de 9:30 a 14:30 horas<\/p>\n<h4><span style=\"color: #002858;\">Reconocimiento<br \/>\n<\/span><\/h4>\n<p style=\"padding-left: 30px;\"><strong>Alumnado:<\/strong> Solicitado reconocimiento acad\u00e9mico de hasta 0.8 cr\u00e9dito ECTS.<br \/>\n<strong>PDI:<\/strong> Por la Unidad para la Igualdad.<br \/>\n<strong>PTGAS:<\/strong> Por el FORPAS.<\/p>\n<h4><span style=\"color: #002858;\">Inscripci\u00f3n y Proceso de selecci\u00f3n<\/span><\/h4>\n<p style=\"padding-left: 30px;\"><span style=\"color: #993366;\"><strong><u>Alumnado<\/u><\/strong><\/span><\/p>\n<p style=\"padding-left: 60px;\"><strong><u>Fecha de inscripci\u00f3n<\/u><\/strong>: hasta el 6 de abril de 2026.<\/p>\n<p style=\"padding-left: 60px;\"><strong><u>Inscripci\u00f3n online en el siguiente enlace<\/u><\/strong>: <a href=\"https:\/\/forms.office.com\/e\/0Y2Bhc7dX8\" target=\"_blank\" rel=\"noopener\">https:\/\/forms.office.com\/e\/0Y2Bhc7dX8<\/a><\/p>\n<p style=\"padding-left: 60px;\"><strong><u>Proceso de selecci\u00f3n<\/u><\/strong>: se realizar\u00e1 por orden de inscripci\u00f3n.<br \/>\nUna vez finalizado el proceso de selecci\u00f3n, a las personas inicialmente admitidas se les enviar\u00e1 un correo de confirmaci\u00f3n.<\/p>\n<p style=\"padding-left: 30px;\"><span style=\"color: #993366;\"><strong><u>PDI \/ PTGAS<\/u><\/strong><\/span><\/p>\n<p style=\"padding-left: 60px;\"><strong><u>Fecha de inscripci\u00f3n<\/u><\/strong>: hasta el 5 de abril de 2026.<\/p>\n<p style=\"padding-left: 60px;\"><strong><u>Inscripci\u00f3n online en el siguiente enlace<\/u><\/strong>:<\/p>\n<p style=\"padding-left: 100px;\"><strong>PDI<\/strong> en <a href=\"https:\/\/forms.office.com\/e\/0Y2Bhc7dX8\" target=\"_blank\" rel=\"noopener\">https:\/\/forms.office.com\/e\/0Y2Bhc7dX8<\/a><\/p>\n<p style=\"padding-left: 100px;\"><strong>PTGAS<\/strong> en FORPAS <a href=\"https:\/\/recursoshumanos.us.es\/index.php?page=forpas\" target=\"_blank\" rel=\"noopener\">https:\/\/recursoshumanos.us.es\/index.php?page=forpas<\/a><\/p>\n<h4><span style=\"color: #002858;\">Organiza<\/span><\/h4>\n<p style=\"padding-left: 30px;\">Unidad para la Igualdad de la Universidad de Sevilla<\/p>\n<h4><span style=\"color: #002858;\">FINANCIA<\/span><\/h4>\n<p style=\"padding-left: 40px;\">Instituto Andaluza de la Mujer (IAM) de la Junta de Andaluc\u00eda<\/p>\n<h4><span style=\"color: #002858;\">Consultas<\/span><\/h4>\n<p style=\"padding-left: 30px;\">Puedes dirigir tus consultas al correo\u00a0 <a href=\"mailto:igualdad3@us.es\"><span style=\"color: #993366;\">igualdad3@us.es<\/span><\/a><\/p>\n<p>&nbsp;<\/p>\n","protected":false},"excerpt":{"rendered":"<p>Facilitar apoyo tanto en el acompa\u00f1amiento como en el asesoramiento y divulgaci\u00f3n de los recursos.<\/p>\n","protected":false},"author":1,"featured_media":1799,"parent":672,"menu_order":4,"comment_status":"closed","ping_status":"closed","template":"","meta":{"footnotes":""},"class_list":["post-1772","page","type-page","status-publish","has-post-thumbnail","hentry"],"_links":{"self":[{"href":"https:\/\/igualdad.us.es\/wpblog\/wp-json\/wp\/v2\/pages\/1772","targetHints":{"allow":["GET"]}}],"collection":[{"href":"https:\/\/igualdad.us.es\/wpblog\/wp-json\/wp\/v2\/pages"}],"about":[{"href":"https:\/\/igualdad.us.es\/wpblog\/wp-json\/wp\/v2\/types\/page"}],"author":[{"embeddable":true,"href":"https:\/\/igualdad.us.es\/wpblog\/wp-json\/wp\/v2\/users\/1"}],"replies":[{"embeddable":true,"href":"https:\/\/igualdad.us.es\/wpblog\/wp-json\/wp\/v2\/comments?post=1772"}],"version-history":[{"count":141,"href":"https:\/\/igualdad.us.es\/wpblog\/wp-json\/wp\/v2\/pages\/1772\/revisions"}],"predecessor-version":[{"id":9523,"href":"https:\/\/igualdad.us.es\/wpblog\/wp-json\/wp\/v2\/pages\/1772\/revisions\/9523"}],"up":[{"embeddable":true,"href":"https:\/\/igualdad.us.es\/wpblog\/wp-json\/wp\/v2\/pages\/672"}],"wp:featuredmedia":[{"embeddable":true,"href":"https:\/\/igualdad.us.es\/wpblog\/wp-json\/wp\/v2\/media\/1799"}],"wp:attachment":[{"href":"https:\/\/igualdad.us.es\/wpblog\/wp-json\/wp\/v2\/media?parent=1772"}],"curies":[{"name":"wp","href":"https:\/\/api.w.org\/{rel}","templated":true}]}}