{"id":1666,"date":"2018-10-03T11:41:38","date_gmt":"2018-10-03T11:41:38","guid":{"rendered":"http:\/\/igualdad.us.es\/?page_id=1666"},"modified":"2018-10-03T11:58:17","modified_gmt":"2018-10-03T11:58:17","slug":"congreso-investigacion-y-genero","status":"publish","type":"page","link":"https:\/\/igualdad.us.es\/wpblog\/recursos\/estudios-e-investigaciones\/congreso-investigacion-y-genero\/","title":{"rendered":"Congreso Investigaci\u00f3n y G\u00e9nero"},"content":{"rendered":"<h3><span style=\"font-size: 14pt;\"><strong><span style=\"color: #993366;\">\u2234 Congreso Universitario Internacional Investigaci\u00f3n y G\u00e9nero<\/span><\/strong><\/span><\/h3>\n<p>Lugar de encuentro y de aprendizaje para personas que, investigando en Universidades y otros centros cient\u00edficos en las diferentes \u00e1reas de conocimiento desde la perspectiva de g\u00e9nero, desean exponer, contrastar y transferir los resultados de esas investigaciones en torno a tem\u00e1ticas relacionadas con los Estudios de las Mujeres.<\/p>\n<p style=\"padding-left: 30px;\"><span style=\"color: #993366;\">\u21d2<\/span> <strong>2018. VII CONGRESO UNIVERSITARIO INTERNACIONAL INVESTIGACI\u00d3N Y G\u00c9NERO<\/strong><\/p>\n<ul style=\"list-style-type: circle;\">\n<li>Web del congreso: <a style=\"color: #993366;\" href=\"http:\/\/gestioneventos.us.es\/go\/viicongresoig2018\" target=\"_blank\" rel=\"noopener\">Aqu\u00ed<\/a><\/li>\n<\/ul>\n<p style=\"padding-left: 30px;\"><span style=\"color: #993366;\">\u21d2<\/span> <strong>2016. VI CONGRESO UNIVERSITARIO INTERNACIONAL INVESTIGACI\u00d3N Y G\u00c9NERO<\/strong><\/p>\n<ul style=\"list-style-type: circle;\">\n<li>Resultado del congreso: <a style=\"color: #993366;\" href=\"https:\/\/idus.us.es\/xmlui\/handle\/11441\/50806\" target=\"_blank\" rel=\"noopener\">Aqu\u00ed<\/a><\/li>\n<\/ul>\n<p style=\"padding-left: 30px;\"><span style=\"color: #993366;\">\u21d2<\/span> <strong>2014. V CONGRESO UNIVERSITARIO INTERNACIONAL INVESTIGACI\u00d3N Y G\u00c9NERO<\/strong><\/p>\n<ul style=\"list-style-type: circle;\">\n<li>Resultado del congreso: <a style=\"color: #993366;\" href=\"https:\/\/idus.us.es\/xmlui\/handle\/11441\/40352\" target=\"_blank\" rel=\"noopener\">Aqu\u00ed<\/a><\/li>\n<\/ul>\n<p style=\"padding-left: 30px;\"><span style=\"color: #993366;\">\u21d2<\/span> <strong>2012. IV CONGRESO UNIVERSITARIO NACIONAL INVESTIGACI\u00d3N Y G\u00c9NERO<\/strong><\/p>\n<ul style=\"list-style-type: circle;\">\n<li>Resultado del congreso: <a style=\"color: #993366;\" href=\"https:\/\/idus.us.es\/xmlui\/handle\/11441\/40283\" target=\"_blank\" rel=\"noopener\">Aqu\u00ed<\/a><\/li>\n<\/ul>\n<p style=\"padding-left: 30px;\"><span style=\"color: #993366;\">\u21d2<\/span> <strong>2011. III CONGRESO UNIVERSITARIO NACIONAL INVESTIGACI\u00d3N Y G\u00c9NERO<\/strong><\/p>\n<ul style=\"list-style-type: circle;\">\n<li>Resultado del congreso: <a style=\"color: #993366;\" href=\"https:\/\/idus.us.es\/xmlui\/handle\/11441\/40275\" target=\"_blank\" rel=\"noopener\">Aqu\u00ed<\/a><\/li>\n<\/ul>\n<p style=\"padding-left: 30px;\"><span style=\"color: #993366;\">\u21d2<\/span> <strong>2010. II CONGRESO UNIVERSITARIO NACIONAL INVESTIGACI\u00d3N Y G\u00c9NERO<\/strong><\/p>\n<ul style=\"list-style-type: circle;\">\n<li>Resultado del congreso: <a style=\"color: #993366;\" href=\"https:\/\/idus.us.es\/xmlui\/handle\/11441\/40068\" target=\"_blank\" rel=\"noopener\">Aqu\u00ed<\/a><\/li>\n<\/ul>\n<p style=\"padding-left: 30px;\"><span style=\"color: #993366;\">\u21d2<\/span> <strong>2009. I CONGRESO UNIVERSITARIO ANDALUZ INVESTIGACI\u00d3N Y G\u00c9NERO<\/strong><\/p>\n<ul style=\"list-style-type: circle;\">\n<li>Resultado del congreso: <a style=\"color: #993366;\" href=\"https:\/\/idus.us.es\/xmlui\/handle\/11441\/39154\" target=\"_blank\" rel=\"noopener\">Aqu\u00ed<\/a><\/li>\n<\/ul>\n","protected":false},"excerpt":{"rendered":"<p>Punto de encuentro y aprendizaje de personas dedicadas a la investigaci\u00f3n en materia de g\u00e9nero en las Universidades nacionales mediante la puesta en com\u00fan y la transferencia de resultados entre el personal investigador especializado en temas de g\u00e9nero<\/p>\n","protected":false},"author":1,"featured_media":1668,"parent":1667,"menu_order":0,"comment_status":"closed","ping_status":"closed","template":"","meta":{"footnotes":""},"class_list":["post-1666","page","type-page","status-publish","has-post-thumbnail","hentry"],"_links":{"self":[{"href":"https:\/\/igualdad.us.es\/wpblog\/wp-json\/wp\/v2\/pages\/1666","targetHints":{"allow":["GET"]}}],"collection":[{"href":"https:\/\/igualdad.us.es\/wpblog\/wp-json\/wp\/v2\/pages"}],"about":[{"href":"https:\/\/igualdad.us.es\/wpblog\/wp-json\/wp\/v2\/types\/page"}],"author":[{"embeddable":true,"href":"https:\/\/igualdad.us.es\/wpblog\/wp-json\/wp\/v2\/users\/1"}],"replies":[{"embeddable":true,"href":"https:\/\/igualdad.us.es\/wpblog\/wp-json\/wp\/v2\/comments?post=1666"}],"version-history":[{"count":6,"href":"https:\/\/igualdad.us.es\/wpblog\/wp-json\/wp\/v2\/pages\/1666\/revisions"}],"predecessor-version":[{"id":1678,"href":"https:\/\/igualdad.us.es\/wpblog\/wp-json\/wp\/v2\/pages\/1666\/revisions\/1678"}],"up":[{"embeddable":true,"href":"https:\/\/igualdad.us.es\/wpblog\/wp-json\/wp\/v2\/pages\/1667"}],"wp:featuredmedia":[{"embeddable":true,"href":"https:\/\/igualdad.us.es\/wpblog\/wp-json\/wp\/v2\/media\/1668"}],"wp:attachment":[{"href":"https:\/\/igualdad.us.es\/wpblog\/wp-json\/wp\/v2\/media?parent=1666"}],"curies":[{"name":"wp","href":"https:\/\/api.w.org\/{rel}","templated":true}]}}