{"id":1620,"date":"2018-09-27T13:49:48","date_gmt":"2018-09-27T13:49:48","guid":{"rendered":"http:\/\/igualdad.us.es\/wpblog\/?page_id=1620"},"modified":"2026-05-05T17:42:17","modified_gmt":"2026-05-05T16:42:17","slug":"formacion","status":"publish","type":"page","link":"https:\/\/igualdad.us.es\/wpblog\/actuaciones\/formacion\/","title":{"rendered":"Formaci\u00f3n"},"content":{"rendered":"<p style=\"text-align: justify;\">Relaci\u00f3n de las actividades formativas gestionadas, directamente, por la Unidad para la Igualdad de la Universidad de Sevilla. Puede consultar otras actividades en la secci\u00f3n <strong><a href=\"https:\/\/igualdad.us.es\/?page_id=290\"><span style=\"color: #993366;\">Noticias<\/span><\/a><\/strong><\/p>\n<h2><span style=\"color: #002858;\">2026<\/span><\/h2>\n<p>&nbsp;<\/p>\n<table style=\"height: 204px; width: 100%;\">\n<tbody>\n<tr style=\"background-color: #b49ad1; border-style: groove; border-color: #b49ad1;\">\n<td style=\"height: 20px; width: 39.6449%;\" rowspan=\"2\">\n<p style=\"text-align: center;\"><strong>Nombre<\/strong><\/p>\n<\/td>\n<td style=\"height: 20px; width: 19.645%;\" rowspan=\"2\">\n<p style=\"text-align: center;\"><strong>Inicio<\/strong><\/p>\n<\/td>\n<td style=\"height: 10px; width: 21.4864%;\" colspan=\"3\">\n<p style=\"text-align: center;\"><strong>Dirigido a<\/strong><\/p>\n<\/td>\n<td style=\"height: 20px; width: 18.8686%;\" rowspan=\"2\">\n<p style=\"text-align: center;\"><strong>+ Info<\/strong><\/p>\n<\/td>\n<\/tr>\n<tr style=\"background-color: #b49ad1; border-style: groove; border-color: #b49ad1;\">\n<td style=\"height: 10px; width: 6.50888%; text-align: center;\">PDI<\/td>\n<td style=\"height: 10px; width: 7.21894%; text-align: center;\">PAS<\/td>\n<td style=\"height: 10px; width: 7.75858%; text-align: center;\">Estudiantes<\/td>\n<\/tr>\n<tr style=\"border-style: groove; border-color: #b49ad1;\">\n<td style=\"height: 48px; width: 39.6449%;\"><span style=\"color: #993366;\"><strong>Talleres Masculinidades, Cuidadoras y Corresponsables (varios)<\/strong><\/span><\/td>\n<td style=\"height: 48px; width: 19.645%; text-align: center;\">varios<\/td>\n<td style=\"height: 48px; width: 6.50888%; text-align: center;\">x<\/td>\n<td style=\"height: 48px; width: 7.21894%; text-align: center;\">x<\/td>\n<td style=\"height: 48px; width: 7.75858%; text-align: center;\">x<\/td>\n<td style=\"height: 48px; width: 18.8686%; text-align: center;\"><a href=\"https:\/\/igualdad.us.es\/wpblog\/talleres-masculinidades-cuidadoras-y-corresponsables\/\"><span style=\"color: #993366;\">Aqu\u00ed<\/span><\/a><\/td>\n<\/tr>\n<tr style=\"border-style: groove; border-color: #b49ad1;\">\n<td style=\"height: 48px; width: 39.6449%;\"><span style=\"color: #993366;\"><strong>Curso semipresenical \u00bfPor qu\u00e9 y c\u00f3mo integrar la perspectiva de g\u00e9nero en la DOCENCIA? 4\u00aa edici\u00f3n<\/strong><\/span><\/td>\n<td style=\"height: 48px; width: 19.645%; text-align: center;\">8 y 9 de octubre de 2026<\/td>\n<td style=\"height: 48px; width: 6.50888%; text-align: center;\">x<\/td>\n<td style=\"height: 48px; width: 7.21894%; text-align: center;\"><\/td>\n<td style=\"height: 48px; width: 7.75858%; text-align: center;\"><\/td>\n<td style=\"height: 48px; width: 18.8686%; text-align: center;\"><span style=\"color: #993366;\">pr\u00f3ximamente<\/span><\/td>\n<\/tr>\n<tr style=\"border-style: groove; border-color: #b49ad1;\">\n<td style=\"height: 40px; width: 39.6449%;\"><\/td>\n<td style=\"height: 40px; width: 19.645%; text-align: center;\"><\/td>\n<td style=\"height: 40px; width: 6.50888%; text-align: center;\"><\/td>\n<td style=\"height: 40px; width: 7.21894%; text-align: center;\"><\/td>\n<td style=\"height: 40px; width: 7.75858%; text-align: center;\"><\/td>\n<td style=\"height: 40px; width: 18.8686%; text-align: center;\"><\/td>\n<\/tr>\n<tr style=\"border-style: groove; border-color: #b49ad1;\">\n<td style=\"height: 48px; width: 39.6449%;\"><\/td>\n<td style=\"height: 48px; width: 19.645%; text-align: center;\"><\/td>\n<td style=\"height: 48px; width: 6.50888%; text-align: center;\"><\/td>\n<td style=\"height: 48px; width: 7.21894%; text-align: center;\"><\/td>\n<td style=\"height: 48px; width: 7.75858%; text-align: center;\"><\/td>\n<td style=\"height: 48px; width: 18.8686%; text-align: center;\"><\/td>\n<\/tr>\n<\/tbody>\n<\/table>\n","protected":false},"excerpt":{"rendered":"<p>Actividades formativas propias<\/p>\n","protected":false},"author":1,"featured_media":1623,"parent":672,"menu_order":7,"comment_status":"closed","ping_status":"closed","template":"","meta":{"footnotes":""},"class_list":["post-1620","page","type-page","status-publish","has-post-thumbnail","hentry"],"_links":{"self":[{"href":"https:\/\/igualdad.us.es\/wpblog\/wp-json\/wp\/v2\/pages\/1620","targetHints":{"allow":["GET"]}}],"collection":[{"href":"https:\/\/igualdad.us.es\/wpblog\/wp-json\/wp\/v2\/pages"}],"about":[{"href":"https:\/\/igualdad.us.es\/wpblog\/wp-json\/wp\/v2\/types\/page"}],"author":[{"embeddable":true,"href":"https:\/\/igualdad.us.es\/wpblog\/wp-json\/wp\/v2\/users\/1"}],"replies":[{"embeddable":true,"href":"https:\/\/igualdad.us.es\/wpblog\/wp-json\/wp\/v2\/comments?post=1620"}],"version-history":[{"count":60,"href":"https:\/\/igualdad.us.es\/wpblog\/wp-json\/wp\/v2\/pages\/1620\/revisions"}],"predecessor-version":[{"id":9588,"href":"https:\/\/igualdad.us.es\/wpblog\/wp-json\/wp\/v2\/pages\/1620\/revisions\/9588"}],"up":[{"embeddable":true,"href":"https:\/\/igualdad.us.es\/wpblog\/wp-json\/wp\/v2\/pages\/672"}],"wp:featuredmedia":[{"embeddable":true,"href":"https:\/\/igualdad.us.es\/wpblog\/wp-json\/wp\/v2\/media\/1623"}],"wp:attachment":[{"href":"https:\/\/igualdad.us.es\/wpblog\/wp-json\/wp\/v2\/media?parent=1620"}],"curies":[{"name":"wp","href":"https:\/\/api.w.org\/{rel}","templated":true}]}}