{"id":1435,"date":"2018-07-18T09:24:45","date_gmt":"2018-07-18T09:24:45","guid":{"rendered":"http:\/\/igualdad.us.es\/wpblog\/?page_id=1435"},"modified":"2018-07-18T09:24:45","modified_gmt":"2018-07-18T09:24:45","slug":"wangari-maathai","status":"publish","type":"page","link":"https:\/\/igualdad.us.es\/wpblog\/mujeres-destacadas\/wangari-maathai\/","title":{"rendered":"Wangari Maathai"},"content":{"rendered":"<p class=\"selectionShareable\" style=\"text-align: justify;\"><span style=\"color: #993366;\"><b>Wangari Maathai (1940-2011)<\/b><\/span><\/p>\n<p style=\"text-align: justify;\">Logr\u00f3 aunar medio ambiente, feminismo y derechos humanos en su lucha. En 1977 fund\u00f3 el Movimiento Cintur\u00f3n Verde, gestionado por mujeres, para frenar la deforestaci\u00f3n que estaba sufriendo su pa\u00eds, y que ha conseguido plantar 47 millones de \u00e1rboles. Fue nombrada ministra asistente de Medio Ambiente. En 2004 le concedieron el Premio Nobel de la Paz por su contribuci\u00f3n al desarrollo sostenible, la democracia y la paz.<\/p>\n<p style=\"text-align: justify;\"><a href=\"https:\/\/igualdad.us.es\/wpblog\/?page_id=910\"><span style=\"color: #993366;\">\u21b5 Volver<\/span><\/a><\/p>\n","protected":false},"excerpt":{"rendered":"<p>Activista feminista por el medioambiente y Premio Nobel de la Paz<\/p>\n","protected":false},"author":1,"featured_media":1436,"parent":910,"menu_order":0,"comment_status":"closed","ping_status":"closed","template":"","meta":{"footnotes":""},"class_list":["post-1435","page","type-page","status-publish","has-post-thumbnail","hentry"],"_links":{"self":[{"href":"https:\/\/igualdad.us.es\/wpblog\/wp-json\/wp\/v2\/pages\/1435","targetHints":{"allow":["GET"]}}],"collection":[{"href":"https:\/\/igualdad.us.es\/wpblog\/wp-json\/wp\/v2\/pages"}],"about":[{"href":"https:\/\/igualdad.us.es\/wpblog\/wp-json\/wp\/v2\/types\/page"}],"author":[{"embeddable":true,"href":"https:\/\/igualdad.us.es\/wpblog\/wp-json\/wp\/v2\/users\/1"}],"replies":[{"embeddable":true,"href":"https:\/\/igualdad.us.es\/wpblog\/wp-json\/wp\/v2\/comments?post=1435"}],"version-history":[{"count":1,"href":"https:\/\/igualdad.us.es\/wpblog\/wp-json\/wp\/v2\/pages\/1435\/revisions"}],"predecessor-version":[{"id":1437,"href":"https:\/\/igualdad.us.es\/wpblog\/wp-json\/wp\/v2\/pages\/1435\/revisions\/1437"}],"up":[{"embeddable":true,"href":"https:\/\/igualdad.us.es\/wpblog\/wp-json\/wp\/v2\/pages\/910"}],"wp:featuredmedia":[{"embeddable":true,"href":"https:\/\/igualdad.us.es\/wpblog\/wp-json\/wp\/v2\/media\/1436"}],"wp:attachment":[{"href":"https:\/\/igualdad.us.es\/wpblog\/wp-json\/wp\/v2\/media?parent=1435"}],"curies":[{"name":"wp","href":"https:\/\/api.w.org\/{rel}","templated":true}]}}