{"id":1422,"date":"2018-07-18T09:05:54","date_gmt":"2018-07-18T09:05:54","guid":{"rendered":"http:\/\/igualdad.us.es\/wpblog\/?page_id=1422"},"modified":"2018-07-18T09:07:25","modified_gmt":"2018-07-18T09:07:25","slug":"estefania-matesanz-romero","status":"publish","type":"page","link":"https:\/\/igualdad.us.es\/wpblog\/mujeres-destacadas\/estefania-matesanz-romero\/","title":{"rendered":"Estefan\u00eda Matesanz Romero"},"content":{"rendered":"<p class=\"selectionShareable\"><span style=\"color: #993366;\"><b>Estefan\u00eda Matesanz Romero (1980)<\/b><\/span><\/p>\n<p style=\"text-align: justify;\">Ingeniera aeron\u00e1utica por la Universidad Polit\u00e9cnica de Madrid y PDD por el IESE Universidad de Navarra. Inici\u00f3 su actividad laboral en el sector de la construcci\u00f3n aeroportuaria, tanto realizando proyectos como ejecutando obras.<\/p>\n<p style=\"text-align: justify;\">Ha ejercido diferentes puestos en Airbus Helicopters, Eurocopter, Swiftair y Pullmantur Air. En la actualidad es presidenta de la Asociaci\u00f3n de Ingenieros Aeron\u00e1uticos de Espa\u00f1a (AIAE) y decana del Colegio Oficial de Ingenieros Aeron\u00e1uticos (COIAE), siendo la primera mujer en ejercer el cargo y la m\u00e1s joven. Tambi\u00e9n desempe\u00f1a el cargo de Directora de Calidad de Operaciones de FAL&amp;MRO en Airbus Defence &amp; Space.<\/p>\n<p style=\"text-align: justify;\">En 2017 fue galardonada con el premio \u2018Mujer a seguir\u2019 en la categor\u00eda de Ciencia y Tecnolog\u00eda.<\/p>\n<p><a href=\"https:\/\/igualdad.us.es\/wpblog\/?page_id=910\"><span style=\"color: #993366;\">\u21b5 Volver<\/span><\/a><\/p>\n","protected":false},"excerpt":{"rendered":"<p>Ingeniera aeron\u00e1utica y decana del Colegio Oficial de Ingenieros Aeron\u00e1uticos de Espa\u00f1a<\/p>\n","protected":false},"author":1,"featured_media":1426,"parent":910,"menu_order":0,"comment_status":"closed","ping_status":"closed","template":"","meta":{"footnotes":""},"class_list":["post-1422","page","type-page","status-publish","has-post-thumbnail","hentry"],"_links":{"self":[{"href":"https:\/\/igualdad.us.es\/wpblog\/wp-json\/wp\/v2\/pages\/1422","targetHints":{"allow":["GET"]}}],"collection":[{"href":"https:\/\/igualdad.us.es\/wpblog\/wp-json\/wp\/v2\/pages"}],"about":[{"href":"https:\/\/igualdad.us.es\/wpblog\/wp-json\/wp\/v2\/types\/page"}],"author":[{"embeddable":true,"href":"https:\/\/igualdad.us.es\/wpblog\/wp-json\/wp\/v2\/users\/1"}],"replies":[{"embeddable":true,"href":"https:\/\/igualdad.us.es\/wpblog\/wp-json\/wp\/v2\/comments?post=1422"}],"version-history":[{"count":1,"href":"https:\/\/igualdad.us.es\/wpblog\/wp-json\/wp\/v2\/pages\/1422\/revisions"}],"predecessor-version":[{"id":1424,"href":"https:\/\/igualdad.us.es\/wpblog\/wp-json\/wp\/v2\/pages\/1422\/revisions\/1424"}],"up":[{"embeddable":true,"href":"https:\/\/igualdad.us.es\/wpblog\/wp-json\/wp\/v2\/pages\/910"}],"wp:featuredmedia":[{"embeddable":true,"href":"https:\/\/igualdad.us.es\/wpblog\/wp-json\/wp\/v2\/media\/1426"}],"wp:attachment":[{"href":"https:\/\/igualdad.us.es\/wpblog\/wp-json\/wp\/v2\/media?parent=1422"}],"curies":[{"name":"wp","href":"https:\/\/api.w.org\/{rel}","templated":true}]}}