{"id":1402,"date":"2018-07-18T08:43:37","date_gmt":"2018-07-18T08:43:37","guid":{"rendered":"http:\/\/igualdad.us.es\/wpblog\/?page_id=1402"},"modified":"2018-07-18T08:43:37","modified_gmt":"2018-07-18T08:43:37","slug":"christiana-figueres-olsen","status":"publish","type":"page","link":"https:\/\/igualdad.us.es\/wpblog\/mujeres-destacadas\/christiana-figueres-olsen\/","title":{"rendered":"Christiana Figueres Olsen"},"content":{"rendered":"<p class=\"selectionShareable\"><span style=\"color: #993366;\"><b><strong>Christiana Figueres<\/strong> Olsen (1956)<\/b><\/span><\/p>\n<p>Comenz\u00f3 su carrera pol\u00edtica siendo Ministra Consejera de la Embajada de Costa Rica en Bonn, Alemania (1982-1985), siendo galardonada con la Gran Cruz de Honor al M\u00e9rito, por su destacado desempe\u00f1o en las relaciones bilaterales. Fue Directora de Cooperaci\u00f3n Internacional del Ministerio de Planificaci\u00f3n de Costa Rica (1987) y nombrada Jefe de Gabinete del Ministerio de Agricultura de dicho pa\u00eds (1988).<\/p>\n<p>&nbsp;<\/p>\n<p>Fund\u00f3 la ONG sin fines de lucro Centro para el Desarrollo Sostenible en las Am\u00e9ricas (1995), de la cual fue directora durante ocho a\u00f1os. Ha participado activamente tanto dentro de la Convenci\u00f3n Marco de las Naciones Unidas sobre el Cambio Clim\u00e1tico (CMNUCC) y como del Protocolo de Kyoto, siendo miembro del equipo de negociaci\u00f3n de Costa Rica (1995). Su conocimiento la llev\u00f3 a colaborar en el dise\u00f1o de los principales programas nacionales de algunos pa\u00edses de Latinoam\u00e9rica para enfrentar el cambio clim\u00e1tico, incentivando la participaci\u00f3n activa de la regi\u00f3n en la CMNUCC, lo que la llev\u00f3 a ser electa Vicepresidenta de la misma (2008-2009) y luego Secretaria Ejecutiva (2010). Previamente, represent\u00f3 a Am\u00e9rica Latina y el Caribe en la Junta Directiva del Mecanismo de Desarrollo Limpio (2007).<\/p>\n<p>Adem\u00e1s, fue miembro de Amigos del Presidente que negociaron el Plan de Acci\u00f3n de Bali para la cooperaci\u00f3n a largo plazo de todas las naciones (2007); Copresidenta del Grupo de Contacto sobre Directrices al Mecanismo de Desarrollo Limpio en las Conferencias de las Partes de Nairobi (2006), de Poznan (2008) y de Copenhague (2009); y Copresidenta del Grupo de Contacto sobre mecanismos de flexibilidad para el r\u00e9gimen post 2012 en Bonn, en Accra, Ghana y Poznan (2008).<\/p>\n<p>Actualmente es asesora principal de cambio clim\u00e1tica para ENDESA Latinoam\u00e9rica y Vicepresidenta del Comit\u00e9 Superior de la Agencia de Evaluaci\u00f3n de Riesgo en proyectos de carbono.<\/p>\n<p>Recibi\u00f3 el Premio H\u00e9roe del Planeta de la National Geographic (2001) en reconocimiento a su liderazgo internacional en energ\u00eda limpia y sostenible y cambio clim\u00e1tico. Fue nombrada como una de las \u201c100 personas m\u00e1s influyentes del mundo\u201d por la Revista Time (2016) y se le otorg\u00f3 el Premio Guayac\u00e1n (2016) del Ministerio de Ambiente y Energ\u00eda de Costa Rica por su lucha contra el cambio clim\u00e1tico.<\/p>\n<p><a href=\"https:\/\/igualdad.us.es\/wpblog\/?page_id=910\"><span style=\"color: #993366;\">\u21b5 Volver<\/span><\/a><\/p>\n","protected":false},"excerpt":{"rendered":"<p>Antrop\u00f3loga, defensora del medioambiente y candidata a secretar\u00eda general de las Naciones Unidas<\/p>\n","protected":false},"author":1,"featured_media":1404,"parent":910,"menu_order":0,"comment_status":"closed","ping_status":"closed","template":"","meta":{"footnotes":""},"class_list":["post-1402","page","type-page","status-publish","has-post-thumbnail","hentry"],"_links":{"self":[{"href":"https:\/\/igualdad.us.es\/wpblog\/wp-json\/wp\/v2\/pages\/1402","targetHints":{"allow":["GET"]}}],"collection":[{"href":"https:\/\/igualdad.us.es\/wpblog\/wp-json\/wp\/v2\/pages"}],"about":[{"href":"https:\/\/igualdad.us.es\/wpblog\/wp-json\/wp\/v2\/types\/page"}],"author":[{"embeddable":true,"href":"https:\/\/igualdad.us.es\/wpblog\/wp-json\/wp\/v2\/users\/1"}],"replies":[{"embeddable":true,"href":"https:\/\/igualdad.us.es\/wpblog\/wp-json\/wp\/v2\/comments?post=1402"}],"version-history":[{"count":1,"href":"https:\/\/igualdad.us.es\/wpblog\/wp-json\/wp\/v2\/pages\/1402\/revisions"}],"predecessor-version":[{"id":1405,"href":"https:\/\/igualdad.us.es\/wpblog\/wp-json\/wp\/v2\/pages\/1402\/revisions\/1405"}],"up":[{"embeddable":true,"href":"https:\/\/igualdad.us.es\/wpblog\/wp-json\/wp\/v2\/pages\/910"}],"wp:featuredmedia":[{"embeddable":true,"href":"https:\/\/igualdad.us.es\/wpblog\/wp-json\/wp\/v2\/media\/1404"}],"wp:attachment":[{"href":"https:\/\/igualdad.us.es\/wpblog\/wp-json\/wp\/v2\/media?parent=1402"}],"curies":[{"name":"wp","href":"https:\/\/api.w.org\/{rel}","templated":true}]}}