{"id":1386,"date":"2018-07-13T10:30:51","date_gmt":"2018-07-13T10:30:51","guid":{"rendered":"http:\/\/igualdad.us.es\/wpblog\/?page_id=1386"},"modified":"2018-07-13T10:30:51","modified_gmt":"2018-07-13T10:30:51","slug":"erika-irusta","status":"publish","type":"page","link":"https:\/\/igualdad.us.es\/wpblog\/mujeres-destacadas\/erika-irusta\/","title":{"rendered":"Erika Irusta"},"content":{"rendered":"<p class=\"selectionShareable\"><span style=\"color: #993366;\"><b>Erika Irusta (1983)<\/b><\/span><\/p>\n<p>Estudi\u00f3 Pedagog\u00eda en la Universidad de Deusto, realiz\u00f3 la formaci\u00f3n de doula en Barcelona y es m\u00e1ster en Estudios de Libertad Femenina del Centro de Investigaci\u00f3n de Duoda.<\/p>\n<p>Su trabajo se centra en facilitar espacios educativos para cuestionar, investigar y resignificar la experiencia del ciclo menstrual, desde un enfoque cient\u00edfico, antropol\u00f3gico, sociol\u00f3gico, filos\u00f3fico y feminista. Es cr\u00edtica con la inexistencia de lugares acad\u00e9micos donde especializarse en ciclo menstrual ni en los efectos de las hormonas de los cuerpos menstruantes desde un enfoque biopsicosocial con perspectiva de g\u00e9nero.<\/p>\n<p>Desde el 2010, su investigaci\u00f3n incorpora sus propias experiencias y las experiencias de otras menstruantes a trav\u00e9s de las pr\u00e1cticas actualizadas de body literacy y self-care, heredadas de las feministas de los a\u00f1os \u201970 que lucharon por los derechos sexuales y reproductivos actuales.<\/p>\n<p>Actualmente, es miembro de la Society for Menstrual Cycle Research de EEUU, donde comparte e investiga junto a profesionales de la salud de las mujeres, investigadoras de diversas disciplinas y activistas menstruales de todo el mundo.<\/p>\n<p><a href=\"https:\/\/igualdad.us.es\/wpblog\/?page_id=910\"><span style=\"color: #993366;\">\u21b5 Volver<\/span><\/a><\/p>\n","protected":false},"excerpt":{"rendered":"<p>Pedagoga menstrual y miembro de la Society for Menstrual Cycle Research de EEUU<\/p>\n","protected":false},"author":1,"featured_media":1387,"parent":910,"menu_order":0,"comment_status":"closed","ping_status":"closed","template":"","meta":{"footnotes":""},"class_list":["post-1386","page","type-page","status-publish","has-post-thumbnail","hentry"],"_links":{"self":[{"href":"https:\/\/igualdad.us.es\/wpblog\/wp-json\/wp\/v2\/pages\/1386","targetHints":{"allow":["GET"]}}],"collection":[{"href":"https:\/\/igualdad.us.es\/wpblog\/wp-json\/wp\/v2\/pages"}],"about":[{"href":"https:\/\/igualdad.us.es\/wpblog\/wp-json\/wp\/v2\/types\/page"}],"author":[{"embeddable":true,"href":"https:\/\/igualdad.us.es\/wpblog\/wp-json\/wp\/v2\/users\/1"}],"replies":[{"embeddable":true,"href":"https:\/\/igualdad.us.es\/wpblog\/wp-json\/wp\/v2\/comments?post=1386"}],"version-history":[{"count":1,"href":"https:\/\/igualdad.us.es\/wpblog\/wp-json\/wp\/v2\/pages\/1386\/revisions"}],"predecessor-version":[{"id":1388,"href":"https:\/\/igualdad.us.es\/wpblog\/wp-json\/wp\/v2\/pages\/1386\/revisions\/1388"}],"up":[{"embeddable":true,"href":"https:\/\/igualdad.us.es\/wpblog\/wp-json\/wp\/v2\/pages\/910"}],"wp:featuredmedia":[{"embeddable":true,"href":"https:\/\/igualdad.us.es\/wpblog\/wp-json\/wp\/v2\/media\/1387"}],"wp:attachment":[{"href":"https:\/\/igualdad.us.es\/wpblog\/wp-json\/wp\/v2\/media?parent=1386"}],"curies":[{"name":"wp","href":"https:\/\/api.w.org\/{rel}","templated":true}]}}