{"id":1368,"date":"2018-07-11T10:47:00","date_gmt":"2018-07-11T10:47:00","guid":{"rendered":"http:\/\/igualdad.us.es\/wpblog\/?page_id=1368"},"modified":"2018-07-11T10:49:38","modified_gmt":"2018-07-11T10:49:38","slug":"patri-tezanos","status":"publish","type":"page","link":"https:\/\/igualdad.us.es\/wpblog\/mujeres-destacadas\/patri-tezanos\/","title":{"rendered":"Patri Tezanos"},"content":{"rendered":"<p style=\"text-align: justify;\"><span style=\"color: #993366;\">Patri Tezanos (1989)<\/span><\/p>\n<p>Licenciada en Ciencias de la Comunicaci\u00f3n por la Universidad Rey Juan Carlos,\u00a0 graduada en Psicolog\u00eda por la UNED y M\u00e1ster en Neurociencia por la Universidad Aut\u00f3noma de Madrid.<\/p>\n<p>Ha sido responsable de arte en Darix Studios y ZonaRetiro, responsable t\u00e9cnica y creativa\u00a0 de comunicaci\u00f3n en ROAN Asesoramiento Inmobiliario, gestora de comunidades y comunicaci\u00f3n on-line de 2conleche, creadora de contenido en Online Musketeers, social media manager en SensaCine, redactora de contenidos divulgativos en Generaci\u00f3n Elsevier y fundadora del proyecto Antroporama.net sobre el ser humano desde la perspectiva de la neurociencia, psicolog\u00eda, biolog\u00eda, sociolog\u00eda y antropolog\u00eda.<\/p>\n<p>Gestiona un canal de YouTube en el que difunde los contenidos de Antroporama que puede visitar <a href=\"https:\/\/www.youtube.com\/channel\/UCGKzjVZGdJ0YmUqg42xfO5w\/videos\" target=\"_blank\" rel=\"noopener\">aqu\u00ed<\/a><\/p>\n<p><a href=\"https:\/\/igualdad.us.es\/wpblog\/?page_id=910\"><span style=\"color: #993366;\">\u21b5 Volver<\/span><\/a><\/p>\n","protected":false},"excerpt":{"rendered":"<p>Licenciada en Comunicaci\u00f3n, psic\u00f3loga, m\u00e1ster en Neurociencia y youtuber de divulgaci\u00f3n cient\u00edfica<\/p>\n","protected":false},"author":1,"featured_media":1372,"parent":910,"menu_order":0,"comment_status":"closed","ping_status":"closed","template":"","meta":{"footnotes":""},"class_list":["post-1368","page","type-page","status-publish","has-post-thumbnail","hentry"],"_links":{"self":[{"href":"https:\/\/igualdad.us.es\/wpblog\/wp-json\/wp\/v2\/pages\/1368","targetHints":{"allow":["GET"]}}],"collection":[{"href":"https:\/\/igualdad.us.es\/wpblog\/wp-json\/wp\/v2\/pages"}],"about":[{"href":"https:\/\/igualdad.us.es\/wpblog\/wp-json\/wp\/v2\/types\/page"}],"author":[{"embeddable":true,"href":"https:\/\/igualdad.us.es\/wpblog\/wp-json\/wp\/v2\/users\/1"}],"replies":[{"embeddable":true,"href":"https:\/\/igualdad.us.es\/wpblog\/wp-json\/wp\/v2\/comments?post=1368"}],"version-history":[{"count":1,"href":"https:\/\/igualdad.us.es\/wpblog\/wp-json\/wp\/v2\/pages\/1368\/revisions"}],"predecessor-version":[{"id":1370,"href":"https:\/\/igualdad.us.es\/wpblog\/wp-json\/wp\/v2\/pages\/1368\/revisions\/1370"}],"up":[{"embeddable":true,"href":"https:\/\/igualdad.us.es\/wpblog\/wp-json\/wp\/v2\/pages\/910"}],"wp:featuredmedia":[{"embeddable":true,"href":"https:\/\/igualdad.us.es\/wpblog\/wp-json\/wp\/v2\/media\/1372"}],"wp:attachment":[{"href":"https:\/\/igualdad.us.es\/wpblog\/wp-json\/wp\/v2\/media?parent=1368"}],"curies":[{"name":"wp","href":"https:\/\/api.w.org\/{rel}","templated":true}]}}