{"id":1356,"date":"2018-07-11T10:30:28","date_gmt":"2018-07-11T10:30:28","guid":{"rendered":"http:\/\/igualdad.us.es\/wpblog\/?page_id=1356"},"modified":"2018-07-11T10:30:28","modified_gmt":"2018-07-11T10:30:28","slug":"josefa-masegosa-gallego","status":"publish","type":"page","link":"https:\/\/igualdad.us.es\/wpblog\/mujeres-destacadas\/josefa-masegosa-gallego\/","title":{"rendered":"Josefa Masegosa Gallego"},"content":{"rendered":"<p style=\"text-align: justify;\"><span style=\"color: #993366;\">Josefa Masegosa Gallego (1957)<\/span><\/p>\n<p>Josefa Masegosa Gallego es doctora en Ciencias F\u00edsicas por la Universidad de Granada. En la actualidad es investigadora cient\u00edfica del Consejo Superior de Investigaciones Cient\u00edficas en el Instituto de Astrof\u00edsica de Andaluc\u00eda. Sus investigaciones se han centrado fundamentalmente en la \u201cformaci\u00f3n estelar intensa\u201d y la \u201cactividad nuclear en galaxias\u201d.<\/p>\n<p>Hasta hace poco fue Presidenta de la Asociaci\u00f3n de Mujeres Investigadoras y Tecn\u00f3logas. Su actividad profesional se divide entre la Astrof\u00edsica y los estudios de Mujeres y Ciencia.<\/p>\n<p><a href=\"https:\/\/igualdad.us.es\/wpblog\/?page_id=910\"><span style=\"color: #993366;\">\u21b5 Volver<\/span><\/a><\/p>\n","protected":false},"excerpt":{"rendered":"<p>Astrof\u00edsica y realiza estudios sobre Mujeres y Ciencia<\/p>\n","protected":false},"author":1,"featured_media":1357,"parent":910,"menu_order":0,"comment_status":"closed","ping_status":"closed","template":"","meta":{"footnotes":""},"class_list":["post-1356","page","type-page","status-publish","has-post-thumbnail","hentry"],"_links":{"self":[{"href":"https:\/\/igualdad.us.es\/wpblog\/wp-json\/wp\/v2\/pages\/1356","targetHints":{"allow":["GET"]}}],"collection":[{"href":"https:\/\/igualdad.us.es\/wpblog\/wp-json\/wp\/v2\/pages"}],"about":[{"href":"https:\/\/igualdad.us.es\/wpblog\/wp-json\/wp\/v2\/types\/page"}],"author":[{"embeddable":true,"href":"https:\/\/igualdad.us.es\/wpblog\/wp-json\/wp\/v2\/users\/1"}],"replies":[{"embeddable":true,"href":"https:\/\/igualdad.us.es\/wpblog\/wp-json\/wp\/v2\/comments?post=1356"}],"version-history":[{"count":1,"href":"https:\/\/igualdad.us.es\/wpblog\/wp-json\/wp\/v2\/pages\/1356\/revisions"}],"predecessor-version":[{"id":1358,"href":"https:\/\/igualdad.us.es\/wpblog\/wp-json\/wp\/v2\/pages\/1356\/revisions\/1358"}],"up":[{"embeddable":true,"href":"https:\/\/igualdad.us.es\/wpblog\/wp-json\/wp\/v2\/pages\/910"}],"wp:featuredmedia":[{"embeddable":true,"href":"https:\/\/igualdad.us.es\/wpblog\/wp-json\/wp\/v2\/media\/1357"}],"wp:attachment":[{"href":"https:\/\/igualdad.us.es\/wpblog\/wp-json\/wp\/v2\/media?parent=1356"}],"curies":[{"name":"wp","href":"https:\/\/api.w.org\/{rel}","templated":true}]}}