{"id":1346,"date":"2018-07-11T09:54:04","date_gmt":"2018-07-11T09:54:04","guid":{"rendered":"http:\/\/igualdad.us.es\/wpblog\/?page_id=1346"},"modified":"2018-07-11T09:54:04","modified_gmt":"2018-07-11T09:54:04","slug":"maria-blasco-marhuenda","status":"publish","type":"page","link":"https:\/\/igualdad.us.es\/wpblog\/mujeres-destacadas\/maria-blasco-marhuenda\/","title":{"rendered":"Mar\u00eda Blasco Marhuenda"},"content":{"rendered":"<p style=\"text-align: justify;\"><span style=\"color: #993366;\">Mar\u00eda Blasco Marhuenda (1965)<\/span><\/p>\n<p>Licenciada en Ciencias Biol\u00f3gicas por la Universidad Aut\u00f3noma de Madrid y doctora en Bioqu\u00edmica y Biolog\u00eda Molecular por la misma universidad. En 1993 se traslada a Nueva York a trabajar en una investigaci\u00f3n postdoctoral en el laboratorio de la Dra. Carol Greider en el Cold Spring Harbor Laboratory. Luego, en 1997, se incorpora como jefa de grupo del Consejo Superior de Investigaci\u00f3n Cient\u00edfica en el Departamento de Inmunolog\u00eda y Oncolog\u00eda, Centro Nacional de Biotecnolog\u00eda en Madrid. El 2003 ingresa al Centro Nacional de Investigaciones Oncol\u00f3gicas (CNIO), donde fue Directora del Programa de Oncolog\u00eda Molecular hasta el 2011. Adem\u00e1s, es fundadora de la empresa de biotecnolog\u00eda Life Length, que explota comercialmente la tecnolog\u00eda que permite medir los tel\u00f3meros y la previsi\u00f3n de divisi\u00f3n celular, y, por tanto, la esperanza de vida individual. Actualmente es directora del CNIO.<\/p>\n<p><a href=\"https:\/\/igualdad.us.es\/wpblog\/?page_id=910\"><span style=\"color: #993366;\">\u21b5 Volver<\/span><\/a><\/p>\n","protected":false},"excerpt":{"rendered":"<p>Bi\u00f3loga molecular, empresaria y directora del Centro Nacional de Investigaciones Oncol\u00f3gicas<\/p>\n","protected":false},"author":1,"featured_media":1348,"parent":910,"menu_order":0,"comment_status":"closed","ping_status":"closed","template":"","meta":{"footnotes":""},"class_list":["post-1346","page","type-page","status-publish","has-post-thumbnail","hentry"],"_links":{"self":[{"href":"https:\/\/igualdad.us.es\/wpblog\/wp-json\/wp\/v2\/pages\/1346","targetHints":{"allow":["GET"]}}],"collection":[{"href":"https:\/\/igualdad.us.es\/wpblog\/wp-json\/wp\/v2\/pages"}],"about":[{"href":"https:\/\/igualdad.us.es\/wpblog\/wp-json\/wp\/v2\/types\/page"}],"author":[{"embeddable":true,"href":"https:\/\/igualdad.us.es\/wpblog\/wp-json\/wp\/v2\/users\/1"}],"replies":[{"embeddable":true,"href":"https:\/\/igualdad.us.es\/wpblog\/wp-json\/wp\/v2\/comments?post=1346"}],"version-history":[{"count":1,"href":"https:\/\/igualdad.us.es\/wpblog\/wp-json\/wp\/v2\/pages\/1346\/revisions"}],"predecessor-version":[{"id":1349,"href":"https:\/\/igualdad.us.es\/wpblog\/wp-json\/wp\/v2\/pages\/1346\/revisions\/1349"}],"up":[{"embeddable":true,"href":"https:\/\/igualdad.us.es\/wpblog\/wp-json\/wp\/v2\/pages\/910"}],"wp:featuredmedia":[{"embeddable":true,"href":"https:\/\/igualdad.us.es\/wpblog\/wp-json\/wp\/v2\/media\/1348"}],"wp:attachment":[{"href":"https:\/\/igualdad.us.es\/wpblog\/wp-json\/wp\/v2\/media?parent=1346"}],"curies":[{"name":"wp","href":"https:\/\/api.w.org\/{rel}","templated":true}]}}