{"id":1342,"date":"2018-07-11T09:49:12","date_gmt":"2018-07-11T09:49:12","guid":{"rendered":"http:\/\/igualdad.us.es\/wpblog\/?page_id=1342"},"modified":"2018-07-11T09:49:12","modified_gmt":"2018-07-11T09:49:12","slug":"lita-cabellut","status":"publish","type":"page","link":"https:\/\/igualdad.us.es\/wpblog\/mujeres-destacadas\/lita-cabellut\/","title":{"rendered":"Lita Cabellut"},"content":{"rendered":"<p style=\"text-align: justify;\"><span style=\"color: #993366;\">Lita Cabellut (1961)<\/span><\/p>\n<p>Descubri\u00f3 su vocaci\u00f3n por la pintura en una visita al Museo del Prado. La dislexia que padec\u00eda no le impidi\u00f3 seguir su vocaci\u00f3n de artista, form\u00e1ndose en un principio con profesores particulares hasta que obtuvo una beca para estudiar en la Gerrit Rietveld Academy en \u00c1msterdam entre los a\u00f1os 1982 y 1984. En ese per\u00edodo sus principales influencias fueron los grandes maestros holandeses y defini\u00f3 su estilo, caracterizado por el uso de lienzos a gran escala y una variaci\u00f3n de la t\u00e9cnica del fresco.<\/p>\n<p>Adem\u00e1s de la pintura en \u00f3leo sobre lienzo, Lita Cabellut realiza dibujos, esculturas de papel, fotograf\u00edas, poes\u00edas, poemas visuales y v\u00eddeos. Tambi\u00e9n tiene un fuerte compromiso con la infancia, colectivo al que sostiene econ\u00f3micamente a trav\u00e9s de la fundaci\u00f3n Arnive.<\/p>\n<p>En 2011 fue galardonada con el Premio de Cultura Gitana de Pintura y Artes Pl\u00e1sticas por el Instituto de Cultura Gitana. Su obra ha sido expuesta en ciudades como Nueva York, Dub\u00e1i, Miami, Singapur, Hong Kong, Londres, Par\u00eds, Venecia, M\u00f3naco y Se\u00fal.<\/p>\n<p>&nbsp;<\/p>\n<p><a href=\"https:\/\/igualdad.us.es\/wpblog\/?page_id=910\"><span style=\"color: #993366;\">\u21b5 Volver<\/span><\/a><\/p>\n","protected":false},"excerpt":{"rendered":"<p>Artista multidisciplinar y Premio de Cultura Gitana de Pintura y Artes Pl\u00e1sticas por el Instituto de Cultura Gitana<\/p>\n","protected":false},"author":1,"featured_media":1343,"parent":910,"menu_order":0,"comment_status":"closed","ping_status":"closed","template":"","meta":{"footnotes":""},"class_list":["post-1342","page","type-page","status-publish","has-post-thumbnail","hentry"],"_links":{"self":[{"href":"https:\/\/igualdad.us.es\/wpblog\/wp-json\/wp\/v2\/pages\/1342","targetHints":{"allow":["GET"]}}],"collection":[{"href":"https:\/\/igualdad.us.es\/wpblog\/wp-json\/wp\/v2\/pages"}],"about":[{"href":"https:\/\/igualdad.us.es\/wpblog\/wp-json\/wp\/v2\/types\/page"}],"author":[{"embeddable":true,"href":"https:\/\/igualdad.us.es\/wpblog\/wp-json\/wp\/v2\/users\/1"}],"replies":[{"embeddable":true,"href":"https:\/\/igualdad.us.es\/wpblog\/wp-json\/wp\/v2\/comments?post=1342"}],"version-history":[{"count":1,"href":"https:\/\/igualdad.us.es\/wpblog\/wp-json\/wp\/v2\/pages\/1342\/revisions"}],"predecessor-version":[{"id":1344,"href":"https:\/\/igualdad.us.es\/wpblog\/wp-json\/wp\/v2\/pages\/1342\/revisions\/1344"}],"up":[{"embeddable":true,"href":"https:\/\/igualdad.us.es\/wpblog\/wp-json\/wp\/v2\/pages\/910"}],"wp:featuredmedia":[{"embeddable":true,"href":"https:\/\/igualdad.us.es\/wpblog\/wp-json\/wp\/v2\/media\/1343"}],"wp:attachment":[{"href":"https:\/\/igualdad.us.es\/wpblog\/wp-json\/wp\/v2\/media?parent=1342"}],"curies":[{"name":"wp","href":"https:\/\/api.w.org\/{rel}","templated":true}]}}