{"id":1320,"date":"2018-07-11T09:20:31","date_gmt":"2018-07-11T09:20:31","guid":{"rendered":"http:\/\/igualdad.us.es\/wpblog\/?page_id=1320"},"modified":"2018-07-11T09:20:31","modified_gmt":"2018-07-11T09:20:31","slug":"malala-yousafzai","status":"publish","type":"page","link":"https:\/\/igualdad.us.es\/wpblog\/mujeres-destacadas\/malala-yousafzai\/","title":{"rendered":"Malala Yousafzai"},"content":{"rendered":"<p style=\"text-align: justify;\"><span style=\"color: #993366;\">Malala Yousafzai (1997)<\/span><\/p>\n<p>Es considerada la ganadora del Premio Nobel de la Paz m\u00e1s joven, ya que el premio le fue otorgado a los 17 a\u00f1os en 2014. Es conocida por su activismo a favor de los derechos civiles, especialmente el de las ni\u00f1as y las mujeres a la educaci\u00f3n en la zona del noroeste de Pakist\u00e1n, donde el r\u00e9gimen talib\u00e1n ha prohibido la asistencia de las ni\u00f1as a la escuela. El 9 de octubre de 2012 en Mingora, recibi\u00f3 una bala en la cabeza por defender esta causa. Casi muere en el atentado, pero afortunadamente pudo recuperarse.<\/p>\n<p><a href=\"https:\/\/igualdad.us.es\/wpblog\/?page_id=910\"><span style=\"color: #993366;\">\u21b5 Volver<\/span><\/a><\/p>\n","protected":false},"excerpt":{"rendered":"<p>Activista pro derechos civiles y Premio Nobel de la Paz m\u00e1s joven<\/p>\n","protected":false},"author":1,"featured_media":1321,"parent":910,"menu_order":0,"comment_status":"closed","ping_status":"closed","template":"","meta":{"footnotes":""},"class_list":["post-1320","page","type-page","status-publish","has-post-thumbnail","hentry"],"_links":{"self":[{"href":"https:\/\/igualdad.us.es\/wpblog\/wp-json\/wp\/v2\/pages\/1320","targetHints":{"allow":["GET"]}}],"collection":[{"href":"https:\/\/igualdad.us.es\/wpblog\/wp-json\/wp\/v2\/pages"}],"about":[{"href":"https:\/\/igualdad.us.es\/wpblog\/wp-json\/wp\/v2\/types\/page"}],"author":[{"embeddable":true,"href":"https:\/\/igualdad.us.es\/wpblog\/wp-json\/wp\/v2\/users\/1"}],"replies":[{"embeddable":true,"href":"https:\/\/igualdad.us.es\/wpblog\/wp-json\/wp\/v2\/comments?post=1320"}],"version-history":[{"count":1,"href":"https:\/\/igualdad.us.es\/wpblog\/wp-json\/wp\/v2\/pages\/1320\/revisions"}],"predecessor-version":[{"id":1322,"href":"https:\/\/igualdad.us.es\/wpblog\/wp-json\/wp\/v2\/pages\/1320\/revisions\/1322"}],"up":[{"embeddable":true,"href":"https:\/\/igualdad.us.es\/wpblog\/wp-json\/wp\/v2\/pages\/910"}],"wp:featuredmedia":[{"embeddable":true,"href":"https:\/\/igualdad.us.es\/wpblog\/wp-json\/wp\/v2\/media\/1321"}],"wp:attachment":[{"href":"https:\/\/igualdad.us.es\/wpblog\/wp-json\/wp\/v2\/media?parent=1320"}],"curies":[{"name":"wp","href":"https:\/\/api.w.org\/{rel}","templated":true}]}}