{"id":1313,"date":"2018-07-10T10:42:59","date_gmt":"2018-07-10T10:42:59","guid":{"rendered":"http:\/\/igualdad.us.es\/wpblog\/?page_id=1313"},"modified":"2018-07-11T09:26:00","modified_gmt":"2018-07-11T09:26:00","slug":"kazuyo-sejima","status":"publish","type":"page","link":"https:\/\/igualdad.us.es\/wpblog\/mujeres-destacadas\/kazuyo-sejima\/","title":{"rendered":"Kazuyo Sejima"},"content":{"rendered":"<p class=\"selectionShareable\"><span style=\"color: #993366;\"><b><strong>Kazuyo Sejima<\/strong> (1956)<\/b><\/span><\/p>\n<p>Kazuyo Sejima se interes\u00f3 por la construcci\u00f3n y los materiales siendo muy peque\u00f1a, cuando en una revista observ\u00f3 la imagen de una casa que le impact\u00f3 por sus vol\u00famenes y forma de elevarse. Con ocho a\u00f1os realiz\u00f3 dibujos que ofreci\u00f3 a sus padres como propuesta, ya que quer\u00edan hacerse una casa.<\/p>\n<p>Se gradu\u00f3 en 1981 en la Universidad de Mujeres de Jap\u00f3n, entrando a trabajar en el estudio de Toy\u014d It\u014d, uno de los arquitectos m\u00e1s influyentes del mundo, en el mismo a\u00f1o. En 1987 fund\u00f3 su propio estudio llamado Kazuyo Sejima and Associates. En 1995 funda junto a Ry\u016be Nishizawa la firma SANAA, galardonada con el prestigioso Premio Pritzker de Arquitectura en 2010.<\/p>\n<p>En sus proyectos ha tenido gran influencia la arquitectura diagram\u00e1tica, cuyo principal objetivo es liberar a la arquitectura de las limitaciones de representaci\u00f3n y proponer nuevas formas de mediaci\u00f3n entre lo virtual y lo real.<\/p>\n<p>Algunas de sus obras son:<\/p>\n<ul>\n<li>Ampliaci\u00f3n del Instituto Valenciano de Arte Moderno (Valencia, Espa\u00f1a)<\/li>\n<li>Casa en un Huerto de Ciruelos (Tokio, Jap\u00f3n)<\/li>\n<li>Edificio de Christian Dior en Tokio (Jap\u00f3n)<\/li>\n<li>Nuevo Museo de Arte Contempor\u00e1neo de Nueva York (EEUU)<\/li>\n<li>Pabell\u00f3n 2009 para la Serpentine Gallery de Londres (Reino Unido)<\/li>\n<li>Glass Pavilion del Museo de Arte Contempor\u00e1neo de Toledo (EEUU)<\/li>\n<li>Terminal de Transbordadores de Naoshima en Kagawa (Jap\u00f3n)<\/li>\n<li>Escuela de Dise\u00f1o Zollverein en Essen (Alemania)<\/li>\n<li>Museo de Arte Contempor\u00e1neo del Siglo XXI de Kanazawa (Jap\u00f3n)<\/li>\n<\/ul>\n<p><a href=\"https:\/\/igualdad.us.es\/wpblog\/?page_id=910\"><span style=\"color: #993366;\">\u21b5 Volver<\/span><\/a><\/p>\n","protected":false},"excerpt":{"rendered":"<p>Arquit\u00e9cta diagram\u00e1tica y premio Pritzker de Arquitectura <\/p>\n","protected":false},"author":1,"featured_media":1318,"parent":910,"menu_order":0,"comment_status":"closed","ping_status":"closed","template":"","meta":{"footnotes":""},"class_list":["post-1313","page","type-page","status-publish","has-post-thumbnail","hentry"],"_links":{"self":[{"href":"https:\/\/igualdad.us.es\/wpblog\/wp-json\/wp\/v2\/pages\/1313","targetHints":{"allow":["GET"]}}],"collection":[{"href":"https:\/\/igualdad.us.es\/wpblog\/wp-json\/wp\/v2\/pages"}],"about":[{"href":"https:\/\/igualdad.us.es\/wpblog\/wp-json\/wp\/v2\/types\/page"}],"author":[{"embeddable":true,"href":"https:\/\/igualdad.us.es\/wpblog\/wp-json\/wp\/v2\/users\/1"}],"replies":[{"embeddable":true,"href":"https:\/\/igualdad.us.es\/wpblog\/wp-json\/wp\/v2\/comments?post=1313"}],"version-history":[{"count":2,"href":"https:\/\/igualdad.us.es\/wpblog\/wp-json\/wp\/v2\/pages\/1313\/revisions"}],"predecessor-version":[{"id":1328,"href":"https:\/\/igualdad.us.es\/wpblog\/wp-json\/wp\/v2\/pages\/1313\/revisions\/1328"}],"up":[{"embeddable":true,"href":"https:\/\/igualdad.us.es\/wpblog\/wp-json\/wp\/v2\/pages\/910"}],"wp:featuredmedia":[{"embeddable":true,"href":"https:\/\/igualdad.us.es\/wpblog\/wp-json\/wp\/v2\/media\/1318"}],"wp:attachment":[{"href":"https:\/\/igualdad.us.es\/wpblog\/wp-json\/wp\/v2\/media?parent=1313"}],"curies":[{"name":"wp","href":"https:\/\/api.w.org\/{rel}","templated":true}]}}